{"id":910,"date":"2025-04-20T09:18:03","date_gmt":"2025-04-20T12:18:03","guid":{"rendered":"https:\/\/integraltransformator.com\/?page_id=910"},"modified":"2025-04-20T09:18:03","modified_gmt":"2025-04-20T12:18:03","slug":"home-2","status":"publish","type":"page","link":"https:\/\/integraltransformator.com\/index.php\/home-2\/","title":{"rendered":"Home"},"content":{"rendered":"","protected":false},"excerpt":{"rendered":"","protected":false},"author":1,"featured_media":0,"parent":0,"menu_order":0,"comment_status":"closed","ping_status":"closed","template":"templates\/template-frontpage.php","meta":{"om_disable_all_campaigns":false,"_monsterinsights_skip_tracking":false,"_monsterinsights_sitenote_active":false,"_monsterinsights_sitenote_note":"","_monsterinsights_sitenote_category":0,"site-sidebar-layout":"default","site-content-layout":"","ast-site-content-layout":"default","site-content-style":"default","site-sidebar-style":"default","ast-global-header-display":"","ast-banner-title-visibility":"","ast-main-header-display":"","ast-hfb-above-header-display":"","ast-hfb-below-header-display":"","ast-hfb-mobile-header-display":"","site-post-title":"","ast-breadcrumbs-content":"","ast-featured-img":"","footer-sml-layout":"","ast-disable-related-posts":"","theme-transparent-header-meta":"","adv-header-id-meta":"","stick-header-meta":"","header-above-stick-meta":"","header-main-stick-meta":"","header-below-stick-meta":"","astra-migrate-meta-layouts":"default","ast-page-background-enabled":"default","ast-page-background-meta":{"desktop":{"background-color":"","background-image":"","background-repeat":"repeat","background-position":"center center","background-size":"auto","background-attachment":"scroll","background-type":"","background-media":"","overlay-type":"","overlay-color":"","overlay-opacity":"","overlay-gradient":""},"tablet":{"background-color":"","background-image":"","background-repeat":"repeat","background-position":"center center","background-size":"auto","background-attachment":"scroll","background-type":"","background-media":"","overlay-type":"","overlay-color":"","overlay-opacity":"","overlay-gradient":""},"mobile":{"background-color":"","background-image":"","background-repeat":"repeat","background-position":"center center","background-size":"auto","background-attachment":"scroll","background-type":"","background-media":"","overlay-type":"","overlay-color":"","overlay-opacity":"","overlay-gradient":""}},"ast-content-background-meta":{"desktop":{"background-color":"var(--ast-global-color-5)","background-image":"","background-repeat":"repeat","background-position":"center center","background-size":"auto","background-attachment":"scroll","background-type":"","background-media":"","overlay-type":"","overlay-color":"","overlay-opacity":"","overlay-gradient":""},"tablet":{"background-color":"var(--ast-global-color-5)","background-image":"","background-repeat":"repeat","background-position":"center center","background-size":"auto","background-attachment":"scroll","background-type":"","background-media":"","overlay-type":"","overlay-color":"","overlay-opacity":"","overlay-gradient":""},"mobile":{"background-color":"var(--ast-global-color-5)","background-image":"","background-repeat":"repeat","background-position":"center center","background-size":"auto","background-attachment":"scroll","background-type":"","background-media":"","overlay-type":"","overlay-color":"","overlay-opacity":"","overlay-gradient":""}},"footnotes":""},"class_list":["post-910","page","type-page","status-publish","hentry"],"aioseo_notices":[],"yoast_head":"<!-- This site is optimized with the Yoast SEO plugin v27.3 - https:\/\/yoast.com\/product\/yoast-seo-wordpress\/ -->\n<title>Home -<\/title>\n<meta name=\"robots\" content=\"index, follow, max-snippet:-1, max-image-preview:large, max-video-preview:-1\" \/>\n<link rel=\"canonical\" href=\"https:\/\/integraltransformator.com\/index.php\/home-2\/\" \/>\n<meta property=\"og:locale\" content=\"tr_TR\" \/>\n<meta property=\"og:type\" content=\"article\" \/>\n<meta property=\"og:title\" content=\"Home -\" \/>\n<meta property=\"og:url\" content=\"https:\/\/integraltransformator.com\/index.php\/home-2\/\" \/>\n<meta name=\"twitter:card\" content=\"summary_large_image\" \/>\n<script type=\"application\/ld+json\" class=\"yoast-schema-graph\">{\"@context\":\"https:\\\/\\\/schema.org\",\"@graph\":[{\"@type\":\"WebPage\",\"@id\":\"https:\\\/\\\/integraltransformator.com\\\/index.php\\\/home-2\\\/\",\"url\":\"https:\\\/\\\/integraltransformator.com\\\/index.php\\\/home-2\\\/\",\"name\":\"Home -\",\"isPartOf\":{\"@id\":\"https:\\\/\\\/integraltransformator.com\\\/#website\"},\"datePublished\":\"2025-04-20T12:18:03+00:00\",\"breadcrumb\":{\"@id\":\"https:\\\/\\\/integraltransformator.com\\\/index.php\\\/home-2\\\/#breadcrumb\"},\"inLanguage\":\"tr\",\"potentialAction\":[{\"@type\":\"ReadAction\",\"target\":[\"https:\\\/\\\/integraltransformator.com\\\/index.php\\\/home-2\\\/\"]}]},{\"@type\":\"BreadcrumbList\",\"@id\":\"https:\\\/\\\/integraltransformator.com\\\/index.php\\\/home-2\\\/#breadcrumb\",\"itemListElement\":[{\"@type\":\"ListItem\",\"position\":1,\"name\":\"Anasayfa\",\"item\":\"https:\\\/\\\/integraltransformator.com\\\/\"},{\"@type\":\"ListItem\",\"position\":2,\"name\":\"Home\"}]},{\"@type\":\"WebSite\",\"@id\":\"https:\\\/\\\/integraltransformator.com\\\/#website\",\"url\":\"https:\\\/\\\/integraltransformator.com\\\/\",\"name\":\"\u0130ntegral Transformat\u00f6r M\u00fchendislik\",\"description\":\"TRAFO MOB\u0130L SERV\u0130S \",\"publisher\":{\"@id\":\"https:\\\/\\\/integraltransformator.com\\\/#organization\"},\"potentialAction\":[{\"@type\":\"SearchAction\",\"target\":{\"@type\":\"EntryPoint\",\"urlTemplate\":\"https:\\\/\\\/integraltransformator.com\\\/?s={search_term_string}\"},\"query-input\":{\"@type\":\"PropertyValueSpecification\",\"valueRequired\":true,\"valueName\":\"search_term_string\"}}],\"inLanguage\":\"tr\"},{\"@type\":\"Organization\",\"@id\":\"https:\\\/\\\/integraltransformator.com\\\/#organization\",\"name\":\"\u0130ntegral Transformator M\u00fchendislik\",\"url\":\"https:\\\/\\\/integraltransformator.com\\\/\",\"logo\":{\"@type\":\"ImageObject\",\"inLanguage\":\"tr\",\"@id\":\"https:\\\/\\\/integraltransformator.com\\\/#\\\/schema\\\/logo\\\/image\\\/\",\"url\":\"http:\\\/\\\/integraltransformator.com\\\/wp-content\\\/uploads\\\/2021\\\/07\\\/cropped-cropped-logo.png\",\"contentUrl\":\"http:\\\/\\\/integraltransformator.com\\\/wp-content\\\/uploads\\\/2021\\\/07\\\/cropped-cropped-logo.png\",\"width\":512,\"height\":512,\"caption\":\"\u0130ntegral Transformator M\u00fchendislik\"},\"image\":{\"@id\":\"https:\\\/\\\/integraltransformator.com\\\/#\\\/schema\\\/logo\\\/image\\\/\"}}]}<\/script>\n<!-- \/ Yoast SEO plugin. -->","yoast_head_json":{"title":"Home -","robots":{"index":"index","follow":"follow","max-snippet":"max-snippet:-1","max-image-preview":"max-image-preview:large","max-video-preview":"max-video-preview:-1"},"canonical":"https:\/\/integraltransformator.com\/index.php\/home-2\/","og_locale":"tr_TR","og_type":"article","og_title":"Home -","og_url":"https:\/\/integraltransformator.com\/index.php\/home-2\/","twitter_card":"summary_large_image","schema":{"@context":"https:\/\/schema.org","@graph":[{"@type":"WebPage","@id":"https:\/\/integraltransformator.com\/index.php\/home-2\/","url":"https:\/\/integraltransformator.com\/index.php\/home-2\/","name":"Home -","isPartOf":{"@id":"https:\/\/integraltransformator.com\/#website"},"datePublished":"2025-04-20T12:18:03+00:00","breadcrumb":{"@id":"https:\/\/integraltransformator.com\/index.php\/home-2\/#breadcrumb"},"inLanguage":"tr","potentialAction":[{"@type":"ReadAction","target":["https:\/\/integraltransformator.com\/index.php\/home-2\/"]}]},{"@type":"BreadcrumbList","@id":"https:\/\/integraltransformator.com\/index.php\/home-2\/#breadcrumb","itemListElement":[{"@type":"ListItem","position":1,"name":"Anasayfa","item":"https:\/\/integraltransformator.com\/"},{"@type":"ListItem","position":2,"name":"Home"}]},{"@type":"WebSite","@id":"https:\/\/integraltransformator.com\/#website","url":"https:\/\/integraltransformator.com\/","name":"\u0130ntegral Transformat\u00f6r M\u00fchendislik","description":"TRAFO MOB\u0130L SERV\u0130S ","publisher":{"@id":"https:\/\/integraltransformator.com\/#organization"},"potentialAction":[{"@type":"SearchAction","target":{"@type":"EntryPoint","urlTemplate":"https:\/\/integraltransformator.com\/?s={search_term_string}"},"query-input":{"@type":"PropertyValueSpecification","valueRequired":true,"valueName":"search_term_string"}}],"inLanguage":"tr"},{"@type":"Organization","@id":"https:\/\/integraltransformator.com\/#organization","name":"\u0130ntegral Transformator M\u00fchendislik","url":"https:\/\/integraltransformator.com\/","logo":{"@type":"ImageObject","inLanguage":"tr","@id":"https:\/\/integraltransformator.com\/#\/schema\/logo\/image\/","url":"http:\/\/integraltransformator.com\/wp-content\/uploads\/2021\/07\/cropped-cropped-logo.png","contentUrl":"http:\/\/integraltransformator.com\/wp-content\/uploads\/2021\/07\/cropped-cropped-logo.png","width":512,"height":512,"caption":"\u0130ntegral Transformator M\u00fchendislik"},"image":{"@id":"https:\/\/integraltransformator.com\/#\/schema\/logo\/image\/"}}]}},"_links":{"self":[{"href":"https:\/\/integraltransformator.com\/index.php\/wp-json\/wp\/v2\/pages\/910","targetHints":{"allow":["GET"]}}],"collection":[{"href":"https:\/\/integraltransformator.com\/index.php\/wp-json\/wp\/v2\/pages"}],"about":[{"href":"https:\/\/integraltransformator.com\/index.php\/wp-json\/wp\/v2\/types\/page"}],"author":[{"embeddable":true,"href":"https:\/\/integraltransformator.com\/index.php\/wp-json\/wp\/v2\/users\/1"}],"replies":[{"embeddable":true,"href":"https:\/\/integraltransformator.com\/index.php\/wp-json\/wp\/v2\/comments?post=910"}],"version-history":[{"count":1,"href":"https:\/\/integraltransformator.com\/index.php\/wp-json\/wp\/v2\/pages\/910\/revisions"}],"predecessor-version":[{"id":912,"href":"https:\/\/integraltransformator.com\/index.php\/wp-json\/wp\/v2\/pages\/910\/revisions\/912"}],"wp:attachment":[{"href":"https:\/\/integraltransformator.com\/index.php\/wp-json\/wp\/v2\/media?parent=910"}],"curies":[{"name":"wp","href":"https:\/\/api.w.org\/{rel}","templated":true}]}}