{"id":868,"date":"2024-01-07T20:19:24","date_gmt":"2024-01-07T20:19:24","guid":{"rendered":"http:\/\/integraltransformator.com\/?page_id=868"},"modified":"2024-01-07T20:41:44","modified_gmt":"2024-01-07T20:41:44","slug":"videolar","status":"publish","type":"page","link":"https:\/\/integraltransformator.com\/index.php\/videolar\/","title":{"rendered":"Videolar"},"content":{"rendered":"\n<h5 class=\"wp-block-heading\">TRAFOLARDA HERMET\u0130K \u00d6ZELL\u0130\u011e\u0130N KAYBOLMASI<a href=\"https:\/\/www.youtube.com\/@integraltransformator9000\"><\/a><\/h5>\n\n\n\n<figure class=\"wp-block-embed is-type-video is-provider-youtube wp-block-embed-youtube wp-embed-aspect-16-9 wp-has-aspect-ratio\"><div class=\"wp-block-embed__wrapper\">\n<iframe loading=\"lazy\" title=\"TRAFOLARDA HERMET\u0130K \u00d6ZELL\u0130\u011e\u0130N KAYBOLMASI\" width=\"500\" height=\"281\" src=\"https:\/\/www.youtube.com\/embed\/n7bm0P6MAHI?feature=oembed\" frameborder=\"0\" allow=\"accelerometer; autoplay; clipboard-write; encrypted-media; gyroscope; picture-in-picture; web-share\" referrerpolicy=\"strict-origin-when-cross-origin\" allowfullscreen><\/iframe>\n<\/div><\/figure>\n\n\n\n<h5 class=\"wp-block-heading\"><a href=\"https:\/\/www.youtube.com\/watch?v=-9r8R8VY15k\">PLU\u0130NG \u0130ZOLAT\u00d6R KIRILDI<\/a><\/h5>\n\n\n\n<figure class=\"wp-block-embed is-type-video is-provider-youtube wp-block-embed-youtube wp-embed-aspect-16-9 wp-has-aspect-ratio\"><div class=\"wp-block-embed__wrapper\">\n<iframe loading=\"lazy\" title=\"PLU\u0130NG \u0130ZOLAT\u00d6R KIRILDI,\" width=\"500\" height=\"281\" src=\"https:\/\/www.youtube.com\/embed\/-9r8R8VY15k?feature=oembed\" frameborder=\"0\" allow=\"accelerometer; autoplay; clipboard-write; encrypted-media; gyroscope; picture-in-picture; web-share\" referrerpolicy=\"strict-origin-when-cross-origin\" allowfullscreen><\/iframe>\n<\/div><\/figure>\n\n\n\n<h5 class=\"wp-block-heading\">TRAFO SU \u0130\u00c7\u0130NDE KALIRSA NE OLUR ?<a href=\"https:\/\/www.youtube.com\/@integraltransformator9000\"><\/a><\/h5>\n\n\n\n<figure class=\"wp-block-embed is-type-video is-provider-youtube wp-block-embed-youtube wp-embed-aspect-16-9 wp-has-aspect-ratio\"><div class=\"wp-block-embed__wrapper\">\n<iframe loading=\"lazy\" title=\"TRAFO SU \u0130\u00c7\u0130NDE KALIRSA NE OLUR ?\" width=\"500\" height=\"281\" src=\"https:\/\/www.youtube.com\/embed\/j5RVteTQLMk?feature=oembed\" frameborder=\"0\" allow=\"accelerometer; autoplay; clipboard-write; encrypted-media; gyroscope; picture-in-picture; web-share\" referrerpolicy=\"strict-origin-when-cross-origin\" allowfullscreen><\/iframe>\n<\/div><\/figure>\n\n\n\n<p><strong><a href=\"https:\/\/www.youtube.com\/watch?v=UVS8Teqk5DY\">100 KVA TRAFO MONTAJ HATAS<\/a>I<\/strong><\/p>\n\n\n\n<figure class=\"wp-block-embed is-type-video is-provider-youtube wp-block-embed-youtube wp-embed-aspect-16-9 wp-has-aspect-ratio\"><div class=\"wp-block-embed__wrapper\">\n<iframe loading=\"lazy\" title=\"100 KVA TRAFO MONTAJ HATASI\" width=\"500\" height=\"281\" src=\"https:\/\/www.youtube.com\/embed\/UVS8Teqk5DY?feature=oembed\" frameborder=\"0\" allow=\"accelerometer; autoplay; clipboard-write; encrypted-media; gyroscope; picture-in-picture; web-share\" referrerpolicy=\"strict-origin-when-cross-origin\" allowfullscreen><\/iframe>\n<\/div><figcaption class=\"wp-element-caption\"><br><strong>TRAFO ARIZA SORUNU NASIL \u00c7\u00d6Z\u00dcL\u00dcR? ORAN TEST\u0130 (TTR)<\/strong><\/figcaption><\/figure>\n\n\n\n<figure class=\"wp-block-embed is-type-video is-provider-youtube wp-block-embed-youtube wp-embed-aspect-16-9 wp-has-aspect-ratio\"><div class=\"wp-block-embed__wrapper\">\n<iframe loading=\"lazy\" title=\"TRAFO ARIZA SORUNU NASIL \u00c7\u00d6Z\u00dcL\u00dcR?ORAN TEST\u0130 (TTR)\" width=\"500\" height=\"281\" src=\"https:\/\/www.youtube.com\/embed\/j2P2xt0lXeM?feature=oembed\" frameborder=\"0\" allow=\"accelerometer; autoplay; clipboard-write; encrypted-media; gyroscope; picture-in-picture; web-share\" referrerpolicy=\"strict-origin-when-cross-origin\" allowfullscreen><\/iframe>\n<\/div><\/figure>\n\n\n\n<h5 class=\"wp-block-heading\"><a href=\"https:\/\/www.youtube.com\/watch?v=BwXRRMBF7-8\">TRAFO YA\u011e TEST\u0130 NASIL YAPILIR ?<\/a><\/h5>\n\n\n\n<figure class=\"wp-block-embed is-type-video is-provider-youtube wp-block-embed-youtube wp-embed-aspect-16-9 wp-has-aspect-ratio\"><div class=\"wp-block-embed__wrapper\">\n<iframe loading=\"lazy\" title=\"TRAFO YA\u011e TEST\u0130 NASIL YAPILIR?\" width=\"500\" height=\"281\" src=\"https:\/\/www.youtube.com\/embed\/BwXRRMBF7-8?feature=oembed\" frameborder=\"0\" allow=\"accelerometer; autoplay; clipboard-write; encrypted-media; gyroscope; picture-in-picture; web-share\" referrerpolicy=\"strict-origin-when-cross-origin\" allowfullscreen><\/iframe>\n<\/div><\/figure>\n\n\n\n<p><a href=\"https:\/\/www.youtube.com\/watch?v=WxCMIiZEm0Y\"><strong>250 KVA TRAFO AG YANMASI<\/strong><\/a><\/p>\n\n\n\n<figure class=\"wp-block-embed is-type-video is-provider-youtube wp-block-embed-youtube wp-embed-aspect-16-9 wp-has-aspect-ratio\"><div class=\"wp-block-embed__wrapper\">\n<iframe loading=\"lazy\" title=\"250 KVA TRAFO AG YANMASI\" width=\"500\" height=\"281\" src=\"https:\/\/www.youtube.com\/embed\/WxCMIiZEm0Y?feature=oembed\" frameborder=\"0\" allow=\"accelerometer; autoplay; clipboard-write; encrypted-media; gyroscope; picture-in-picture; web-share\" referrerpolicy=\"strict-origin-when-cross-origin\" allowfullscreen><\/iframe>\n<\/div><\/figure>\n","protected":false},"excerpt":{"rendered":"<p>TRAFOLARDA HERMET\u0130K \u00d6ZELL\u0130\u011e\u0130N KAYBOLMASI PLU\u0130NG \u0130ZOLAT\u00d6R KIRILDI TRAFO SU \u0130\u00c7\u0130NDE KALIRSA NE OLUR ? 100 KVA TRAFO MONTAJ HATASI TRAFO YA\u011e TEST\u0130 NASIL YAPILIR ? 250 KVA TRAFO AG YANMASI<\/p>\n","protected":false},"author":1,"featured_media":0,"parent":0,"menu_order":0,"comment_status":"closed","ping_status":"closed","template":"","meta":{"om_disable_all_campaigns":false,"_monsterinsights_skip_tracking":false,"_monsterinsights_sitenote_active":false,"_monsterinsights_sitenote_note":"","_monsterinsights_sitenote_category":0,"site-sidebar-layout":"default","site-content-layout":"default","ast-site-content-layout":"default","site-content-style":"default","site-sidebar-style":"default","ast-global-header-display":"","ast-banner-title-visibility":"","ast-main-header-display":"","ast-hfb-above-header-display":"","ast-hfb-below-header-display":"","ast-hfb-mobile-header-display":"","site-post-title":"","ast-breadcrumbs-content":"","ast-featured-img":"","footer-sml-layout":"","ast-disable-related-posts":"","theme-transparent-header-meta":"default","adv-header-id-meta":"","stick-header-meta":"","header-above-stick-meta":"","header-main-stick-meta":"","header-below-stick-meta":"","astra-migrate-meta-layouts":"default","ast-page-background-enabled":"default","ast-page-background-meta":{"desktop":{"background-color":"","background-image":"","background-repeat":"repeat","background-position":"center center","background-size":"auto","background-attachment":"scroll","background-type":"","background-media":"","overlay-type":"","overlay-color":"","overlay-opacity":"","overlay-gradient":""},"tablet":{"background-color":"","background-image":"","background-repeat":"repeat","background-position":"center center","background-size":"auto","background-attachment":"scroll","background-type":"","background-media":"","overlay-type":"","overlay-color":"","overlay-opacity":"","overlay-gradient":""},"mobile":{"background-color":"","background-image":"","background-repeat":"repeat","background-position":"center center","background-size":"auto","background-attachment":"scroll","background-type":"","background-media":"","overlay-type":"","overlay-color":"","overlay-opacity":"","overlay-gradient":""}},"ast-content-background-meta":{"desktop":{"background-color":"var(--ast-global-color-5)","background-image":"","background-repeat":"repeat","background-position":"center center","background-size":"auto","background-attachment":"scroll","background-type":"","background-media":"","overlay-type":"","overlay-color":"","overlay-opacity":"","overlay-gradient":""},"tablet":{"background-color":"var(--ast-global-color-5)","background-image":"","background-repeat":"repeat","background-position":"center center","background-size":"auto","background-attachment":"scroll","background-type":"","background-media":"","overlay-type":"","overlay-color":"","overlay-opacity":"","overlay-gradient":""},"mobile":{"background-color":"var(--ast-global-color-5)","background-image":"","background-repeat":"repeat","background-position":"center center","background-size":"auto","background-attachment":"scroll","background-type":"","background-media":"","overlay-type":"","overlay-color":"","overlay-opacity":"","overlay-gradient":""}},"footnotes":""},"class_list":["post-868","page","type-page","status-publish","hentry"],"aioseo_notices":[],"yoast_head":"<!-- This site is optimized with the Yoast SEO plugin v27.3 - https:\/\/yoast.com\/product\/yoast-seo-wordpress\/ -->\n<title>Videolar -<\/title>\n<meta name=\"robots\" content=\"index, follow, max-snippet:-1, max-image-preview:large, max-video-preview:-1\" \/>\n<link rel=\"canonical\" href=\"https:\/\/integraltransformator.com\/index.php\/videolar\/\" \/>\n<meta property=\"og:locale\" content=\"tr_TR\" \/>\n<meta property=\"og:type\" content=\"article\" \/>\n<meta property=\"og:title\" content=\"Videolar -\" \/>\n<meta property=\"og:description\" content=\"TRAFOLARDA HERMET\u0130K \u00d6ZELL\u0130\u011e\u0130N KAYBOLMASI PLU\u0130NG \u0130ZOLAT\u00d6R KIRILDI TRAFO SU \u0130\u00c7\u0130NDE KALIRSA NE OLUR ? 100 KVA TRAFO MONTAJ HATASI TRAFO YA\u011e TEST\u0130 NASIL YAPILIR ? 250 KVA TRAFO AG YANMASI\" \/>\n<meta property=\"og:url\" content=\"https:\/\/integraltransformator.com\/index.php\/videolar\/\" \/>\n<meta property=\"article:modified_time\" content=\"2024-01-07T20:41:44+00:00\" \/>\n<meta name=\"twitter:card\" content=\"summary_large_image\" \/>\n<meta name=\"twitter:label1\" content=\"Tahmini okuma s\u00fcresi\" \/>\n\t<meta name=\"twitter:data1\" content=\"1 dakika\" \/>\n<script type=\"application\/ld+json\" class=\"yoast-schema-graph\">{\"@context\":\"https:\\\/\\\/schema.org\",\"@graph\":[{\"@type\":\"WebPage\",\"@id\":\"https:\\\/\\\/integraltransformator.com\\\/index.php\\\/videolar\\\/\",\"url\":\"https:\\\/\\\/integraltransformator.com\\\/index.php\\\/videolar\\\/\",\"name\":\"Videolar -\",\"isPartOf\":{\"@id\":\"https:\\\/\\\/integraltransformator.com\\\/#website\"},\"datePublished\":\"2024-01-07T20:19:24+00:00\",\"dateModified\":\"2024-01-07T20:41:44+00:00\",\"breadcrumb\":{\"@id\":\"https:\\\/\\\/integraltransformator.com\\\/index.php\\\/videolar\\\/#breadcrumb\"},\"inLanguage\":\"tr\",\"potentialAction\":[{\"@type\":\"ReadAction\",\"target\":[\"https:\\\/\\\/integraltransformator.com\\\/index.php\\\/videolar\\\/\"]}]},{\"@type\":\"BreadcrumbList\",\"@id\":\"https:\\\/\\\/integraltransformator.com\\\/index.php\\\/videolar\\\/#breadcrumb\",\"itemListElement\":[{\"@type\":\"ListItem\",\"position\":1,\"name\":\"Anasayfa\",\"item\":\"https:\\\/\\\/integraltransformator.com\\\/\"},{\"@type\":\"ListItem\",\"position\":2,\"name\":\"Videolar\"}]},{\"@type\":\"WebSite\",\"@id\":\"https:\\\/\\\/integraltransformator.com\\\/#website\",\"url\":\"https:\\\/\\\/integraltransformator.com\\\/\",\"name\":\"\u0130ntegral Transformat\u00f6r M\u00fchendislik\",\"description\":\"TRAFO MOB\u0130L SERV\u0130S \",\"publisher\":{\"@id\":\"https:\\\/\\\/integraltransformator.com\\\/#organization\"},\"potentialAction\":[{\"@type\":\"SearchAction\",\"target\":{\"@type\":\"EntryPoint\",\"urlTemplate\":\"https:\\\/\\\/integraltransformator.com\\\/?s={search_term_string}\"},\"query-input\":{\"@type\":\"PropertyValueSpecification\",\"valueRequired\":true,\"valueName\":\"search_term_string\"}}],\"inLanguage\":\"tr\"},{\"@type\":\"Organization\",\"@id\":\"https:\\\/\\\/integraltransformator.com\\\/#organization\",\"name\":\"\u0130ntegral Transformator M\u00fchendislik\",\"url\":\"https:\\\/\\\/integraltransformator.com\\\/\",\"logo\":{\"@type\":\"ImageObject\",\"inLanguage\":\"tr\",\"@id\":\"https:\\\/\\\/integraltransformator.com\\\/#\\\/schema\\\/logo\\\/image\\\/\",\"url\":\"http:\\\/\\\/integraltransformator.com\\\/wp-content\\\/uploads\\\/2021\\\/07\\\/cropped-cropped-logo.png\",\"contentUrl\":\"http:\\\/\\\/integraltransformator.com\\\/wp-content\\\/uploads\\\/2021\\\/07\\\/cropped-cropped-logo.png\",\"width\":512,\"height\":512,\"caption\":\"\u0130ntegral Transformator M\u00fchendislik\"},\"image\":{\"@id\":\"https:\\\/\\\/integraltransformator.com\\\/#\\\/schema\\\/logo\\\/image\\\/\"}}]}<\/script>\n<!-- \/ Yoast SEO plugin. -->","yoast_head_json":{"title":"Videolar -","robots":{"index":"index","follow":"follow","max-snippet":"max-snippet:-1","max-image-preview":"max-image-preview:large","max-video-preview":"max-video-preview:-1"},"canonical":"https:\/\/integraltransformator.com\/index.php\/videolar\/","og_locale":"tr_TR","og_type":"article","og_title":"Videolar -","og_description":"TRAFOLARDA HERMET\u0130K \u00d6ZELL\u0130\u011e\u0130N KAYBOLMASI PLU\u0130NG \u0130ZOLAT\u00d6R KIRILDI TRAFO SU \u0130\u00c7\u0130NDE KALIRSA NE OLUR ? 100 KVA TRAFO MONTAJ HATASI TRAFO YA\u011e TEST\u0130 NASIL YAPILIR ? 250 KVA TRAFO AG YANMASI","og_url":"https:\/\/integraltransformator.com\/index.php\/videolar\/","article_modified_time":"2024-01-07T20:41:44+00:00","twitter_card":"summary_large_image","twitter_misc":{"Tahmini okuma s\u00fcresi":"1 dakika"},"schema":{"@context":"https:\/\/schema.org","@graph":[{"@type":"WebPage","@id":"https:\/\/integraltransformator.com\/index.php\/videolar\/","url":"https:\/\/integraltransformator.com\/index.php\/videolar\/","name":"Videolar -","isPartOf":{"@id":"https:\/\/integraltransformator.com\/#website"},"datePublished":"2024-01-07T20:19:24+00:00","dateModified":"2024-01-07T20:41:44+00:00","breadcrumb":{"@id":"https:\/\/integraltransformator.com\/index.php\/videolar\/#breadcrumb"},"inLanguage":"tr","potentialAction":[{"@type":"ReadAction","target":["https:\/\/integraltransformator.com\/index.php\/videolar\/"]}]},{"@type":"BreadcrumbList","@id":"https:\/\/integraltransformator.com\/index.php\/videolar\/#breadcrumb","itemListElement":[{"@type":"ListItem","position":1,"name":"Anasayfa","item":"https:\/\/integraltransformator.com\/"},{"@type":"ListItem","position":2,"name":"Videolar"}]},{"@type":"WebSite","@id":"https:\/\/integraltransformator.com\/#website","url":"https:\/\/integraltransformator.com\/","name":"\u0130ntegral Transformat\u00f6r M\u00fchendislik","description":"TRAFO MOB\u0130L SERV\u0130S ","publisher":{"@id":"https:\/\/integraltransformator.com\/#organization"},"potentialAction":[{"@type":"SearchAction","target":{"@type":"EntryPoint","urlTemplate":"https:\/\/integraltransformator.com\/?s={search_term_string}"},"query-input":{"@type":"PropertyValueSpecification","valueRequired":true,"valueName":"search_term_string"}}],"inLanguage":"tr"},{"@type":"Organization","@id":"https:\/\/integraltransformator.com\/#organization","name":"\u0130ntegral Transformator M\u00fchendislik","url":"https:\/\/integraltransformator.com\/","logo":{"@type":"ImageObject","inLanguage":"tr","@id":"https:\/\/integraltransformator.com\/#\/schema\/logo\/image\/","url":"http:\/\/integraltransformator.com\/wp-content\/uploads\/2021\/07\/cropped-cropped-logo.png","contentUrl":"http:\/\/integraltransformator.com\/wp-content\/uploads\/2021\/07\/cropped-cropped-logo.png","width":512,"height":512,"caption":"\u0130ntegral Transformator M\u00fchendislik"},"image":{"@id":"https:\/\/integraltransformator.com\/#\/schema\/logo\/image\/"}}]}},"_links":{"self":[{"href":"https:\/\/integraltransformator.com\/index.php\/wp-json\/wp\/v2\/pages\/868","targetHints":{"allow":["GET"]}}],"collection":[{"href":"https:\/\/integraltransformator.com\/index.php\/wp-json\/wp\/v2\/pages"}],"about":[{"href":"https:\/\/integraltransformator.com\/index.php\/wp-json\/wp\/v2\/types\/page"}],"author":[{"embeddable":true,"href":"https:\/\/integraltransformator.com\/index.php\/wp-json\/wp\/v2\/users\/1"}],"replies":[{"embeddable":true,"href":"https:\/\/integraltransformator.com\/index.php\/wp-json\/wp\/v2\/comments?post=868"}],"version-history":[{"count":3,"href":"https:\/\/integraltransformator.com\/index.php\/wp-json\/wp\/v2\/pages\/868\/revisions"}],"predecessor-version":[{"id":880,"href":"https:\/\/integraltransformator.com\/index.php\/wp-json\/wp\/v2\/pages\/868\/revisions\/880"}],"wp:attachment":[{"href":"https:\/\/integraltransformator.com\/index.php\/wp-json\/wp\/v2\/media?parent=868"}],"curies":[{"name":"wp","href":"https:\/\/api.w.org\/{rel}","templated":true}]}}