{"id":749,"date":"2022-03-01T07:06:34","date_gmt":"2022-03-01T07:06:34","guid":{"rendered":"http:\/\/integraltransformator.com\/?page_id=749"},"modified":"2022-03-01T07:06:34","modified_gmt":"2022-03-01T07:06:34","slug":"transformatorlerin-arizalarinin-yagda-cozunmus-gaz-analizi","status":"publish","type":"page","link":"https:\/\/integraltransformator.com\/index.php\/transformatorlerin-arizalarinin-yagda-cozunmus-gaz-analizi\/","title":{"rendered":"Transformat\u00f6rlerin Ar\u0131zalar\u0131n\u0131n Ya\u011fda \u00c7\u00f6z\u00fcnm\u00fc\u015f Gaz Analizi"},"content":{"rendered":"\n<p>G\u00fc\u00e7 sistemlerinin en \u00f6nemli ve en pahal\u0131 ekipmanlar\u0131ndan<br>biriside g\u00fc\u00e7 transformat\u00f6rleridir. Enerjinin s\u00fcrd\u00fcr\u00fclebilir,<br>verimli ve kaliteli bir \u015fekilde iletilebilmesi bu ekipmanlar\u0131n<br>sorunsuz ve ar\u0131zas\u0131z \u00e7al\u0131\u015fmas\u0131 ile m\u00fcmk\u00fcn olabilmektedir [1].<br>G\u00fc\u00e7 transformat\u00f6rlerinde herhangi bir ar\u0131za meydana gelmesi<br>durumu enerji kesintisine neden olabilir. \u00d6zellikle uzun s\u00fcreli<br>kesintilerde ciddi maddi kay\u0131plar meydana gelir. Bu nedenle<br>transformat\u00f6r ar\u0131zalar\u0131n h\u0131zl\u0131 bir \u015fekilde tespit edilmesi veya<br>daha da \u00f6nemlisi ar\u0131za tam olarak meydana gelmeden, tespit<br>edilip gerekli \u00f6nlemlerin al\u0131nmas\u0131 olduk\u00e7a \u00f6nemlidir.<br>Ya\u011fda \u00e7\u00f6z\u00fcnm\u00fc\u015f gaz analizi (DGA), g\u00fc\u00e7 transformat\u00f6rlerinde<br>hatalar\u0131 tespit etmek i\u00e7in etkili bir tan\u0131 tekni\u011fi olarak kabul<br>edilmekte ve uzun y\u0131llardan bu yana t\u00fcm d\u00fcnyada ba\u015far\u0131yla<br>uygulanmaktad\u0131r. Di\u011fer \u00f6l\u00e7\u00fcm y\u00f6ntemleriyle kolayca<br>bulunamayan ve hen\u00fcz ba\u015flang\u0131\u00e7 a\u015famas\u0131nda olan \u00e7o\u011fu ar\u0131za<br>ancak DGA sayesinde ortaya \u00e7\u0131kar\u0131labilir. Bir transformat\u00f6r\u00fcn<br>izolasyon ya\u011f\u0131nda \u00e7\u00f6z\u00fcnm\u00fc\u015f bulunan belirli gaz<br>konsantrasyonlar\u0131n\u0131n analizi transformat\u00f6r\u00fcn durumu<br>hakk\u0131nda bilgi verir ve gerekli \u00f6nlemlerin al\u0131nmas\u0131na olanak<br>sa\u011flar [2,3]. Transformat\u00f6rde meydana gelen korona<br>bo\u015falmas\u0131, a\u015f\u0131r\u0131 \u0131s\u0131nma, d\u00fc\u015f\u00fck ve y\u00fcksek enerjili de\u015farj, ark<br>olaylar\u0131 vb. durumlar transformat\u00f6r ya\u011f\u0131 i\u00e7erisinde bulunan<br>k\u0131s\u0131mlardaki yal\u0131tkan maddelerin par\u00e7alanmalar\u0131na neden olur<br>[4,5]. Par\u00e7alanan malzeme ya\u011f i\u00e7erisinde temel olarak<br>hidrojen (H2), metan (CH4), asetilen (C2H2), etilen (C2H4 ) ve etan (C2H6) gazlar\u0131n\u0131n \u00e7e\u015fitli yo\u011funluklarda ortaya \u00e7\u0131kmas\u0131na<br>yol a\u00e7ar. Tespit edilen bu gaz miktarlar\u0131na g\u00f6re yap\u0131lan analiz<br>ve \u00e7e\u015fitli de\u011ferlendirme y\u00f6ntemleriyle ar\u0131zan\u0131n t\u00fcr\u00fc ve nedeni<br>hakk\u0131nda bilgi elde edilmektedir. Bu y\u00f6ntem DGA olarak<br>adland\u0131r\u0131lmakta olup b\u00f6l\u00fcm 2\u2019de daha detayl\u0131 a\u00e7\u0131klanm\u0131\u015ft\u0131r.<br>Bu \u00e7al\u0131\u015fmada, \u00f6rnek bir ar\u0131za durumuna ait DGA sonu\u00e7lar\u0131<br>k\u0131lavuz gaz, Duval \u00fc\u00e7gen, Rogers oranlar\u0131, Doernenburg<br>oranlar\u0131 gibi \u00f6nemli de\u011ferlendirme y\u00f6ntemleriyle detayl\u0131<br>olarak incelenmi\u015ftir. Elde edilen sonu\u00e7lara g\u00f6re de\u011ferlendirme<br>yap\u0131lm\u0131\u015f, hata t\u00fcr\u00fc belirlenmi\u015f ve ger\u00e7ek transformat\u00f6r ar\u0131zas\u0131<br>ile kar\u015f\u0131la\u015ft\u0131r\u0131lm\u0131\u015ft\u0131r.<br><\/p>\n\n\n\n<ol class=\"wp-block-list\" start=\"2\"><li>Ya\u011fda \u00c7\u00f6z\u00fcnm\u00fc\u015f Gaz Analizi<br>DGA i\u015fletmede bulunan g\u00fc\u00e7 transformat\u00f6r\u00fcnden al\u0131nan ya\u011f<br>numunesine uygulanan ve ya\u011fda \u00e7\u00f6z\u00fcnm\u00fc\u015f gazlar\u0131n<br>miktarlar\u0131n\u0131n belirlenmesine yarayan bir y\u00f6ntemdir. Ya\u011fda<br>olu\u015fan gazlar\u0131n analiz sonu\u00e7lar\u0131ndan transformat\u00f6r\u00fcn durumu<br>hakk\u0131nda bilgi elde edilir. Geli\u015fmekte olan ar\u0131zalar hakk\u0131nda<br>erken uyar\u0131 bilgileri al\u0131n\u0131r ve hen\u00fcz ba\u015flang\u0131\u00e7 a\u015famas\u0131nda olan<br>yava\u015f ve gizli bi\u00e7imde geli\u015fen k\u00fc\u00e7\u00fck boyutlu ar\u0131zalar\u0131n \u00f6n\u00fcne<br>ge\u00e7ilerek zarar\u0131n en az d\u00fczeyde kalmas\u0131 sa\u011flanabilir.<br>DGA sonu\u00e7lar\u0131n\u0131n de\u011ferlendirilmesinde; k\u0131lavuz gaz, Duval<br>\u00fc\u00e7gen, Rogers oranlar\u0131, Doernenburg oranlar\u0131 y\u00f6ntemi gibi<br>\u00e7ok \u00e7e\u015fitli tespit kriterleri geli\u015ftirilmi\u015ftir [4]. Bu y\u00f6ntemler<br>belirli gaz miktarlar\u0131na veya onlar\u0131n oranlar\u0131na g\u00f6re \u00f6nceden<br>haz\u0131rlanm\u0131\u015f tablo ve grafikler yard\u0131m\u0131yla ar\u0131za s\u0131n\u0131fland\u0131rmas\u0131<br>yapmaktad\u0131r. Bu tablo ve grafikler uzun y\u0131llar s\u00fcren tecr\u00fcbeler<br>sonucu topland\u0131\u011f\u0131ndan y\u00f6ntemin hassasiyeti ve do\u011frulu\u011fu<br>toplanan bilgi birikimiyle ba\u011flant\u0131l\u0131 olmaktad\u0131r [6,7]. Bu<br>y\u00fczden kullan\u0131lan de\u011ferlendirme y\u00f6ntemleri ve analiz<br>y\u00f6ntemlerinin hepsi ayr\u0131 ayr\u0131 \u00f6nem te\u015fkil etmektedir. Baz\u0131<br>gazlar ancak baz\u0131 ar\u0131zalar sonucunda olu\u015fur. Ar\u0131zan\u0131n t\u00fcr\u00fcne<br>ve \u015fiddetine ba\u011fl\u0131 olarak olu\u015fan gazlar\u0131n miktar\u0131 de\u011fi\u015fir. E\u011fer<br>gazlar\u0131n t\u00fcr\u00fc ve miktarlar\u0131 bilinirse kullan\u0131lan de\u011ferlendirme<br>y\u00f6ntemleriyle ar\u0131zalar hakk\u0131nda do\u011fru yorum yap\u0131labilir.<br>B\u00f6ylelikle \u00f6nleyici tedbirler al\u0131nabilir. Fakat t\u00fcm \u00f6nlemler<br>yararl\u0131 olmam\u0131\u015f ve tehlikeli bir ar\u0131zaya do\u011fru ilerleme devam<br>ederse transformat\u00f6r servis d\u0131\u015f\u0131 edilir. Servis d\u0131\u015f\u0131na al\u0131nan<br>transformat\u00f6rdeki sorun belirlenerek gerekli bak\u0131m onar\u0131m<br>i\u015flemleri uygulan\u0131r. Sorun giderildikten sonra transformat\u00f6r<br>tekrar i\u015fletmeye al\u0131n\u0131r.<\/li><\/ol>\n","protected":false},"excerpt":{"rendered":"<p>G\u00fc\u00e7 sistemlerinin en \u00f6nemli ve en pahal\u0131 ekipmanlar\u0131ndanbiriside g\u00fc\u00e7 transformat\u00f6rleridir. Enerjinin s\u00fcrd\u00fcr\u00fclebilir,verimli ve kaliteli bir \u015fekilde iletilebilmesi bu ekipmanlar\u0131nsorunsuz ve ar\u0131zas\u0131z \u00e7al\u0131\u015fmas\u0131 ile m\u00fcmk\u00fcn olabilmektedir [1].G\u00fc\u00e7 transformat\u00f6rlerinde herhangi bir ar\u0131za meydana gelmesidurumu enerji kesintisine neden olabilir. \u00d6zellikle uzun s\u00fcrelikesintilerde ciddi maddi kay\u0131plar meydana gelir. Bu nedenletransformat\u00f6r ar\u0131zalar\u0131n h\u0131zl\u0131 bir \u015fekilde tespit edilmesi veyadaha da \u00f6nemlisi [&hellip;]<\/p>\n","protected":false},"author":1,"featured_media":0,"parent":0,"menu_order":0,"comment_status":"closed","ping_status":"closed","template":"","meta":{"om_disable_all_campaigns":false,"_monsterinsights_skip_tracking":false,"_monsterinsights_sitenote_active":false,"_monsterinsights_sitenote_note":"","_monsterinsights_sitenote_category":0,"site-sidebar-layout":"default","site-content-layout":"default","ast-site-content-layout":"default","site-content-style":"default","site-sidebar-style":"default","ast-global-header-display":"","ast-banner-title-visibility":"","ast-main-header-display":"","ast-hfb-above-header-display":"","ast-hfb-below-header-display":"","ast-hfb-mobile-header-display":"","site-post-title":"","ast-breadcrumbs-content":"","ast-featured-img":"","footer-sml-layout":"","ast-disable-related-posts":"","theme-transparent-header-meta":"default","adv-header-id-meta":"","stick-header-meta":"","header-above-stick-meta":"","header-main-stick-meta":"","header-below-stick-meta":"","astra-migrate-meta-layouts":"default","ast-page-background-enabled":"default","ast-page-background-meta":{"desktop":{"background-color":"","background-image":"","background-repeat":"repeat","background-position":"center center","background-size":"auto","background-attachment":"scroll","background-type":"","background-media":"","overlay-type":"","overlay-color":"","overlay-opacity":"","overlay-gradient":""},"tablet":{"background-color":"","background-image":"","background-repeat":"repeat","background-position":"center center","background-size":"auto","background-attachment":"scroll","background-type":"","background-media":"","overlay-type":"","overlay-color":"","overlay-opacity":"","overlay-gradient":""},"mobile":{"background-color":"","background-image":"","background-repeat":"repeat","background-position":"center center","background-size":"auto","background-attachment":"scroll","background-type":"","background-media":"","overlay-type":"","overlay-color":"","overlay-opacity":"","overlay-gradient":""}},"ast-content-background-meta":{"desktop":{"background-color":"var(--ast-global-color-5)","background-image":"","background-repeat":"repeat","background-position":"center center","background-size":"auto","background-attachment":"scroll","background-type":"","background-media":"","overlay-type":"","overlay-color":"","overlay-opacity":"","overlay-gradient":""},"tablet":{"background-color":"var(--ast-global-color-5)","background-image":"","background-repeat":"repeat","background-position":"center center","background-size":"auto","background-attachment":"scroll","background-type":"","background-media":"","overlay-type":"","overlay-color":"","overlay-opacity":"","overlay-gradient":""},"mobile":{"background-color":"var(--ast-global-color-5)","background-image":"","background-repeat":"repeat","background-position":"center center","background-size":"auto","background-attachment":"scroll","background-type":"","background-media":"","overlay-type":"","overlay-color":"","overlay-opacity":"","overlay-gradient":""}},"footnotes":""},"class_list":["post-749","page","type-page","status-publish","hentry"],"aioseo_notices":[],"yoast_head":"<!-- This site is optimized with the Yoast SEO plugin v27.3 - https:\/\/yoast.com\/product\/yoast-seo-wordpress\/ -->\n<title>Transformat\u00f6rlerin Ar\u0131zalar\u0131n\u0131n Ya\u011fda \u00c7\u00f6z\u00fcnm\u00fc\u015f Gaz Analizi -<\/title>\n<meta name=\"description\" content=\"Transformat\u00f6rlerin Ar\u0131zalar\u0131n\u0131n Ya\u011fda \u00c7\u00f6z\u00fcnm\u00fc\u015f Gaz Analizi i\u00e7in neler yapabiliriz . trafonuzu yanmadan analiz edelim.\" \/>\n<meta name=\"robots\" content=\"index, follow, max-snippet:-1, max-image-preview:large, max-video-preview:-1\" \/>\n<link rel=\"canonical\" href=\"https:\/\/integraltransformator.com\/index.php\/transformatorlerin-arizalarinin-yagda-cozunmus-gaz-analizi\/\" \/>\n<meta property=\"og:locale\" content=\"tr_TR\" \/>\n<meta property=\"og:type\" content=\"article\" \/>\n<meta property=\"og:title\" content=\"Transformat\u00f6rlerin Ar\u0131zalar\u0131n\u0131n Ya\u011fda \u00c7\u00f6z\u00fcnm\u00fc\u015f Gaz Analizi -\" \/>\n<meta property=\"og:description\" content=\"Transformat\u00f6rlerin Ar\u0131zalar\u0131n\u0131n Ya\u011fda \u00c7\u00f6z\u00fcnm\u00fc\u015f Gaz Analizi i\u00e7in neler yapabiliriz . trafonuzu yanmadan analiz edelim.\" \/>\n<meta property=\"og:url\" content=\"https:\/\/integraltransformator.com\/index.php\/transformatorlerin-arizalarinin-yagda-cozunmus-gaz-analizi\/\" \/>\n<meta name=\"twitter:card\" content=\"summary_large_image\" \/>\n<meta name=\"twitter:label1\" content=\"Tahmini okuma s\u00fcresi\" \/>\n\t<meta name=\"twitter:data1\" content=\"3 dakika\" \/>\n<script type=\"application\/ld+json\" class=\"yoast-schema-graph\">{\"@context\":\"https:\\\/\\\/schema.org\",\"@graph\":[{\"@type\":\"WebPage\",\"@id\":\"https:\\\/\\\/integraltransformator.com\\\/index.php\\\/transformatorlerin-arizalarinin-yagda-cozunmus-gaz-analizi\\\/\",\"url\":\"https:\\\/\\\/integraltransformator.com\\\/index.php\\\/transformatorlerin-arizalarinin-yagda-cozunmus-gaz-analizi\\\/\",\"name\":\"Transformat\u00f6rlerin Ar\u0131zalar\u0131n\u0131n Ya\u011fda \u00c7\u00f6z\u00fcnm\u00fc\u015f Gaz Analizi -\",\"isPartOf\":{\"@id\":\"https:\\\/\\\/integraltransformator.com\\\/#website\"},\"datePublished\":\"2022-03-01T07:06:34+00:00\",\"description\":\"Transformat\u00f6rlerin Ar\u0131zalar\u0131n\u0131n Ya\u011fda \u00c7\u00f6z\u00fcnm\u00fc\u015f Gaz Analizi i\u00e7in neler yapabiliriz . trafonuzu yanmadan analiz edelim.\",\"breadcrumb\":{\"@id\":\"https:\\\/\\\/integraltransformator.com\\\/index.php\\\/transformatorlerin-arizalarinin-yagda-cozunmus-gaz-analizi\\\/#breadcrumb\"},\"inLanguage\":\"tr\",\"potentialAction\":[{\"@type\":\"ReadAction\",\"target\":[\"https:\\\/\\\/integraltransformator.com\\\/index.php\\\/transformatorlerin-arizalarinin-yagda-cozunmus-gaz-analizi\\\/\"]}]},{\"@type\":\"BreadcrumbList\",\"@id\":\"https:\\\/\\\/integraltransformator.com\\\/index.php\\\/transformatorlerin-arizalarinin-yagda-cozunmus-gaz-analizi\\\/#breadcrumb\",\"itemListElement\":[{\"@type\":\"ListItem\",\"position\":1,\"name\":\"Anasayfa\",\"item\":\"https:\\\/\\\/integraltransformator.com\\\/\"},{\"@type\":\"ListItem\",\"position\":2,\"name\":\"Transformat\u00f6rlerin Ar\u0131zalar\u0131n\u0131n Ya\u011fda \u00c7\u00f6z\u00fcnm\u00fc\u015f Gaz Analizi\"}]},{\"@type\":\"WebSite\",\"@id\":\"https:\\\/\\\/integraltransformator.com\\\/#website\",\"url\":\"https:\\\/\\\/integraltransformator.com\\\/\",\"name\":\"\u0130ntegral Transformat\u00f6r M\u00fchendislik\",\"description\":\"TRAFO MOB\u0130L SERV\u0130S \",\"publisher\":{\"@id\":\"https:\\\/\\\/integraltransformator.com\\\/#organization\"},\"potentialAction\":[{\"@type\":\"SearchAction\",\"target\":{\"@type\":\"EntryPoint\",\"urlTemplate\":\"https:\\\/\\\/integraltransformator.com\\\/?s={search_term_string}\"},\"query-input\":{\"@type\":\"PropertyValueSpecification\",\"valueRequired\":true,\"valueName\":\"search_term_string\"}}],\"inLanguage\":\"tr\"},{\"@type\":\"Organization\",\"@id\":\"https:\\\/\\\/integraltransformator.com\\\/#organization\",\"name\":\"\u0130ntegral Transformator M\u00fchendislik\",\"url\":\"https:\\\/\\\/integraltransformator.com\\\/\",\"logo\":{\"@type\":\"ImageObject\",\"inLanguage\":\"tr\",\"@id\":\"https:\\\/\\\/integraltransformator.com\\\/#\\\/schema\\\/logo\\\/image\\\/\",\"url\":\"http:\\\/\\\/integraltransformator.com\\\/wp-content\\\/uploads\\\/2021\\\/07\\\/cropped-cropped-logo.png\",\"contentUrl\":\"http:\\\/\\\/integraltransformator.com\\\/wp-content\\\/uploads\\\/2021\\\/07\\\/cropped-cropped-logo.png\",\"width\":512,\"height\":512,\"caption\":\"\u0130ntegral Transformator M\u00fchendislik\"},\"image\":{\"@id\":\"https:\\\/\\\/integraltransformator.com\\\/#\\\/schema\\\/logo\\\/image\\\/\"}}]}<\/script>\n<!-- \/ Yoast SEO plugin. -->","yoast_head_json":{"title":"Transformat\u00f6rlerin Ar\u0131zalar\u0131n\u0131n Ya\u011fda \u00c7\u00f6z\u00fcnm\u00fc\u015f Gaz Analizi -","description":"Transformat\u00f6rlerin Ar\u0131zalar\u0131n\u0131n Ya\u011fda \u00c7\u00f6z\u00fcnm\u00fc\u015f Gaz Analizi i\u00e7in neler yapabiliriz . trafonuzu yanmadan analiz edelim.","robots":{"index":"index","follow":"follow","max-snippet":"max-snippet:-1","max-image-preview":"max-image-preview:large","max-video-preview":"max-video-preview:-1"},"canonical":"https:\/\/integraltransformator.com\/index.php\/transformatorlerin-arizalarinin-yagda-cozunmus-gaz-analizi\/","og_locale":"tr_TR","og_type":"article","og_title":"Transformat\u00f6rlerin Ar\u0131zalar\u0131n\u0131n Ya\u011fda \u00c7\u00f6z\u00fcnm\u00fc\u015f Gaz Analizi -","og_description":"Transformat\u00f6rlerin Ar\u0131zalar\u0131n\u0131n Ya\u011fda \u00c7\u00f6z\u00fcnm\u00fc\u015f Gaz Analizi i\u00e7in neler yapabiliriz . trafonuzu yanmadan analiz edelim.","og_url":"https:\/\/integraltransformator.com\/index.php\/transformatorlerin-arizalarinin-yagda-cozunmus-gaz-analizi\/","twitter_card":"summary_large_image","twitter_misc":{"Tahmini okuma s\u00fcresi":"3 dakika"},"schema":{"@context":"https:\/\/schema.org","@graph":[{"@type":"WebPage","@id":"https:\/\/integraltransformator.com\/index.php\/transformatorlerin-arizalarinin-yagda-cozunmus-gaz-analizi\/","url":"https:\/\/integraltransformator.com\/index.php\/transformatorlerin-arizalarinin-yagda-cozunmus-gaz-analizi\/","name":"Transformat\u00f6rlerin Ar\u0131zalar\u0131n\u0131n Ya\u011fda \u00c7\u00f6z\u00fcnm\u00fc\u015f Gaz Analizi -","isPartOf":{"@id":"https:\/\/integraltransformator.com\/#website"},"datePublished":"2022-03-01T07:06:34+00:00","description":"Transformat\u00f6rlerin Ar\u0131zalar\u0131n\u0131n Ya\u011fda \u00c7\u00f6z\u00fcnm\u00fc\u015f Gaz Analizi i\u00e7in neler yapabiliriz . trafonuzu yanmadan analiz edelim.","breadcrumb":{"@id":"https:\/\/integraltransformator.com\/index.php\/transformatorlerin-arizalarinin-yagda-cozunmus-gaz-analizi\/#breadcrumb"},"inLanguage":"tr","potentialAction":[{"@type":"ReadAction","target":["https:\/\/integraltransformator.com\/index.php\/transformatorlerin-arizalarinin-yagda-cozunmus-gaz-analizi\/"]}]},{"@type":"BreadcrumbList","@id":"https:\/\/integraltransformator.com\/index.php\/transformatorlerin-arizalarinin-yagda-cozunmus-gaz-analizi\/#breadcrumb","itemListElement":[{"@type":"ListItem","position":1,"name":"Anasayfa","item":"https:\/\/integraltransformator.com\/"},{"@type":"ListItem","position":2,"name":"Transformat\u00f6rlerin Ar\u0131zalar\u0131n\u0131n Ya\u011fda \u00c7\u00f6z\u00fcnm\u00fc\u015f Gaz Analizi"}]},{"@type":"WebSite","@id":"https:\/\/integraltransformator.com\/#website","url":"https:\/\/integraltransformator.com\/","name":"\u0130ntegral Transformat\u00f6r M\u00fchendislik","description":"TRAFO MOB\u0130L SERV\u0130S ","publisher":{"@id":"https:\/\/integraltransformator.com\/#organization"},"potentialAction":[{"@type":"SearchAction","target":{"@type":"EntryPoint","urlTemplate":"https:\/\/integraltransformator.com\/?s={search_term_string}"},"query-input":{"@type":"PropertyValueSpecification","valueRequired":true,"valueName":"search_term_string"}}],"inLanguage":"tr"},{"@type":"Organization","@id":"https:\/\/integraltransformator.com\/#organization","name":"\u0130ntegral Transformator M\u00fchendislik","url":"https:\/\/integraltransformator.com\/","logo":{"@type":"ImageObject","inLanguage":"tr","@id":"https:\/\/integraltransformator.com\/#\/schema\/logo\/image\/","url":"http:\/\/integraltransformator.com\/wp-content\/uploads\/2021\/07\/cropped-cropped-logo.png","contentUrl":"http:\/\/integraltransformator.com\/wp-content\/uploads\/2021\/07\/cropped-cropped-logo.png","width":512,"height":512,"caption":"\u0130ntegral Transformator M\u00fchendislik"},"image":{"@id":"https:\/\/integraltransformator.com\/#\/schema\/logo\/image\/"}}]}},"_links":{"self":[{"href":"https:\/\/integraltransformator.com\/index.php\/wp-json\/wp\/v2\/pages\/749","targetHints":{"allow":["GET"]}}],"collection":[{"href":"https:\/\/integraltransformator.com\/index.php\/wp-json\/wp\/v2\/pages"}],"about":[{"href":"https:\/\/integraltransformator.com\/index.php\/wp-json\/wp\/v2\/types\/page"}],"author":[{"embeddable":true,"href":"https:\/\/integraltransformator.com\/index.php\/wp-json\/wp\/v2\/users\/1"}],"replies":[{"embeddable":true,"href":"https:\/\/integraltransformator.com\/index.php\/wp-json\/wp\/v2\/comments?post=749"}],"version-history":[{"count":2,"href":"https:\/\/integraltransformator.com\/index.php\/wp-json\/wp\/v2\/pages\/749\/revisions"}],"predecessor-version":[{"id":753,"href":"https:\/\/integraltransformator.com\/index.php\/wp-json\/wp\/v2\/pages\/749\/revisions\/753"}],"wp:attachment":[{"href":"https:\/\/integraltransformator.com\/index.php\/wp-json\/wp\/v2\/media?parent=749"}],"curies":[{"name":"wp","href":"https:\/\/api.w.org\/{rel}","templated":true}]}}