{"id":271,"date":"2021-07-07T12:20:29","date_gmt":"2021-07-07T12:20:29","guid":{"rendered":"http:\/\/integraltransformator.com\/?page_id=271"},"modified":"2021-07-10T15:55:43","modified_gmt":"2021-07-10T15:55:43","slug":"trafo-tamiri-ve-bakim-islemi","status":"publish","type":"page","link":"https:\/\/integraltransformator.com\/index.php\/trafo-tamiri-ve-bakim-islemi\/","title":{"rendered":"Trafo tamiri ve bak\u0131m i\u015flemi"},"content":{"rendered":"\n<p class=\"has-drop-cap\">Transformat\u00f6r, i\u015fletmemizde trafo tamir ve bak\u0131m hizmetleri, fabrika d\u0131\u015f\u0131nda ise m\u00fchendislik ve yerinde bak\u0131m hizmetleri sunmaktad\u0131r. Bu hizmetler firmam\u0131z\u0131n uzman kadrosuyla, mobil hizmet ara\u00e7lar\u0131 ve mobil test ekibiyle kalitemizden \u00f6d\u00fcn vermeden sa\u011flanmaktad\u0131r.<\/p>\n\n\n\n<p>\u0130NTEGRAL Trafo, i\u015fletmemizde trafo tamir bak\u0131m ve onar\u0131m hizmetleri vermektedir. Hizmetlerimiz ar\u0131zal\u0131 trafonun ekspertizi ile ba\u015flar. Ekspertiz raporuna g\u00f6re fiyatland\u0131rma yap\u0131l\u0131r. Bu kapsamda, bobin ve sarg\u0131lar\u0131n yenilenmesi, izolasyon ya\u011f\u0131n\u0131n yenilenmesi, n\u00fcve yenilenmesi &amp; onar\u0131m\u0131, kazan, kapak ve depo tamiri boya, vakum ve kurutma i\u015flemleri yap\u0131labilmektedir.<\/p>\n\n\n\n<p>\u0130NTEGRAL Trafo, tesislerinizde veya \u015febekede bulunan transformat\u00f6rlerin bak\u0131m ve onar\u0131m i\u015flemlerini mobil teknik ekibi ile ger\u00e7ekle\u015ftirmektedir. Yerinde bak\u0131m i\u015fleri kapsam\u0131nda, transformat\u00f6r testleri, ya\u011f tasfiyesi, conta, bu\u015fing vs. de\u011fi\u015fimi, ya\u011f ka\u00e7aklar\u0131n\u0131n giderilmesi, genel trafo temizli\u011fi, trafo boyama i\u015flemleri yap\u0131labilmektedir.<\/p>\n\n\n\n<p>\u0130NTEGRAL Trafo, mobil ya\u011f tasfiye tesisi ile tesislerinizde bulunan trafolara ait izolasyon ya\u011flar\u0131n\u0131n tasfiyesini ger\u00e7ekle\u015ftirebilmektedir. Bu kapsamda, trafo ya\u011f\u0131 numunesi al\u0131m\u0131, trafo ya\u011f\u0131 delinme gerilimi tayini, trafo ya\u011f\u0131 tasfiyesi, eski ya\u011flar\u0131n at\u0131k kapsam\u0131nda bertaraf edilmesi i\u015flemlerini yapabilmektedir.<\/p>\n\n\n\n<p>\u0130NTEGRAL Trafo \u00e7e\u015fitli g\u00fc\u00e7 ve gerilimlerdeki trafolara yerinde bak\u0131m onar\u0131m hizmeti verebilmektedir. Trafo tamir ve bak\u0131m hizmetlerinin yan\u0131 s\u0131ra \u00e7evre il ve il\u00e7elerde hizmet vermekteyiz.<\/p>\n\n\n\n<p>Trafo bak\u0131m\u0131nda yap\u0131lacak kontrolleri s\u0131ralayal\u0131m;<\/p>\n\n\n\n<ol class=\"wp-block-list\"><li>Termal kamera ile bu\u015fingler, kablo ba\u015fl\u0131klar\u0131, trafo y\u00fczeyi kontrol edilir.<\/li><li>Trafo ya\u011f seviyesi ve ya\u011f ka\u00e7a\u011f\u0131 olup olmad\u0131\u011f\u0131 kontrol edilir. Trafonun ya\u011f seviyesi ve kalitesi \u00f6mr\u00fcn\u00fc etkileyen en \u00f6nemli kriterdir.<\/li><li>Bu\u015finglerin contalar\u0131ndaki ya\u011f ka\u00e7aklar\u0131 kontrol edilir.<\/li><li>Trafo \u00fczerindeki c\u0131vatalar tek tek s\u0131k\u0131l\u0131r.<\/li><li>Y\u00fcksek gerilim kablo ba\u015fl\u0131k-bu\u015fing c\u0131vatalar s\u0131k\u0131l\u0131r<\/li><li>Al\u00e7ak gerilim kablo ba\u015fl\u0131k-bu\u015fing c\u0131vatalar s\u0131k\u0131l\u0131r. (Bu\u015fingler bazen \u00e7atlak olabiliyor.)<\/li><li>Ark boynuzlar\u0131 kontrol edilir. Kararmalar varsa atlama yap\u0131yordur. <\/li><li>Y\u0131ld\u0131z noktas\u0131 topraklamas\u0131 \u00f6l\u00e7\u00fcl\u00fcr.<\/li><li>Trafo, duvarlar, kap\u0131lar su ile y\u0131kanabilir.<\/li><li>Trafo, kablo ba\u015fl\u0131klar\u0131 tiner ile silinebilir, iyice kurulanmal\u0131d\u0131r.<\/li><li>Ya\u011f kalite \u00f6l\u00e7\u00fcm\u00fc yap\u0131l\u0131r, gerekirse ya\u011f tretman yap\u0131l\u0131r.<\/li><li>Silikajel de\u011fi\u015fimi yap\u0131l\u0131r.<\/li><li>Trafo odas\u0131n\u0131n varsa so\u011futma fanlar\u0131 kontrol edilir.<\/li><li>Sarg\u0131 \u00f6l\u00e7\u00fcmleri yap\u0131l\u0131r<\/li><\/ol>\n","protected":false},"excerpt":{"rendered":"<p>Transformat\u00f6r, i\u015fletmemizde trafo tamir ve bak\u0131m hizmetleri, fabrika d\u0131\u015f\u0131nda ise m\u00fchendislik ve yerinde bak\u0131m hizmetleri sunmaktad\u0131r. Bu hizmetler firmam\u0131z\u0131n uzman kadrosuyla, mobil hizmet ara\u00e7lar\u0131 ve mobil test ekibiyle kalitemizden \u00f6d\u00fcn vermeden sa\u011flanmaktad\u0131r. \u0130NTEGRAL Trafo, i\u015fletmemizde trafo tamir bak\u0131m ve onar\u0131m hizmetleri vermektedir. Hizmetlerimiz ar\u0131zal\u0131 trafonun ekspertizi ile ba\u015flar. Ekspertiz raporuna g\u00f6re fiyatland\u0131rma yap\u0131l\u0131r. Bu kapsamda, [&hellip;]<\/p>\n","protected":false},"author":1,"featured_media":365,"parent":0,"menu_order":0,"comment_status":"closed","ping_status":"closed","template":"","meta":{"om_disable_all_campaigns":false,"_monsterinsights_skip_tracking":false,"_monsterinsights_sitenote_active":false,"_monsterinsights_sitenote_note":"","_monsterinsights_sitenote_category":0,"site-sidebar-layout":"default","site-content-layout":"default","ast-site-content-layout":"default","site-content-style":"default","site-sidebar-style":"default","ast-global-header-display":"","ast-banner-title-visibility":"","ast-main-header-display":"","ast-hfb-above-header-display":"","ast-hfb-below-header-display":"","ast-hfb-mobile-header-display":"","site-post-title":"","ast-breadcrumbs-content":"","ast-featured-img":"","footer-sml-layout":"","ast-disable-related-posts":"","theme-transparent-header-meta":"default","adv-header-id-meta":"","stick-header-meta":"","header-above-stick-meta":"","header-main-stick-meta":"","header-below-stick-meta":"","astra-migrate-meta-layouts":"default","ast-page-background-enabled":"default","ast-page-background-meta":{"desktop":{"background-color":"","background-image":"","background-repeat":"repeat","background-position":"center center","background-size":"auto","background-attachment":"scroll","background-type":"","background-media":"","overlay-type":"","overlay-color":"","overlay-opacity":"","overlay-gradient":""},"tablet":{"background-color":"","background-image":"","background-repeat":"repeat","background-position":"center center","background-size":"auto","background-attachment":"scroll","background-type":"","background-media":"","overlay-type":"","overlay-color":"","overlay-opacity":"","overlay-gradient":""},"mobile":{"background-color":"","background-image":"","background-repeat":"repeat","background-position":"center center","background-size":"auto","background-attachment":"scroll","background-type":"","background-media":"","overlay-type":"","overlay-color":"","overlay-opacity":"","overlay-gradient":""}},"ast-content-background-meta":{"desktop":{"background-color":"var(--ast-global-color-5)","background-image":"","background-repeat":"repeat","background-position":"center center","background-size":"auto","background-attachment":"scroll","background-type":"","background-media":"","overlay-type":"","overlay-color":"","overlay-opacity":"","overlay-gradient":""},"tablet":{"background-color":"var(--ast-global-color-5)","background-image":"","background-repeat":"repeat","background-position":"center center","background-size":"auto","background-attachment":"scroll","background-type":"","background-media":"","overlay-type":"","overlay-color":"","overlay-opacity":"","overlay-gradient":""},"mobile":{"background-color":"var(--ast-global-color-5)","background-image":"","background-repeat":"repeat","background-position":"center center","background-size":"auto","background-attachment":"scroll","background-type":"","background-media":"","overlay-type":"","overlay-color":"","overlay-opacity":"","overlay-gradient":""}},"footnotes":""},"class_list":["post-271","page","type-page","status-publish","has-post-thumbnail","hentry"],"aioseo_notices":[],"yoast_head":"<!-- This site is optimized with the Yoast SEO plugin v27.3 - https:\/\/yoast.com\/product\/yoast-seo-wordpress\/ -->\n<title>Trafo tamiri ve bak\u0131m i\u015flemi -<\/title>\n<meta name=\"robots\" content=\"index, follow, max-snippet:-1, max-image-preview:large, max-video-preview:-1\" \/>\n<link rel=\"canonical\" href=\"https:\/\/integraltransformator.com\/index.php\/trafo-tamiri-ve-bakim-islemi\/\" \/>\n<meta property=\"og:locale\" content=\"tr_TR\" \/>\n<meta property=\"og:type\" content=\"article\" \/>\n<meta property=\"og:title\" content=\"Trafo tamiri ve bak\u0131m i\u015flemi -\" \/>\n<meta property=\"og:description\" content=\"Transformat\u00f6r, i\u015fletmemizde trafo tamir ve bak\u0131m hizmetleri, fabrika d\u0131\u015f\u0131nda ise m\u00fchendislik ve yerinde bak\u0131m hizmetleri sunmaktad\u0131r. Bu hizmetler firmam\u0131z\u0131n uzman kadrosuyla, mobil hizmet ara\u00e7lar\u0131 ve mobil test ekibiyle kalitemizden \u00f6d\u00fcn vermeden sa\u011flanmaktad\u0131r. \u0130NTEGRAL Trafo, i\u015fletmemizde trafo tamir bak\u0131m ve onar\u0131m hizmetleri vermektedir. Hizmetlerimiz ar\u0131zal\u0131 trafonun ekspertizi ile ba\u015flar. Ekspertiz raporuna g\u00f6re fiyatland\u0131rma yap\u0131l\u0131r. Bu kapsamda, [&hellip;]\" \/>\n<meta property=\"og:url\" content=\"https:\/\/integraltransformator.com\/index.php\/trafo-tamiri-ve-bakim-islemi\/\" \/>\n<meta property=\"article:modified_time\" content=\"2021-07-10T15:55:43+00:00\" \/>\n<meta property=\"og:image\" content=\"https:\/\/integraltransformator.com\/wp-content\/uploads\/2021\/07\/unnamed.jpg\" \/>\n\t<meta property=\"og:image:width\" content=\"512\" \/>\n\t<meta property=\"og:image:height\" content=\"319\" \/>\n\t<meta property=\"og:image:type\" content=\"image\/jpeg\" \/>\n<meta name=\"twitter:card\" content=\"summary_large_image\" \/>\n<meta name=\"twitter:label1\" content=\"Tahmini okuma s\u00fcresi\" \/>\n\t<meta name=\"twitter:data1\" content=\"2 dakika\" \/>\n<script type=\"application\/ld+json\" class=\"yoast-schema-graph\">{\"@context\":\"https:\\\/\\\/schema.org\",\"@graph\":[{\"@type\":\"WebPage\",\"@id\":\"https:\\\/\\\/integraltransformator.com\\\/index.php\\\/trafo-tamiri-ve-bakim-islemi\\\/\",\"url\":\"https:\\\/\\\/integraltransformator.com\\\/index.php\\\/trafo-tamiri-ve-bakim-islemi\\\/\",\"name\":\"Trafo tamiri ve bak\u0131m i\u015flemi -\",\"isPartOf\":{\"@id\":\"https:\\\/\\\/integraltransformator.com\\\/#website\"},\"primaryImageOfPage\":{\"@id\":\"https:\\\/\\\/integraltransformator.com\\\/index.php\\\/trafo-tamiri-ve-bakim-islemi\\\/#primaryimage\"},\"image\":{\"@id\":\"https:\\\/\\\/integraltransformator.com\\\/index.php\\\/trafo-tamiri-ve-bakim-islemi\\\/#primaryimage\"},\"thumbnailUrl\":\"https:\\\/\\\/integraltransformator.com\\\/wp-content\\\/uploads\\\/2021\\\/07\\\/unnamed.jpg\",\"datePublished\":\"2021-07-07T12:20:29+00:00\",\"dateModified\":\"2021-07-10T15:55:43+00:00\",\"breadcrumb\":{\"@id\":\"https:\\\/\\\/integraltransformator.com\\\/index.php\\\/trafo-tamiri-ve-bakim-islemi\\\/#breadcrumb\"},\"inLanguage\":\"tr\",\"potentialAction\":[{\"@type\":\"ReadAction\",\"target\":[\"https:\\\/\\\/integraltransformator.com\\\/index.php\\\/trafo-tamiri-ve-bakim-islemi\\\/\"]}]},{\"@type\":\"ImageObject\",\"inLanguage\":\"tr\",\"@id\":\"https:\\\/\\\/integraltransformator.com\\\/index.php\\\/trafo-tamiri-ve-bakim-islemi\\\/#primaryimage\",\"url\":\"https:\\\/\\\/integraltransformator.com\\\/wp-content\\\/uploads\\\/2021\\\/07\\\/unnamed.jpg\",\"contentUrl\":\"https:\\\/\\\/integraltransformator.com\\\/wp-content\\\/uploads\\\/2021\\\/07\\\/unnamed.jpg\",\"width\":512,\"height\":319},{\"@type\":\"BreadcrumbList\",\"@id\":\"https:\\\/\\\/integraltransformator.com\\\/index.php\\\/trafo-tamiri-ve-bakim-islemi\\\/#breadcrumb\",\"itemListElement\":[{\"@type\":\"ListItem\",\"position\":1,\"name\":\"Anasayfa\",\"item\":\"https:\\\/\\\/integraltransformator.com\\\/\"},{\"@type\":\"ListItem\",\"position\":2,\"name\":\"Trafo tamiri ve bak\u0131m i\u015flemi\"}]},{\"@type\":\"WebSite\",\"@id\":\"https:\\\/\\\/integraltransformator.com\\\/#website\",\"url\":\"https:\\\/\\\/integraltransformator.com\\\/\",\"name\":\"\u0130ntegral Transformat\u00f6r M\u00fchendislik\",\"description\":\"TRAFO MOB\u0130L SERV\u0130S \",\"publisher\":{\"@id\":\"https:\\\/\\\/integraltransformator.com\\\/#organization\"},\"potentialAction\":[{\"@type\":\"SearchAction\",\"target\":{\"@type\":\"EntryPoint\",\"urlTemplate\":\"https:\\\/\\\/integraltransformator.com\\\/?s={search_term_string}\"},\"query-input\":{\"@type\":\"PropertyValueSpecification\",\"valueRequired\":true,\"valueName\":\"search_term_string\"}}],\"inLanguage\":\"tr\"},{\"@type\":\"Organization\",\"@id\":\"https:\\\/\\\/integraltransformator.com\\\/#organization\",\"name\":\"\u0130ntegral Transformator M\u00fchendislik\",\"url\":\"https:\\\/\\\/integraltransformator.com\\\/\",\"logo\":{\"@type\":\"ImageObject\",\"inLanguage\":\"tr\",\"@id\":\"https:\\\/\\\/integraltransformator.com\\\/#\\\/schema\\\/logo\\\/image\\\/\",\"url\":\"http:\\\/\\\/integraltransformator.com\\\/wp-content\\\/uploads\\\/2021\\\/07\\\/cropped-cropped-logo.png\",\"contentUrl\":\"http:\\\/\\\/integraltransformator.com\\\/wp-content\\\/uploads\\\/2021\\\/07\\\/cropped-cropped-logo.png\",\"width\":512,\"height\":512,\"caption\":\"\u0130ntegral Transformator M\u00fchendislik\"},\"image\":{\"@id\":\"https:\\\/\\\/integraltransformator.com\\\/#\\\/schema\\\/logo\\\/image\\\/\"}}]}<\/script>\n<!-- \/ Yoast SEO plugin. -->","yoast_head_json":{"title":"Trafo tamiri ve bak\u0131m i\u015flemi -","robots":{"index":"index","follow":"follow","max-snippet":"max-snippet:-1","max-image-preview":"max-image-preview:large","max-video-preview":"max-video-preview:-1"},"canonical":"https:\/\/integraltransformator.com\/index.php\/trafo-tamiri-ve-bakim-islemi\/","og_locale":"tr_TR","og_type":"article","og_title":"Trafo tamiri ve bak\u0131m i\u015flemi -","og_description":"Transformat\u00f6r, i\u015fletmemizde trafo tamir ve bak\u0131m hizmetleri, fabrika d\u0131\u015f\u0131nda ise m\u00fchendislik ve yerinde bak\u0131m hizmetleri sunmaktad\u0131r. Bu hizmetler firmam\u0131z\u0131n uzman kadrosuyla, mobil hizmet ara\u00e7lar\u0131 ve mobil test ekibiyle kalitemizden \u00f6d\u00fcn vermeden sa\u011flanmaktad\u0131r. \u0130NTEGRAL Trafo, i\u015fletmemizde trafo tamir bak\u0131m ve onar\u0131m hizmetleri vermektedir. Hizmetlerimiz ar\u0131zal\u0131 trafonun ekspertizi ile ba\u015flar. Ekspertiz raporuna g\u00f6re fiyatland\u0131rma yap\u0131l\u0131r. Bu kapsamda, [&hellip;]","og_url":"https:\/\/integraltransformator.com\/index.php\/trafo-tamiri-ve-bakim-islemi\/","article_modified_time":"2021-07-10T15:55:43+00:00","og_image":[{"width":512,"height":319,"url":"https:\/\/integraltransformator.com\/wp-content\/uploads\/2021\/07\/unnamed.jpg","type":"image\/jpeg"}],"twitter_card":"summary_large_image","twitter_misc":{"Tahmini okuma s\u00fcresi":"2 dakika"},"schema":{"@context":"https:\/\/schema.org","@graph":[{"@type":"WebPage","@id":"https:\/\/integraltransformator.com\/index.php\/trafo-tamiri-ve-bakim-islemi\/","url":"https:\/\/integraltransformator.com\/index.php\/trafo-tamiri-ve-bakim-islemi\/","name":"Trafo tamiri ve bak\u0131m i\u015flemi -","isPartOf":{"@id":"https:\/\/integraltransformator.com\/#website"},"primaryImageOfPage":{"@id":"https:\/\/integraltransformator.com\/index.php\/trafo-tamiri-ve-bakim-islemi\/#primaryimage"},"image":{"@id":"https:\/\/integraltransformator.com\/index.php\/trafo-tamiri-ve-bakim-islemi\/#primaryimage"},"thumbnailUrl":"https:\/\/integraltransformator.com\/wp-content\/uploads\/2021\/07\/unnamed.jpg","datePublished":"2021-07-07T12:20:29+00:00","dateModified":"2021-07-10T15:55:43+00:00","breadcrumb":{"@id":"https:\/\/integraltransformator.com\/index.php\/trafo-tamiri-ve-bakim-islemi\/#breadcrumb"},"inLanguage":"tr","potentialAction":[{"@type":"ReadAction","target":["https:\/\/integraltransformator.com\/index.php\/trafo-tamiri-ve-bakim-islemi\/"]}]},{"@type":"ImageObject","inLanguage":"tr","@id":"https:\/\/integraltransformator.com\/index.php\/trafo-tamiri-ve-bakim-islemi\/#primaryimage","url":"https:\/\/integraltransformator.com\/wp-content\/uploads\/2021\/07\/unnamed.jpg","contentUrl":"https:\/\/integraltransformator.com\/wp-content\/uploads\/2021\/07\/unnamed.jpg","width":512,"height":319},{"@type":"BreadcrumbList","@id":"https:\/\/integraltransformator.com\/index.php\/trafo-tamiri-ve-bakim-islemi\/#breadcrumb","itemListElement":[{"@type":"ListItem","position":1,"name":"Anasayfa","item":"https:\/\/integraltransformator.com\/"},{"@type":"ListItem","position":2,"name":"Trafo tamiri ve bak\u0131m i\u015flemi"}]},{"@type":"WebSite","@id":"https:\/\/integraltransformator.com\/#website","url":"https:\/\/integraltransformator.com\/","name":"\u0130ntegral Transformat\u00f6r M\u00fchendislik","description":"TRAFO MOB\u0130L SERV\u0130S ","publisher":{"@id":"https:\/\/integraltransformator.com\/#organization"},"potentialAction":[{"@type":"SearchAction","target":{"@type":"EntryPoint","urlTemplate":"https:\/\/integraltransformator.com\/?s={search_term_string}"},"query-input":{"@type":"PropertyValueSpecification","valueRequired":true,"valueName":"search_term_string"}}],"inLanguage":"tr"},{"@type":"Organization","@id":"https:\/\/integraltransformator.com\/#organization","name":"\u0130ntegral Transformator M\u00fchendislik","url":"https:\/\/integraltransformator.com\/","logo":{"@type":"ImageObject","inLanguage":"tr","@id":"https:\/\/integraltransformator.com\/#\/schema\/logo\/image\/","url":"http:\/\/integraltransformator.com\/wp-content\/uploads\/2021\/07\/cropped-cropped-logo.png","contentUrl":"http:\/\/integraltransformator.com\/wp-content\/uploads\/2021\/07\/cropped-cropped-logo.png","width":512,"height":512,"caption":"\u0130ntegral Transformator M\u00fchendislik"},"image":{"@id":"https:\/\/integraltransformator.com\/#\/schema\/logo\/image\/"}}]}},"_links":{"self":[{"href":"https:\/\/integraltransformator.com\/index.php\/wp-json\/wp\/v2\/pages\/271","targetHints":{"allow":["GET"]}}],"collection":[{"href":"https:\/\/integraltransformator.com\/index.php\/wp-json\/wp\/v2\/pages"}],"about":[{"href":"https:\/\/integraltransformator.com\/index.php\/wp-json\/wp\/v2\/types\/page"}],"author":[{"embeddable":true,"href":"https:\/\/integraltransformator.com\/index.php\/wp-json\/wp\/v2\/users\/1"}],"replies":[{"embeddable":true,"href":"https:\/\/integraltransformator.com\/index.php\/wp-json\/wp\/v2\/comments?post=271"}],"version-history":[{"count":4,"href":"https:\/\/integraltransformator.com\/index.php\/wp-json\/wp\/v2\/pages\/271\/revisions"}],"predecessor-version":[{"id":370,"href":"https:\/\/integraltransformator.com\/index.php\/wp-json\/wp\/v2\/pages\/271\/revisions\/370"}],"wp:featuredmedia":[{"embeddable":true,"href":"https:\/\/integraltransformator.com\/index.php\/wp-json\/wp\/v2\/media\/365"}],"wp:attachment":[{"href":"https:\/\/integraltransformator.com\/index.php\/wp-json\/wp\/v2\/media?parent=271"}],"curies":[{"name":"wp","href":"https:\/\/api.w.org\/{rel}","templated":true}]}}