{"id":270,"date":"2021-07-07T12:20:29","date_gmt":"2021-07-07T12:20:29","guid":{"rendered":"http:\/\/integraltransformator.com\/?page_id=270"},"modified":"2021-07-08T20:15:08","modified_gmt":"2021-07-08T20:15:08","slug":"otomasyon-sistemleri","status":"publish","type":"page","link":"https:\/\/integraltransformator.com\/index.php\/otomasyon-sistemleri\/","title":{"rendered":"Otomasyon Sistemleri"},"content":{"rendered":"\n<p>Bu yaz\u0131m\u0131zda sizlerle birlikte&nbsp;<strong>otomasyon nedir<\/strong>&nbsp;ile&nbsp;<strong>kontrol ve otomasyon nedir<\/strong>&nbsp;sorular\u0131n\u0131n cevab\u0131 aranacakt\u0131r. \u00d6ncelikle otomasyonun ne anlama geldi\u011fine g\u00f6z atal\u0131m. Otomasyon, ger\u00e7ekle\u015ftirilmek istenen bir i\u015fin makineyle birlikte ger\u00e7ekle\u015ftirilmesidir. Yani bir anlamda insan ve makine aras\u0131nda i\u015f payla\u015f\u0131m\u0131 yapmaya otomasyon denilmektedir. Bu a\u015famada kar\u015f\u0131m\u0131za iki farkl\u0131 otomasyon \u00e7\u0131kmaktad\u0131r.<\/p>\n\n\n\n<p>1.&nbsp;<strong><em>Yar\u0131 Otomasyon<\/em><\/strong>: \u0130nsan g\u00fcc\u00fcn\u00fcn yo\u011fun oldu\u011fu ve i\u015fin payla\u015f\u0131m y\u00fczdesinin y\u00fcksek oldu\u011fu otomasyon t\u00fcr\u00fcd\u00fcr.<\/p>\n\n\n\n<p>2.&nbsp;<strong><em>Tam Otomasyon<\/em><\/strong>: Bir i\u015fte makinenin yo\u011fun bir \u015fekilde kullan\u0131ld\u0131\u011f\u0131 sistemlere tam otomasyon denilmektedir.<\/p>\n\n\n\n<p>Sanayile\u015fmenin ilk zamanlar\u0131ndan itibaren insan etkisinin en aza indirilerek i\u015flem yap\u0131lmas\u0131 esas al\u0131nm\u0131\u015ft\u0131r. Bunda da ger\u00e7ekle\u015ftirilen i\u015flemin belirli standartlara uygun hale getirilmesi, h\u0131zl\u0131, seri, g\u00fcvenli ve verimli \u00fcretim gibi kriterler baz al\u0131nm\u0131\u015ft\u0131r. Bu durum bize&nbsp;<strong>end\u00fcstriyel otomasyon nedir<\/strong>&nbsp;sorusunun da cevab\u0131na g\u00f6t\u00fcrecektir.<\/p>\n\n\n\n<h3 class=\"wp-block-heading\">Otomasyonun Avantajlar\u0131 ve Dezavantajlar\u0131 Nelerdir?<\/h3>\n\n\n\n<p>Yukar\u0131da yer verdi\u011fimiz tan\u0131mlardan yola \u00e7\u0131karak otomasyonun bizler i\u00e7in faydas\u0131 var m\u0131d\u0131r ve hangi y\u00f6nleri ile tercih edilmelidir gibi sorulara da cevap vermemiz gerekir. \u00d6ncelikle sanayide kullan\u0131lan&nbsp;<strong>PLC otomasyon nedir<\/strong>&nbsp;diyecek olursak, imalat ve i\u015fletme end\u00fcstrilerinin kaliteyi de korumak suretiyle verimli, ekonomik a\u00e7\u0131dan etkin ve esnek olmalar\u0131n\u0131 sa\u011flayan ve bu anlamda i\u015fletme sahibine yard\u0131mc\u0131 olan sistemler oldu\u011fundan a\u015fa\u011f\u0131daki durumlar otomasyonun avantajlar\u0131 aras\u0131ndad\u0131r:<\/p>\n\n\n\n<ul class=\"wp-block-list\"><li><em>Uygulanmas\u0131 kolayd\u0131r<\/em><\/li><li><em>Az yer tutarak daha az ar\u0131za ortaya \u00e7\u0131kar\u0131r<\/em><\/li><li><em>Yenilenen uygulamaya daha \u00e7abuk adapte olurlar<\/em><\/li><li><em>G\u00fcvenilirdir<\/em><\/li><li><em>A\u011f\u0131r i\u015fletme \u015fartlar\u0131nda \u00e7al\u0131\u015fabilirler<\/em><\/li><li><em>K\u00f6t\u00fc \u00e7evre \u015fartlar\u0131ndan kolay kolay etkilenmezler<\/em><\/li><li><em>Kablo ba\u011flant\u0131s\u0131n\u0131 en az indirgeyerek kablo karma\u015fas\u0131n\u0131 \u00f6nler<\/em><\/li><li><em>Haz\u0131r i\u015flevler defalarca kullan\u0131labilir<\/em><\/li><\/ul>\n\n\n\n<p>Yukar\u0131da belirtilen yararlar i\u015fletmelere h\u0131z, kalite, zamandan tasarruf, daha az maliyet ve tabi ki uzun vade de k\u00e2r olarak geri d\u00f6necektir.<img decoding=\"async\" alt=\"Otomasyon Sistemi Nedir?\" src=\"https:\/\/teslaakademi.com\/images\/otomasyon-sistemi-nedir-1.jpg\"><\/p>\n\n\n\n<p>Peki bu kadar avantajlara ra\u011fmen dezavantajlar\u0131 yok mudur otomasyon sistemlerinin? Otomasyon sistemlerinin en b\u00fcy\u00fck dezavantaj\u0131 ilk kurulumlar\u0131d\u0131r. \u0130lk kurulumunda olu\u015fan y\u00fcksek maliyet i\u015fletmeler i\u00e7in bir anlamda risk i\u00e7erse de ileriki a\u015famalarda yukar\u0131da belirtilen avantajlar\u0131 pe\u015fi s\u0131ra getirecektir.<\/p>\n\n\n\n<p>Otomasyon sistemlerinde kar\u015f\u0131la\u015f\u0131lan bir di\u011fer dezavantaj ise \u00e7al\u0131\u015fan say\u0131s\u0131n\u0131n azalt\u0131lmas\u0131 ve gerekirse i\u015ften \u00e7\u0131kar\u0131lmalar\u0131n ya\u015fanmas\u0131d\u0131r.<\/p>\n\n\n\n<h2 class=\"wp-block-heading\">Kontrol ve Otomasyon Sistemleri<\/h2>\n\n\n\n<p><strong>Otomasyon sistemi nedir<\/strong>&nbsp;konulu yaz\u0131m\u0131za kontrol ve otomasyon sistemleri ile devam edelim.&nbsp;<strong>Otomasyon sistemleri nedir<\/strong>&nbsp;sorusuna yukar\u0131da k\u0131sa bir giri\u015f yapm\u0131\u015f olduk. Art\u0131k \u00e7o\u011fu sistemin makinele\u015fti\u011fi bir d\u00fcnyada ya\u015famam\u0131z dolay\u0131s\u0131yla s\u0131kl\u0131kla&nbsp;<strong>otomosyon nedir<\/strong>&nbsp;sorusu ile kar\u015f\u0131la\u015fmaktay\u0131z. G\u00fcn\u00fcm\u00fczde gerek sanayide olsun gerek g\u00fcnl\u00fck ya\u015famda olsun bir\u00e7ok otomasyon sistemi ile kar\u015f\u0131la\u015fmay\u0131z.<\/p>\n\n\n\n<p><strong>Kontrol ve otomasyon sistemleri<\/strong>&nbsp;denilince akla ilk sanayide kullan\u0131lan makine ve te\u00e7hizatlar gelse de&nbsp;<strong>bina otomasyon sistemleri nedir<\/strong>,&nbsp;<strong>\u00f6\u011frenci otomasyon sistemi nedir<\/strong>&nbsp;ve&nbsp;<strong>ofis otomasyon sistemi nedir<\/strong>&nbsp;gibi sorular da bizi do\u011frudan otomatik sistemlere g\u00f6t\u00fcrmektedir. Tabi ki b\u00fct\u00fcn otomasyon sistemlerinde makineler kullan\u0131lacak de\u011fil. \u00d6rne\u011fin \u00f6\u011frenci otomasyon sistemlerinde durum daha farkl\u0131d\u0131r ve bu sistemlerde b\u00fct\u00fcn organizasyon ve i\u015flevler bilgisayar \u00fczerinden y\u00fcr\u00fct\u00fclmektedir.<img decoding=\"async\" alt=\"Otomasyon Sistemi Nedir?\" src=\"https:\/\/teslaakademi.com\/images\/otomasyon-sistemi-nedir-2.png\"><\/p>\n\n\n\n<p>Bu konuda bir \u00f6rnek daha vermek gerekirse art\u0131k ak\u0131ll\u0131 evlerin hayat\u0131m\u0131za daha \u00e7ok girmeye ba\u015flad\u0131\u011f\u0131n\u0131 g\u00f6rmekteyiz. Ve tahmin edebilece\u011finiz gibi otomasyon sistemleri bu a\u015famada bize \u00e7ok yard\u0131mc\u0131 olmaktad\u0131r. \u00d6zellikle \u0131s\u0131tma \u2013 so\u011futma \u2013 havaland\u0131rma, ayd\u0131nlatma, otopark g\u00fcvenlik sistemlerinin otomatikle\u015ftirilmesinde otomasyon sistemlerinden faydalan\u0131lmaktad\u0131r. Bu sistemlerle birlikte ak\u0131ll\u0131 evler hayat\u0131m\u0131z\u0131 kolayla\u015ft\u0131rmaktad\u0131r. Ancak burada dikkat edilmesi gereken husus b\u00fct\u00fcn bunlar\u0131n yeni maliyetler getirmesidir.<\/p>\n\n\n\n<h2 class=\"wp-block-heading\">Otomasyon Sistemleri E\u011fitimi<\/h2>\n\n\n\n<p>D\u00fcnyam\u0131z\u0131n \u00e7ok y\u00f6nl\u00fc ara\u015ft\u0131rmalarla geli\u015fim g\u00f6stermesi bir\u00e7ok a\u00e7\u0131dan insan hayat\u0131n\u0131 kolayla\u015ft\u0131rmaya devam etmektedir. Bu \u00e7al\u0131\u015fmalar\u0131n etkisi t\u00fcm d\u00fcnyada oldu\u011fu gibi \u00fclkemize de yans\u0131m\u0131\u015ft\u0131r. Dolay\u0131s\u0131yla ya\u015fanan bu geli\u015fmelere paralel olarak bireysel anlamda geli\u015fim g\u00f6stermek faydal\u0131 olacakt\u0131r. \u00c7\u00fcnk\u00fc gidi\u015fat bizi daha \u00e7ok ak\u0131ll\u0131 sistemlere y\u00f6nlendirmektedir. Ak\u0131ll\u0131 evler, ak\u0131ll\u0131 telefonlar, ak\u0131ll\u0131 cihazlar vb\u2026<img decoding=\"async\" alt=\"Otomasyon Sistemi Nedir?\" src=\"https:\/\/teslaakademi.com\/images\/otomasyon-sistemi-nedir-3.jpg\"><\/p>\n\n\n\n<p>B\u00fct\u00fcn bu durumlar g\u00f6z \u00f6n\u00fcne al\u0131nd\u0131\u011f\u0131nda\u00a0<strong>otomasyon anlam\u0131 nedir<\/strong>\u00a0ve\u00a0<strong>otomasyon sistemi nedir<\/strong>\u00a0sorusuna cevap aramak gayet yerinde bir aray\u0131\u015f olacakt\u0131r. Ayr\u0131ca\u00a0<strong>otomasyon program\u0131 nedir<\/strong>\u00a0konusunda da ara\u015ft\u0131rmalar yapmak ve bu soruya cevap aramak \u00f6nemlidir. Her ne kadar internet ortam\u0131nda bir\u00e7ok dok\u00fcman, e\u011fitimsel \u00e7al\u0131\u015fmalar yer alsa da\u00a0<strong>otomasyon sistemleri dersi<\/strong>\u00a0ile bu konuda \u00e7al\u0131\u015fmalar yapmak olduk\u00e7a \u00f6nemlidir. Bu sayede ki\u015fisel \u00e7aba ve \u00f6zverili bir \u00e7al\u0131\u015fma sayesinde otomasyon konusunda b\u00fcy\u00fck geli\u015fmeler katedilebilir.<\/p>\n","protected":false},"excerpt":{"rendered":"<p>Bu yaz\u0131m\u0131zda sizlerle birlikte&nbsp;otomasyon nedir&nbsp;ile&nbsp;kontrol ve otomasyon nedir&nbsp;sorular\u0131n\u0131n cevab\u0131 aranacakt\u0131r. \u00d6ncelikle otomasyonun ne anlama geldi\u011fine g\u00f6z atal\u0131m. Otomasyon, ger\u00e7ekle\u015ftirilmek istenen bir i\u015fin makineyle birlikte ger\u00e7ekle\u015ftirilmesidir. Yani bir anlamda insan ve makine aras\u0131nda i\u015f payla\u015f\u0131m\u0131 yapmaya otomasyon denilmektedir. Bu a\u015famada kar\u015f\u0131m\u0131za iki farkl\u0131 otomasyon \u00e7\u0131kmaktad\u0131r. 1.&nbsp;Yar\u0131 Otomasyon: \u0130nsan g\u00fcc\u00fcn\u00fcn yo\u011fun oldu\u011fu ve i\u015fin payla\u015f\u0131m y\u00fczdesinin y\u00fcksek [&hellip;]<\/p>\n","protected":false},"author":1,"featured_media":0,"parent":0,"menu_order":0,"comment_status":"closed","ping_status":"closed","template":"","meta":{"om_disable_all_campaigns":false,"_monsterinsights_skip_tracking":false,"_monsterinsights_sitenote_active":false,"_monsterinsights_sitenote_note":"","_monsterinsights_sitenote_category":0,"site-sidebar-layout":"default","site-content-layout":"default","ast-site-content-layout":"default","site-content-style":"default","site-sidebar-style":"default","ast-global-header-display":"","ast-banner-title-visibility":"","ast-main-header-display":"","ast-hfb-above-header-display":"","ast-hfb-below-header-display":"","ast-hfb-mobile-header-display":"","site-post-title":"","ast-breadcrumbs-content":"","ast-featured-img":"","footer-sml-layout":"","ast-disable-related-posts":"","theme-transparent-header-meta":"default","adv-header-id-meta":"","stick-header-meta":"","header-above-stick-meta":"","header-main-stick-meta":"","header-below-stick-meta":"","astra-migrate-meta-layouts":"default","ast-page-background-enabled":"default","ast-page-background-meta":{"desktop":{"background-color":"","background-image":"","background-repeat":"repeat","background-position":"center center","background-size":"auto","background-attachment":"scroll","background-type":"","background-media":"","overlay-type":"","overlay-color":"","overlay-opacity":"","overlay-gradient":""},"tablet":{"background-color":"","background-image":"","background-repeat":"repeat","background-position":"center center","background-size":"auto","background-attachment":"scroll","background-type":"","background-media":"","overlay-type":"","overlay-color":"","overlay-opacity":"","overlay-gradient":""},"mobile":{"background-color":"","background-image":"","background-repeat":"repeat","background-position":"center center","background-size":"auto","background-attachment":"scroll","background-type":"","background-media":"","overlay-type":"","overlay-color":"","overlay-opacity":"","overlay-gradient":""}},"ast-content-background-meta":{"desktop":{"background-color":"var(--ast-global-color-5)","background-image":"","background-repeat":"repeat","background-position":"center center","background-size":"auto","background-attachment":"scroll","background-type":"","background-media":"","overlay-type":"","overlay-color":"","overlay-opacity":"","overlay-gradient":""},"tablet":{"background-color":"var(--ast-global-color-5)","background-image":"","background-repeat":"repeat","background-position":"center center","background-size":"auto","background-attachment":"scroll","background-type":"","background-media":"","overlay-type":"","overlay-color":"","overlay-opacity":"","overlay-gradient":""},"mobile":{"background-color":"var(--ast-global-color-5)","background-image":"","background-repeat":"repeat","background-position":"center center","background-size":"auto","background-attachment":"scroll","background-type":"","background-media":"","overlay-type":"","overlay-color":"","overlay-opacity":"","overlay-gradient":""}},"footnotes":""},"class_list":["post-270","page","type-page","status-publish","hentry"],"aioseo_notices":[],"yoast_head":"<!-- This site is optimized with the Yoast SEO plugin v27.4 - https:\/\/yoast.com\/product\/yoast-seo-wordpress\/ -->\n<title>Otomasyon Sistemleri -<\/title>\n<meta name=\"robots\" content=\"index, follow, max-snippet:-1, max-image-preview:large, max-video-preview:-1\" \/>\n<link rel=\"canonical\" href=\"https:\/\/integraltransformator.com\/index.php\/otomasyon-sistemleri\/\" \/>\n<meta property=\"og:locale\" content=\"tr_TR\" \/>\n<meta property=\"og:type\" content=\"article\" \/>\n<meta property=\"og:title\" content=\"Otomasyon Sistemleri -\" \/>\n<meta property=\"og:description\" content=\"Bu yaz\u0131m\u0131zda sizlerle birlikte&nbsp;otomasyon nedir&nbsp;ile&nbsp;kontrol ve otomasyon nedir&nbsp;sorular\u0131n\u0131n cevab\u0131 aranacakt\u0131r. \u00d6ncelikle otomasyonun ne anlama geldi\u011fine g\u00f6z atal\u0131m. Otomasyon, ger\u00e7ekle\u015ftirilmek istenen bir i\u015fin makineyle birlikte ger\u00e7ekle\u015ftirilmesidir. Yani bir anlamda insan ve makine aras\u0131nda i\u015f payla\u015f\u0131m\u0131 yapmaya otomasyon denilmektedir. Bu a\u015famada kar\u015f\u0131m\u0131za iki farkl\u0131 otomasyon \u00e7\u0131kmaktad\u0131r. 1.&nbsp;Yar\u0131 Otomasyon: \u0130nsan g\u00fcc\u00fcn\u00fcn yo\u011fun oldu\u011fu ve i\u015fin payla\u015f\u0131m y\u00fczdesinin y\u00fcksek [&hellip;]\" \/>\n<meta property=\"og:url\" content=\"https:\/\/integraltransformator.com\/index.php\/otomasyon-sistemleri\/\" \/>\n<meta property=\"article:modified_time\" content=\"2021-07-08T20:15:08+00:00\" \/>\n<meta property=\"og:image\" content=\"https:\/\/teslaakademi.com\/images\/otomasyon-sistemi-nedir-1.jpg\" \/>\n<meta name=\"twitter:card\" content=\"summary_large_image\" \/>\n<meta name=\"twitter:label1\" content=\"Tahmini okuma s\u00fcresi\" \/>\n\t<meta name=\"twitter:data1\" content=\"4 dakika\" \/>\n<script type=\"application\/ld+json\" class=\"yoast-schema-graph\">{\"@context\":\"https:\\\/\\\/schema.org\",\"@graph\":[{\"@type\":\"WebPage\",\"@id\":\"https:\\\/\\\/integraltransformator.com\\\/index.php\\\/otomasyon-sistemleri\\\/\",\"url\":\"https:\\\/\\\/integraltransformator.com\\\/index.php\\\/otomasyon-sistemleri\\\/\",\"name\":\"Otomasyon Sistemleri -\",\"isPartOf\":{\"@id\":\"https:\\\/\\\/integraltransformator.com\\\/#website\"},\"primaryImageOfPage\":{\"@id\":\"https:\\\/\\\/integraltransformator.com\\\/index.php\\\/otomasyon-sistemleri\\\/#primaryimage\"},\"image\":{\"@id\":\"https:\\\/\\\/integraltransformator.com\\\/index.php\\\/otomasyon-sistemleri\\\/#primaryimage\"},\"thumbnailUrl\":\"https:\\\/\\\/teslaakademi.com\\\/images\\\/otomasyon-sistemi-nedir-1.jpg\",\"datePublished\":\"2021-07-07T12:20:29+00:00\",\"dateModified\":\"2021-07-08T20:15:08+00:00\",\"breadcrumb\":{\"@id\":\"https:\\\/\\\/integraltransformator.com\\\/index.php\\\/otomasyon-sistemleri\\\/#breadcrumb\"},\"inLanguage\":\"tr\",\"potentialAction\":[{\"@type\":\"ReadAction\",\"target\":[\"https:\\\/\\\/integraltransformator.com\\\/index.php\\\/otomasyon-sistemleri\\\/\"]}]},{\"@type\":\"ImageObject\",\"inLanguage\":\"tr\",\"@id\":\"https:\\\/\\\/integraltransformator.com\\\/index.php\\\/otomasyon-sistemleri\\\/#primaryimage\",\"url\":\"https:\\\/\\\/teslaakademi.com\\\/images\\\/otomasyon-sistemi-nedir-1.jpg\",\"contentUrl\":\"https:\\\/\\\/teslaakademi.com\\\/images\\\/otomasyon-sistemi-nedir-1.jpg\"},{\"@type\":\"BreadcrumbList\",\"@id\":\"https:\\\/\\\/integraltransformator.com\\\/index.php\\\/otomasyon-sistemleri\\\/#breadcrumb\",\"itemListElement\":[{\"@type\":\"ListItem\",\"position\":1,\"name\":\"Anasayfa\",\"item\":\"https:\\\/\\\/integraltransformator.com\\\/\"},{\"@type\":\"ListItem\",\"position\":2,\"name\":\"Otomasyon Sistemleri\"}]},{\"@type\":\"WebSite\",\"@id\":\"https:\\\/\\\/integraltransformator.com\\\/#website\",\"url\":\"https:\\\/\\\/integraltransformator.com\\\/\",\"name\":\"\u0130ntegral Transformat\u00f6r M\u00fchendislik\",\"description\":\"TRAFO MOB\u0130L SERV\u0130S \",\"publisher\":{\"@id\":\"https:\\\/\\\/integraltransformator.com\\\/#organization\"},\"potentialAction\":[{\"@type\":\"SearchAction\",\"target\":{\"@type\":\"EntryPoint\",\"urlTemplate\":\"https:\\\/\\\/integraltransformator.com\\\/?s={search_term_string}\"},\"query-input\":{\"@type\":\"PropertyValueSpecification\",\"valueRequired\":true,\"valueName\":\"search_term_string\"}}],\"inLanguage\":\"tr\"},{\"@type\":\"Organization\",\"@id\":\"https:\\\/\\\/integraltransformator.com\\\/#organization\",\"name\":\"\u0130ntegral Transformator M\u00fchendislik\",\"url\":\"https:\\\/\\\/integraltransformator.com\\\/\",\"logo\":{\"@type\":\"ImageObject\",\"inLanguage\":\"tr\",\"@id\":\"https:\\\/\\\/integraltransformator.com\\\/#\\\/schema\\\/logo\\\/image\\\/\",\"url\":\"http:\\\/\\\/integraltransformator.com\\\/wp-content\\\/uploads\\\/2021\\\/07\\\/cropped-cropped-logo.png\",\"contentUrl\":\"http:\\\/\\\/integraltransformator.com\\\/wp-content\\\/uploads\\\/2021\\\/07\\\/cropped-cropped-logo.png\",\"width\":512,\"height\":512,\"caption\":\"\u0130ntegral Transformator M\u00fchendislik\"},\"image\":{\"@id\":\"https:\\\/\\\/integraltransformator.com\\\/#\\\/schema\\\/logo\\\/image\\\/\"}}]}<\/script>\n<!-- \/ Yoast SEO plugin. -->","yoast_head_json":{"title":"Otomasyon Sistemleri -","robots":{"index":"index","follow":"follow","max-snippet":"max-snippet:-1","max-image-preview":"max-image-preview:large","max-video-preview":"max-video-preview:-1"},"canonical":"https:\/\/integraltransformator.com\/index.php\/otomasyon-sistemleri\/","og_locale":"tr_TR","og_type":"article","og_title":"Otomasyon Sistemleri -","og_description":"Bu yaz\u0131m\u0131zda sizlerle birlikte&nbsp;otomasyon nedir&nbsp;ile&nbsp;kontrol ve otomasyon nedir&nbsp;sorular\u0131n\u0131n cevab\u0131 aranacakt\u0131r. \u00d6ncelikle otomasyonun ne anlama geldi\u011fine g\u00f6z atal\u0131m. Otomasyon, ger\u00e7ekle\u015ftirilmek istenen bir i\u015fin makineyle birlikte ger\u00e7ekle\u015ftirilmesidir. Yani bir anlamda insan ve makine aras\u0131nda i\u015f payla\u015f\u0131m\u0131 yapmaya otomasyon denilmektedir. Bu a\u015famada kar\u015f\u0131m\u0131za iki farkl\u0131 otomasyon \u00e7\u0131kmaktad\u0131r. 1.&nbsp;Yar\u0131 Otomasyon: \u0130nsan g\u00fcc\u00fcn\u00fcn yo\u011fun oldu\u011fu ve i\u015fin payla\u015f\u0131m y\u00fczdesinin y\u00fcksek [&hellip;]","og_url":"https:\/\/integraltransformator.com\/index.php\/otomasyon-sistemleri\/","article_modified_time":"2021-07-08T20:15:08+00:00","og_image":[{"url":"https:\/\/teslaakademi.com\/images\/otomasyon-sistemi-nedir-1.jpg","type":"","width":"","height":""}],"twitter_card":"summary_large_image","twitter_misc":{"Tahmini okuma s\u00fcresi":"4 dakika"},"schema":{"@context":"https:\/\/schema.org","@graph":[{"@type":"WebPage","@id":"https:\/\/integraltransformator.com\/index.php\/otomasyon-sistemleri\/","url":"https:\/\/integraltransformator.com\/index.php\/otomasyon-sistemleri\/","name":"Otomasyon Sistemleri -","isPartOf":{"@id":"https:\/\/integraltransformator.com\/#website"},"primaryImageOfPage":{"@id":"https:\/\/integraltransformator.com\/index.php\/otomasyon-sistemleri\/#primaryimage"},"image":{"@id":"https:\/\/integraltransformator.com\/index.php\/otomasyon-sistemleri\/#primaryimage"},"thumbnailUrl":"https:\/\/teslaakademi.com\/images\/otomasyon-sistemi-nedir-1.jpg","datePublished":"2021-07-07T12:20:29+00:00","dateModified":"2021-07-08T20:15:08+00:00","breadcrumb":{"@id":"https:\/\/integraltransformator.com\/index.php\/otomasyon-sistemleri\/#breadcrumb"},"inLanguage":"tr","potentialAction":[{"@type":"ReadAction","target":["https:\/\/integraltransformator.com\/index.php\/otomasyon-sistemleri\/"]}]},{"@type":"ImageObject","inLanguage":"tr","@id":"https:\/\/integraltransformator.com\/index.php\/otomasyon-sistemleri\/#primaryimage","url":"https:\/\/teslaakademi.com\/images\/otomasyon-sistemi-nedir-1.jpg","contentUrl":"https:\/\/teslaakademi.com\/images\/otomasyon-sistemi-nedir-1.jpg"},{"@type":"BreadcrumbList","@id":"https:\/\/integraltransformator.com\/index.php\/otomasyon-sistemleri\/#breadcrumb","itemListElement":[{"@type":"ListItem","position":1,"name":"Anasayfa","item":"https:\/\/integraltransformator.com\/"},{"@type":"ListItem","position":2,"name":"Otomasyon Sistemleri"}]},{"@type":"WebSite","@id":"https:\/\/integraltransformator.com\/#website","url":"https:\/\/integraltransformator.com\/","name":"\u0130ntegral Transformat\u00f6r M\u00fchendislik","description":"TRAFO MOB\u0130L SERV\u0130S ","publisher":{"@id":"https:\/\/integraltransformator.com\/#organization"},"potentialAction":[{"@type":"SearchAction","target":{"@type":"EntryPoint","urlTemplate":"https:\/\/integraltransformator.com\/?s={search_term_string}"},"query-input":{"@type":"PropertyValueSpecification","valueRequired":true,"valueName":"search_term_string"}}],"inLanguage":"tr"},{"@type":"Organization","@id":"https:\/\/integraltransformator.com\/#organization","name":"\u0130ntegral Transformator M\u00fchendislik","url":"https:\/\/integraltransformator.com\/","logo":{"@type":"ImageObject","inLanguage":"tr","@id":"https:\/\/integraltransformator.com\/#\/schema\/logo\/image\/","url":"http:\/\/integraltransformator.com\/wp-content\/uploads\/2021\/07\/cropped-cropped-logo.png","contentUrl":"http:\/\/integraltransformator.com\/wp-content\/uploads\/2021\/07\/cropped-cropped-logo.png","width":512,"height":512,"caption":"\u0130ntegral Transformator M\u00fchendislik"},"image":{"@id":"https:\/\/integraltransformator.com\/#\/schema\/logo\/image\/"}}]}},"_links":{"self":[{"href":"https:\/\/integraltransformator.com\/index.php\/wp-json\/wp\/v2\/pages\/270","targetHints":{"allow":["GET"]}}],"collection":[{"href":"https:\/\/integraltransformator.com\/index.php\/wp-json\/wp\/v2\/pages"}],"about":[{"href":"https:\/\/integraltransformator.com\/index.php\/wp-json\/wp\/v2\/types\/page"}],"author":[{"embeddable":true,"href":"https:\/\/integraltransformator.com\/index.php\/wp-json\/wp\/v2\/users\/1"}],"replies":[{"embeddable":true,"href":"https:\/\/integraltransformator.com\/index.php\/wp-json\/wp\/v2\/comments?post=270"}],"version-history":[{"count":2,"href":"https:\/\/integraltransformator.com\/index.php\/wp-json\/wp\/v2\/pages\/270\/revisions"}],"predecessor-version":[{"id":473,"href":"https:\/\/integraltransformator.com\/index.php\/wp-json\/wp\/v2\/pages\/270\/revisions\/473"}],"wp:attachment":[{"href":"https:\/\/integraltransformator.com\/index.php\/wp-json\/wp\/v2\/media?parent=270"}],"curies":[{"name":"wp","href":"https:\/\/api.w.org\/{rel}","templated":true}]}}