{"id":267,"date":"2021-07-07T12:20:29","date_gmt":"2021-07-07T12:20:29","guid":{"rendered":"http:\/\/integraltransformator.com\/?page_id=267"},"modified":"2021-11-11T18:24:30","modified_gmt":"2021-11-11T18:24:30","slug":"yg-isletme-sorumlugu","status":"publish","type":"page","link":"https:\/\/integraltransformator.com\/index.php\/yg-isletme-sorumlugu\/","title":{"rendered":"YG \u0130\u015fletme Sorumlu\u011fu"},"content":{"rendered":"\n<figure class=\"wp-block-image size-full\"><img loading=\"lazy\" decoding=\"async\" width=\"700\" height=\"500\" src=\"https:\/\/integraltransformator.com\/wp-content\/uploads\/2021\/11\/2464331893.jpg\" alt=\"\" class=\"wp-image-744\" srcset=\"https:\/\/integraltransformator.com\/wp-content\/uploads\/2021\/11\/2464331893.jpg 700w, https:\/\/integraltransformator.com\/wp-content\/uploads\/2021\/11\/2464331893-300x214.jpg 300w\" sizes=\"auto, (max-width: 700px) 100vw, 700px\" \/><\/figure>\n\n\n\n<p>Y\u00fcksek Gerilim \u0130\u015fletme Sorumlulu\u011fu , YG (y\u00fcksek gerilim) Elektrik Tesislerinde can mal g\u00fcvenli\u011fini tehdit eden tehlikeli durumlara kar\u015f\u0131 \u00f6ncelikle hayati ve maddi g\u00fcvenli\u011fi sa\u011flamak ve kay\u0131plar\u0131 \u00f6nlemek i\u00e7in gerekli\u00a0<strong>y\u00fcksek gerilim i\u015fletme Sorumlulu\u011fu<\/strong>\u00a0hizmetlerinin \u00fcstlenilmesi i\u015fidir. Trafo\u00a0<strong>i\u015fletme sorumlulu\u011fu<\/strong>\u00a0nun bir di\u011fer ad\u0131 Trafo Sorumlulu\u011fu dur. Bu hizmet,Elektrik Kuvvetli Ak\u0131m Tesisleri Y\u00f6netmeli\u011finin 60. maddesi ile d\u00fczenlenmi\u015ftir.<\/p>\n\n\n\n<p>Elektrik M\u00fchendisleri Odas\u0131 (EMO) d\u00fczenlemesine g\u00f6re trafo m tesislerinin amac\u0131na uygun hizmet verebilmesi ve sa\u011fl\u0131kl\u0131 bir \u015fekilde i\u015fleyi\u015fini s\u00fcrd\u00fcrebilmesi i\u00e7in yetkili ki\u015filerce Trafo&nbsp;<strong>i\u015fletme sorumlulu\u011fu<\/strong>&nbsp;nun \u00fcstlenilmesi, denetim ve kontrollerinin ger\u00e7ekle\u015ftirilmesi gerekmektedir.<br>YG i\u015fletme sorumlulu\u011funu kimler yapabilir sorusunun cevab\u0131 trafo \u0130\u015fletme Sorumlulu\u011fu Belgesine sahip Elektrik-Elektronik M\u00fchendisi ve Elektrik M\u00fchendisi olacakt\u0131r.<\/p>\n\n\n\n<h2 class=\"wp-block-heading\"><strong>Y\u00fcksek Gerilim \u0130\u015fletme Sorumlulu\u011fu Nas\u0131l Yap\u0131l\u0131r<\/strong> ?<\/h2>\n\n\n\n<p>Trafo olarak adland\u0131rd\u0131\u011f\u0131m\u0131z transformat\u00f6rler elektrik enerjisini olu\u015fturan ak\u0131m ve gerilim \u00f6\u011felerini belirli oranlara ayarlamam\u0131z\u0131 sa\u011flayan makinelerdir. Genel&nbsp; olarak yap\u0131lan i\u015f statik olarak \u00e7al\u0131\u015fan bile\u015fenler sayesinde sa\u011flanmaktad\u0131r. Bununla birlikte b\u00fcy\u00fck g\u00fc\u00e7l\u00fc trafolarda gerek s\u00f6nd\u00fcrme gerek ayar kademeleri k\u0131s\u0131mlar\u0131nda hareketli par\u00e7alar kullan\u0131labilmektedir.<\/p>\n\n\n\n<p>G\u00fcn\u00fcm\u00fczde telefon \u015farj cihazlar\u0131n\u0131n i\u00e7erisinde dahi kendine yer bulan transformat\u00f6rler elektrik enerjisinin \u00fcretilmesi safhas\u0131ndan evlerimize ula\u015f\u0131ncaya kadar bizlere hizmet vermektedir. \u0130\u015fletmelerin g\u00fc\u00e7 gereksinimlerine ba\u011fl\u0131 olarak kendilerine ait veya elektrik tedarik eden kurulu\u015flar\u0131n kurulumlar\u0131n\u0131 yaparak i\u015fletmeye ald\u0131\u011f\u0131 trafolar\u0131 kullan\u0131labilmektedir.<\/p>\n\n\n\n<p>Y\u00fcksek Gerilim i\u015fletme elemanlar\u0131n\u0131n, trafolar\u0131n kurulumu esnas\u0131nda dikkat edilmesi gereken \u00f6nemli hususlar bulunmaktad\u0131r. \u0130lk defa trafo kurulumu yapacak firmalar\u0131n bu noktalar\u0131 g\u00f6zden ka\u00e7\u0131rmamas\u0131 i\u00e7in gerekli bilgi ve tecr\u00fcbe altyap\u0131s\u0131na sahip firmalar ile \u00e7al\u0131\u015fmas\u0131 ve dan\u0131\u015fmanl\u0131k hizmetleri almas\u0131 trafonun i\u015fletme maliyeti gibi ekonomik ve di\u011fer etmenler de b\u00fcy\u00fck avantajlar sa\u011flayacakt\u0131r.<\/p>\n\n\n\n<p>\u0130ndirme merkezleri ve di\u011fer&nbsp; \u00f6zel stat\u00fcdeki trafolar d\u0131\u015f\u0131nda genel olarak transformat\u00f6r kurulumlar\u0131 iki tip yap\u0131lmaktad\u0131r. Direk tipi trafolar ve k\u00f6\u015fk tipi trafolar \u015feklinde kurulumu yap\u0131lan bu merkezler i\u015fletme safhas\u0131nda da farkl\u0131 denetim tiplerine tabiidir.<\/p>\n\n\n\n<p>Trafo i\u015fletme sorumlulu\u011fu nas\u0131l yap\u0131l\u0131r ise hangi kalite seviyesinde denetimlere tabi tutulur ise i\u015fletmenin olas\u0131 kaza risklerinden ka\u00e7\u0131nmas\u0131 o miktarda artacakt\u0131r.<\/p>\n\n\n\n<p>YG i\u015fletme sorumlusu denetimlerde ve i\u015fletme esnas\u0131ndaki yap\u0131lacak uygulamalar da y\u00fcksek gerilim i\u015fletme sorumlulu\u011fu hizmet s\u00f6zle\u015fmesi maddelerine tam olarak ba\u011fl\u0131 kalmal\u0131d\u0131r.<\/p>\n\n\n\n<h2 class=\"wp-block-heading\"><strong>Y\u00fcksek Gerilim \u0130\u015fletme Sorumlulu\u011fu S\u00f6zle\u015fmesi<\/strong><\/h2>\n\n\n\n<p>Y\u00fcksek gerilim i\u015fletme sorumlusunun g\u00f6revleri<strong>&nbsp;Trafo&nbsp; hizmet s\u00f6zle\u015fmesi<\/strong>nde ayr\u0131nt\u0131l\u0131 olarak a\u00e7\u0131klanm\u0131\u015ft\u0131r. K\u0131saca \u015fu \u015fekildedir:<\/p>\n\n\n\n<p>*<strong>Trafo Hizmet S\u00f6zle\u015fmesi<\/strong>&nbsp;kapsam\u0131nda sorumluluk hizmetini ifa edebilecek olanlar\u0131n kimler oldu\u011funa dair tan\u0131m\u0131 ile,<\/p>\n\n\n\n<p>*Hizmet talebinde bulunanlar ile hizmeti ifa edenlerin sorumluluklar\u0131n\u0131 a\u00e7\u0131k\u00e7a belirtir ve trafo<strong>&nbsp;sorumlulu\u011fu hizmet s\u00f6zle\u015fmesi<\/strong>&nbsp;ile bu hususlar\u0131 yasal g\u00fcvence alt\u0131na al\u0131r.<\/p>\n\n\n\n<p>Yukar\u0131da \u00f6zetlenmi\u015f kurallar b\u00fct\u00fcn\u00fc ile y\u00fcksek gerilim sahas\u0131nda yap\u0131lacaklar ve trafo merkezlerinin sa\u011fl\u0131kl\u0131 sorunsuz \u00e7al\u0131\u015fmas\u0131n\u0131 sa\u011flayacak ad\u0131mlar a\u00e7\u0131k\u00e7a belirtilmi\u015ftir.<\/p>\n","protected":false},"excerpt":{"rendered":"<p>Y\u00fcksek Gerilim \u0130\u015fletme Sorumlulu\u011fu , YG (y\u00fcksek gerilim) Elektrik Tesislerinde can mal g\u00fcvenli\u011fini tehdit eden tehlikeli durumlara kar\u015f\u0131 \u00f6ncelikle hayati ve maddi g\u00fcvenli\u011fi sa\u011flamak ve kay\u0131plar\u0131 \u00f6nlemek i\u00e7in gerekli\u00a0y\u00fcksek gerilim i\u015fletme Sorumlulu\u011fu\u00a0hizmetlerinin \u00fcstlenilmesi i\u015fidir. Trafo\u00a0i\u015fletme sorumlulu\u011fu\u00a0nun bir di\u011fer ad\u0131 Trafo Sorumlulu\u011fu dur. Bu hizmet,Elektrik Kuvvetli Ak\u0131m Tesisleri Y\u00f6netmeli\u011finin 60. maddesi ile d\u00fczenlenmi\u015ftir. Elektrik M\u00fchendisleri Odas\u0131 [&hellip;]<\/p>\n","protected":false},"author":1,"featured_media":0,"parent":0,"menu_order":0,"comment_status":"closed","ping_status":"closed","template":"","meta":{"om_disable_all_campaigns":false,"_monsterinsights_skip_tracking":false,"_monsterinsights_sitenote_active":false,"_monsterinsights_sitenote_note":"","_monsterinsights_sitenote_category":0,"site-sidebar-layout":"default","site-content-layout":"default","ast-site-content-layout":"default","site-content-style":"default","site-sidebar-style":"default","ast-global-header-display":"","ast-banner-title-visibility":"","ast-main-header-display":"","ast-hfb-above-header-display":"","ast-hfb-below-header-display":"","ast-hfb-mobile-header-display":"","site-post-title":"","ast-breadcrumbs-content":"","ast-featured-img":"","footer-sml-layout":"","ast-disable-related-posts":"","theme-transparent-header-meta":"default","adv-header-id-meta":"","stick-header-meta":"","header-above-stick-meta":"","header-main-stick-meta":"","header-below-stick-meta":"","astra-migrate-meta-layouts":"default","ast-page-background-enabled":"default","ast-page-background-meta":{"desktop":{"background-color":"","background-image":"","background-repeat":"repeat","background-position":"center center","background-size":"auto","background-attachment":"scroll","background-type":"","background-media":"","overlay-type":"","overlay-color":"","overlay-opacity":"","overlay-gradient":""},"tablet":{"background-color":"","background-image":"","background-repeat":"repeat","background-position":"center center","background-size":"auto","background-attachment":"scroll","background-type":"","background-media":"","overlay-type":"","overlay-color":"","overlay-opacity":"","overlay-gradient":""},"mobile":{"background-color":"","background-image":"","background-repeat":"repeat","background-position":"center center","background-size":"auto","background-attachment":"scroll","background-type":"","background-media":"","overlay-type":"","overlay-color":"","overlay-opacity":"","overlay-gradient":""}},"ast-content-background-meta":{"desktop":{"background-color":"var(--ast-global-color-5)","background-image":"","background-repeat":"repeat","background-position":"center center","background-size":"auto","background-attachment":"scroll","background-type":"","background-media":"","overlay-type":"","overlay-color":"","overlay-opacity":"","overlay-gradient":""},"tablet":{"background-color":"var(--ast-global-color-5)","background-image":"","background-repeat":"repeat","background-position":"center center","background-size":"auto","background-attachment":"scroll","background-type":"","background-media":"","overlay-type":"","overlay-color":"","overlay-opacity":"","overlay-gradient":""},"mobile":{"background-color":"var(--ast-global-color-5)","background-image":"","background-repeat":"repeat","background-position":"center center","background-size":"auto","background-attachment":"scroll","background-type":"","background-media":"","overlay-type":"","overlay-color":"","overlay-opacity":"","overlay-gradient":""}},"footnotes":""},"class_list":["post-267","page","type-page","status-publish","hentry"],"aioseo_notices":[],"yoast_head":"<!-- This site is optimized with the Yoast SEO plugin v27.3 - https:\/\/yoast.com\/product\/yoast-seo-wordpress\/ -->\n<title>YG \u0130\u015fletme Sorumlu\u011fu -<\/title>\n<meta name=\"robots\" content=\"index, follow, max-snippet:-1, max-image-preview:large, max-video-preview:-1\" \/>\n<link rel=\"canonical\" href=\"https:\/\/integraltransformator.com\/index.php\/yg-isletme-sorumlugu\/\" \/>\n<meta property=\"og:locale\" content=\"tr_TR\" \/>\n<meta property=\"og:type\" content=\"article\" \/>\n<meta property=\"og:title\" content=\"YG \u0130\u015fletme Sorumlu\u011fu -\" \/>\n<meta property=\"og:description\" content=\"Y\u00fcksek Gerilim \u0130\u015fletme Sorumlulu\u011fu , YG (y\u00fcksek gerilim) Elektrik Tesislerinde can mal g\u00fcvenli\u011fini tehdit eden tehlikeli durumlara kar\u015f\u0131 \u00f6ncelikle hayati ve maddi g\u00fcvenli\u011fi sa\u011flamak ve kay\u0131plar\u0131 \u00f6nlemek i\u00e7in gerekli\u00a0y\u00fcksek gerilim i\u015fletme Sorumlulu\u011fu\u00a0hizmetlerinin \u00fcstlenilmesi i\u015fidir. Trafo\u00a0i\u015fletme sorumlulu\u011fu\u00a0nun bir di\u011fer ad\u0131 Trafo Sorumlulu\u011fu dur. Bu hizmet,Elektrik Kuvvetli Ak\u0131m Tesisleri Y\u00f6netmeli\u011finin 60. maddesi ile d\u00fczenlenmi\u015ftir. Elektrik M\u00fchendisleri Odas\u0131 [&hellip;]\" \/>\n<meta property=\"og:url\" content=\"https:\/\/integraltransformator.com\/index.php\/yg-isletme-sorumlugu\/\" \/>\n<meta property=\"article:modified_time\" content=\"2021-11-11T18:24:30+00:00\" \/>\n<meta property=\"og:image\" content=\"http:\/\/integraltransformator.com\/wp-content\/uploads\/2021\/11\/2464331893.jpg\" \/>\n<meta name=\"twitter:card\" content=\"summary_large_image\" \/>\n<meta name=\"twitter:label1\" content=\"Tahmini okuma s\u00fcresi\" \/>\n\t<meta name=\"twitter:data1\" content=\"2 dakika\" \/>\n<script type=\"application\/ld+json\" class=\"yoast-schema-graph\">{\"@context\":\"https:\\\/\\\/schema.org\",\"@graph\":[{\"@type\":\"WebPage\",\"@id\":\"https:\\\/\\\/integraltransformator.com\\\/index.php\\\/yg-isletme-sorumlugu\\\/\",\"url\":\"https:\\\/\\\/integraltransformator.com\\\/index.php\\\/yg-isletme-sorumlugu\\\/\",\"name\":\"YG \u0130\u015fletme Sorumlu\u011fu -\",\"isPartOf\":{\"@id\":\"https:\\\/\\\/integraltransformator.com\\\/#website\"},\"primaryImageOfPage\":{\"@id\":\"https:\\\/\\\/integraltransformator.com\\\/index.php\\\/yg-isletme-sorumlugu\\\/#primaryimage\"},\"image\":{\"@id\":\"https:\\\/\\\/integraltransformator.com\\\/index.php\\\/yg-isletme-sorumlugu\\\/#primaryimage\"},\"thumbnailUrl\":\"http:\\\/\\\/integraltransformator.com\\\/wp-content\\\/uploads\\\/2021\\\/11\\\/2464331893.jpg\",\"datePublished\":\"2021-07-07T12:20:29+00:00\",\"dateModified\":\"2021-11-11T18:24:30+00:00\",\"breadcrumb\":{\"@id\":\"https:\\\/\\\/integraltransformator.com\\\/index.php\\\/yg-isletme-sorumlugu\\\/#breadcrumb\"},\"inLanguage\":\"tr\",\"potentialAction\":[{\"@type\":\"ReadAction\",\"target\":[\"https:\\\/\\\/integraltransformator.com\\\/index.php\\\/yg-isletme-sorumlugu\\\/\"]}]},{\"@type\":\"ImageObject\",\"inLanguage\":\"tr\",\"@id\":\"https:\\\/\\\/integraltransformator.com\\\/index.php\\\/yg-isletme-sorumlugu\\\/#primaryimage\",\"url\":\"https:\\\/\\\/integraltransformator.com\\\/wp-content\\\/uploads\\\/2021\\\/11\\\/2464331893.jpg\",\"contentUrl\":\"https:\\\/\\\/integraltransformator.com\\\/wp-content\\\/uploads\\\/2021\\\/11\\\/2464331893.jpg\",\"width\":700,\"height\":500},{\"@type\":\"BreadcrumbList\",\"@id\":\"https:\\\/\\\/integraltransformator.com\\\/index.php\\\/yg-isletme-sorumlugu\\\/#breadcrumb\",\"itemListElement\":[{\"@type\":\"ListItem\",\"position\":1,\"name\":\"Anasayfa\",\"item\":\"https:\\\/\\\/integraltransformator.com\\\/\"},{\"@type\":\"ListItem\",\"position\":2,\"name\":\"YG \u0130\u015fletme Sorumlu\u011fu\"}]},{\"@type\":\"WebSite\",\"@id\":\"https:\\\/\\\/integraltransformator.com\\\/#website\",\"url\":\"https:\\\/\\\/integraltransformator.com\\\/\",\"name\":\"\u0130ntegral Transformat\u00f6r M\u00fchendislik\",\"description\":\"TRAFO MOB\u0130L SERV\u0130S \",\"publisher\":{\"@id\":\"https:\\\/\\\/integraltransformator.com\\\/#organization\"},\"potentialAction\":[{\"@type\":\"SearchAction\",\"target\":{\"@type\":\"EntryPoint\",\"urlTemplate\":\"https:\\\/\\\/integraltransformator.com\\\/?s={search_term_string}\"},\"query-input\":{\"@type\":\"PropertyValueSpecification\",\"valueRequired\":true,\"valueName\":\"search_term_string\"}}],\"inLanguage\":\"tr\"},{\"@type\":\"Organization\",\"@id\":\"https:\\\/\\\/integraltransformator.com\\\/#organization\",\"name\":\"\u0130ntegral Transformator M\u00fchendislik\",\"url\":\"https:\\\/\\\/integraltransformator.com\\\/\",\"logo\":{\"@type\":\"ImageObject\",\"inLanguage\":\"tr\",\"@id\":\"https:\\\/\\\/integraltransformator.com\\\/#\\\/schema\\\/logo\\\/image\\\/\",\"url\":\"http:\\\/\\\/integraltransformator.com\\\/wp-content\\\/uploads\\\/2021\\\/07\\\/cropped-cropped-logo.png\",\"contentUrl\":\"http:\\\/\\\/integraltransformator.com\\\/wp-content\\\/uploads\\\/2021\\\/07\\\/cropped-cropped-logo.png\",\"width\":512,\"height\":512,\"caption\":\"\u0130ntegral Transformator M\u00fchendislik\"},\"image\":{\"@id\":\"https:\\\/\\\/integraltransformator.com\\\/#\\\/schema\\\/logo\\\/image\\\/\"}}]}<\/script>\n<!-- \/ Yoast SEO plugin. -->","yoast_head_json":{"title":"YG \u0130\u015fletme Sorumlu\u011fu -","robots":{"index":"index","follow":"follow","max-snippet":"max-snippet:-1","max-image-preview":"max-image-preview:large","max-video-preview":"max-video-preview:-1"},"canonical":"https:\/\/integraltransformator.com\/index.php\/yg-isletme-sorumlugu\/","og_locale":"tr_TR","og_type":"article","og_title":"YG \u0130\u015fletme Sorumlu\u011fu -","og_description":"Y\u00fcksek Gerilim \u0130\u015fletme Sorumlulu\u011fu , YG (y\u00fcksek gerilim) Elektrik Tesislerinde can mal g\u00fcvenli\u011fini tehdit eden tehlikeli durumlara kar\u015f\u0131 \u00f6ncelikle hayati ve maddi g\u00fcvenli\u011fi sa\u011flamak ve kay\u0131plar\u0131 \u00f6nlemek i\u00e7in gerekli\u00a0y\u00fcksek gerilim i\u015fletme Sorumlulu\u011fu\u00a0hizmetlerinin \u00fcstlenilmesi i\u015fidir. Trafo\u00a0i\u015fletme sorumlulu\u011fu\u00a0nun bir di\u011fer ad\u0131 Trafo Sorumlulu\u011fu dur. Bu hizmet,Elektrik Kuvvetli Ak\u0131m Tesisleri Y\u00f6netmeli\u011finin 60. maddesi ile d\u00fczenlenmi\u015ftir. Elektrik M\u00fchendisleri Odas\u0131 [&hellip;]","og_url":"https:\/\/integraltransformator.com\/index.php\/yg-isletme-sorumlugu\/","article_modified_time":"2021-11-11T18:24:30+00:00","og_image":[{"url":"http:\/\/integraltransformator.com\/wp-content\/uploads\/2021\/11\/2464331893.jpg","type":"","width":"","height":""}],"twitter_card":"summary_large_image","twitter_misc":{"Tahmini okuma s\u00fcresi":"2 dakika"},"schema":{"@context":"https:\/\/schema.org","@graph":[{"@type":"WebPage","@id":"https:\/\/integraltransformator.com\/index.php\/yg-isletme-sorumlugu\/","url":"https:\/\/integraltransformator.com\/index.php\/yg-isletme-sorumlugu\/","name":"YG \u0130\u015fletme Sorumlu\u011fu -","isPartOf":{"@id":"https:\/\/integraltransformator.com\/#website"},"primaryImageOfPage":{"@id":"https:\/\/integraltransformator.com\/index.php\/yg-isletme-sorumlugu\/#primaryimage"},"image":{"@id":"https:\/\/integraltransformator.com\/index.php\/yg-isletme-sorumlugu\/#primaryimage"},"thumbnailUrl":"http:\/\/integraltransformator.com\/wp-content\/uploads\/2021\/11\/2464331893.jpg","datePublished":"2021-07-07T12:20:29+00:00","dateModified":"2021-11-11T18:24:30+00:00","breadcrumb":{"@id":"https:\/\/integraltransformator.com\/index.php\/yg-isletme-sorumlugu\/#breadcrumb"},"inLanguage":"tr","potentialAction":[{"@type":"ReadAction","target":["https:\/\/integraltransformator.com\/index.php\/yg-isletme-sorumlugu\/"]}]},{"@type":"ImageObject","inLanguage":"tr","@id":"https:\/\/integraltransformator.com\/index.php\/yg-isletme-sorumlugu\/#primaryimage","url":"https:\/\/integraltransformator.com\/wp-content\/uploads\/2021\/11\/2464331893.jpg","contentUrl":"https:\/\/integraltransformator.com\/wp-content\/uploads\/2021\/11\/2464331893.jpg","width":700,"height":500},{"@type":"BreadcrumbList","@id":"https:\/\/integraltransformator.com\/index.php\/yg-isletme-sorumlugu\/#breadcrumb","itemListElement":[{"@type":"ListItem","position":1,"name":"Anasayfa","item":"https:\/\/integraltransformator.com\/"},{"@type":"ListItem","position":2,"name":"YG \u0130\u015fletme Sorumlu\u011fu"}]},{"@type":"WebSite","@id":"https:\/\/integraltransformator.com\/#website","url":"https:\/\/integraltransformator.com\/","name":"\u0130ntegral Transformat\u00f6r M\u00fchendislik","description":"TRAFO MOB\u0130L SERV\u0130S ","publisher":{"@id":"https:\/\/integraltransformator.com\/#organization"},"potentialAction":[{"@type":"SearchAction","target":{"@type":"EntryPoint","urlTemplate":"https:\/\/integraltransformator.com\/?s={search_term_string}"},"query-input":{"@type":"PropertyValueSpecification","valueRequired":true,"valueName":"search_term_string"}}],"inLanguage":"tr"},{"@type":"Organization","@id":"https:\/\/integraltransformator.com\/#organization","name":"\u0130ntegral Transformator M\u00fchendislik","url":"https:\/\/integraltransformator.com\/","logo":{"@type":"ImageObject","inLanguage":"tr","@id":"https:\/\/integraltransformator.com\/#\/schema\/logo\/image\/","url":"http:\/\/integraltransformator.com\/wp-content\/uploads\/2021\/07\/cropped-cropped-logo.png","contentUrl":"http:\/\/integraltransformator.com\/wp-content\/uploads\/2021\/07\/cropped-cropped-logo.png","width":512,"height":512,"caption":"\u0130ntegral Transformator M\u00fchendislik"},"image":{"@id":"https:\/\/integraltransformator.com\/#\/schema\/logo\/image\/"}}]}},"_links":{"self":[{"href":"https:\/\/integraltransformator.com\/index.php\/wp-json\/wp\/v2\/pages\/267","targetHints":{"allow":["GET"]}}],"collection":[{"href":"https:\/\/integraltransformator.com\/index.php\/wp-json\/wp\/v2\/pages"}],"about":[{"href":"https:\/\/integraltransformator.com\/index.php\/wp-json\/wp\/v2\/types\/page"}],"author":[{"embeddable":true,"href":"https:\/\/integraltransformator.com\/index.php\/wp-json\/wp\/v2\/users\/1"}],"replies":[{"embeddable":true,"href":"https:\/\/integraltransformator.com\/index.php\/wp-json\/wp\/v2\/comments?post=267"}],"version-history":[{"count":4,"href":"https:\/\/integraltransformator.com\/index.php\/wp-json\/wp\/v2\/pages\/267\/revisions"}],"predecessor-version":[{"id":746,"href":"https:\/\/integraltransformator.com\/index.php\/wp-json\/wp\/v2\/pages\/267\/revisions\/746"}],"wp:attachment":[{"href":"https:\/\/integraltransformator.com\/index.php\/wp-json\/wp\/v2\/media?parent=267"}],"curies":[{"name":"wp","href":"https:\/\/api.w.org\/{rel}","templated":true}]}}