{"id":261,"date":"2021-07-07T11:38:19","date_gmt":"2021-07-07T11:38:19","guid":{"rendered":"http:\/\/integraltransformator.com\/?page_id=261"},"modified":"2021-11-11T18:12:36","modified_gmt":"2021-11-11T18:12:36","slug":"servisler","status":"publish","type":"page","link":"https:\/\/integraltransformator.com\/index.php\/servisler\/","title":{"rendered":"Servis"},"content":{"rendered":"\n<h2 class=\"wp-block-heading\">Trafo Bak\u0131m Periyodu;<\/h2>\n\n\n\n<p>Trafolar ilgili ekipmanlar\u0131n\u00a0y\u00fcksek gerilim i\u015fletme sorumlusu elektrik m\u00fchendisi\u00a0taraf\u0131ndan her ay d\u00fczenli olarak kontrolleri yap\u0131lmal\u0131d\u0131r. Yap\u0131lan ayl\u0131k g\u00f6zle ve test kontrolleri haricinde genle\u015fme depolu trafolar\u0131n <strong> y\u0131lda bir kez<\/strong>\u00a0periyodik olarak trafo bak\u0131mlar\u0131 ve testleri yap\u0131lmal\u0131d\u0131r. Trafo bak\u0131mlar\u0131n yap\u0131lmas\u0131 ar\u0131zalar\u0131n en aza indirilmesini ve kaliteli bir enerji sa\u011flanmas\u0131n\u0131n olas\u0131 hedeflerdendir.<\/p>\n\n\n\n<h2 class=\"wp-block-heading\">Trafo Bak\u0131m\u0131nda \u0130\u015flemler;<\/h2>\n\n\n\n<p>\u00a0Ya\u011f ka\u00e7aklar\u0131 belirlenip giderilmesi<br>\u00a0Trafo ve ekipmanlar\u0131n temizlenmesi<br>\u00a0Trafo mekanik hasarlar\u0131n giderilmesi<br>\u00a0Y\u00fcksek gerilim ve al\u00e7ak gerilim Bu\u015finglerin kontrol\u00fc<br>\u00a0Slikajel durumunun kontrol\u00fc<br>\u00a0Ark boynuzlar\u0131n ayarlanmas\u0131<br>\u00a0C\u0131vatalar\u0131n s\u0131k\u0131lmas\u0131<br>\u00a0Ya\u011f seviye kontrol\u00fc<br>\u00a0Koruma elemanlar\u0131n testi<br>\u00a0Trafo ya\u011f eksikli\u011finin tamamlanmas\u0131<br>\u00a0Trafo \u00e7evirme oran\u0131n ve izalasyon testinin yap\u0131lmas\u0131<\/p>\n\n\n\n<h2 class=\"wp-block-heading\">Yapt\u0131\u011f\u0131m\u0131z \u00d6l\u00e7\u00fcmler;<\/h2>\n\n\n\n<figure class=\"wp-block-image size-large is-resized is-style-default\"><img loading=\"lazy\" decoding=\"async\" src=\"https:\/\/integraltransformator.com\/wp-content\/uploads\/2021\/07\/trans-el.com-slider-tr_26-1.jpg\" alt=\"\" class=\"wp-image-387\" width=\"286\" height=\"286\" srcset=\"https:\/\/integraltransformator.com\/wp-content\/uploads\/2021\/07\/trans-el.com-slider-tr_26-1.jpg 656w, https:\/\/integraltransformator.com\/wp-content\/uploads\/2021\/07\/trans-el.com-slider-tr_26-1-300x300.jpg 300w, https:\/\/integraltransformator.com\/wp-content\/uploads\/2021\/07\/trans-el.com-slider-tr_26-1-150x150.jpg 150w\" sizes=\"auto, (max-width: 286px) 100vw, 286px\" \/><\/figure>\n\n\n\n<p><br>\u00a0<strong>Trafo \u0130zalasyon Diren\u00e7 \u00d6l\u00e7\u00fcm\u00fc<\/strong><\/p>\n\n\n\n<p>Trafonun, YG ile AG aras\u0131 , YG ile PE aras\u0131 ve AG ile PE aras\u0131 izalasyon \u00f6l\u00e7\u00fcm\u00fcd\u00fcr.<\/p>\n\n\n\n<p><strong>\u00a0Trafo Sarg\u0131 Diren\u00e7 \u00d6l\u00e7\u00fcm\u00fc :<\/strong><br>Trafo kademe u\u00e7lar\u0131n ba\u011flant\u0131s\u0131 ve sarg\u0131 hasar sorunlar\u0131 hakk\u0131nda \u00e7\u00f6z\u00fcm i\u00e7in sarg\u0131 diren\u00e7 \u00f6l\u00e7\u00fcm\u00fc yap\u0131l\u0131r.<\/p>\n\n\n\n<p><strong>\u00a0Trafo \u00c7evirme Oran\u0131 \u00d6l\u00e7\u00fcm\u00fc TTR Testi:<\/strong><br>Trafonun y\u00fcksek gerilim ve al\u00e7ak gerilim sarg\u0131lar\u0131 aras\u0131ndaki d\u00f6n\u00fc\u015ft\u00fcrme oran\u0131d\u0131r. <\/p>\n\n\n\n<h2 class=\"wp-block-heading\">Trafo Ya\u011f Testleri;<\/h2>\n\n\n\n<figure class=\"wp-block-image size-large is-resized is-style-default\"><img loading=\"lazy\" decoding=\"async\" src=\"https:\/\/integraltransformator.com\/wp-content\/uploads\/2021\/07\/yag.jpg\" alt=\"\" class=\"wp-image-491\" width=\"324\" height=\"123\" srcset=\"https:\/\/integraltransformator.com\/wp-content\/uploads\/2021\/07\/yag.jpg 605w, https:\/\/integraltransformator.com\/wp-content\/uploads\/2021\/07\/yag-300x114.jpg 300w\" sizes=\"auto, (max-width: 324px) 100vw, 324px\" \/><\/figure>\n\n\n\n<p><br><strong>\u00a0Delinme Gerilimi <\/strong><br><strong>\u00a0G\u00fc\u00e7 Fakt\u00f6r\u00fc tanq<br>\u00a0Renk ve G\u00f6r\u00fcn\u00fc\u015f <\/strong><br><strong>\u00a0Asitlik pH miktar\u0131<br>\u00a0\u200b\u200bNem oran\u0131 <\/strong><br><\/p>\n\n\n\n<h2 class=\"wp-block-heading\">Trafo Ya\u011f Tretman i\u015flemi;<\/h2>\n\n\n\n<figure class=\"wp-block-image size-large is-resized is-style-default\"><img loading=\"lazy\" decoding=\"async\" src=\"https:\/\/integraltransformator.com\/wp-content\/uploads\/2021\/07\/tretman-1024x683.jpg\" alt=\"\" class=\"wp-image-486\" width=\"321\" height=\"214\" srcset=\"https:\/\/integraltransformator.com\/wp-content\/uploads\/2021\/07\/tretman-1024x683.jpg 1024w, https:\/\/integraltransformator.com\/wp-content\/uploads\/2021\/07\/tretman-300x200.jpg 300w, https:\/\/integraltransformator.com\/wp-content\/uploads\/2021\/07\/tretman-768x512.jpg 768w, https:\/\/integraltransformator.com\/wp-content\/uploads\/2021\/07\/tretman-1536x1024.jpg 1536w, https:\/\/integraltransformator.com\/wp-content\/uploads\/2021\/07\/tretman-2048x1365.jpg 2048w\" sizes=\"auto, (max-width: 321px) 100vw, 321px\" \/><\/figure>\n\n\n\n<p>Trafolarda ya\u011f\u0131n izalasyon ve \u0131s\u0131 transferi amac\u0131 ile kullan\u0131lmaktad\u0131r. Ya\u011f\u0131n i\u00e7erisinde yabanc\u0131 maddelerden ar\u0131nd\u0131r\u0131lmas\u0131 i\u015flemine denir.<\/p>\n\n\n\n<p><\/p>\n\n\n\n<ul class=\"wp-block-list\"><li>Y\u00fcksek Gerilim \u0130\u015fletme Sorumlulu\u011fu hizmeti<\/li><li>Trafo Bak\u0131mlar\u0131\/ Kesici Testleri\/ R\u00f6le Testleri<\/li><li>Kompanzasyon sistemleri pano bak\u0131m ve testleri<\/li><li>Elektrik \u0130\u00e7 Tesisat Muayene Kontrolleri \u2013 \u00d6l\u00e7\u00fcm Raporu<\/li><li>Tesis\/Fabrika \u0130\u015fletme ve Koruma Topraklamas\u0131 \u00d6l\u00e7\u00fcmleri<\/li><li>\u00c7evrim Empedans\u0131 \u00d6l\u00e7\u00fcm\u00fc<\/li><li>S\u00fcreklilik \u00d6l\u00e7\u00fcmleri<\/li><li>Katodik Koruma \u00d6l\u00e7\u00fcmleri<\/li><li>Bina Topraklama \u00d6l\u00e7\u00fcmleri<\/li><li>Y\u0131ld\u0131r\u0131mdan Koruma Sistemleri (Paratoner, Faraday kafesi\u2026) \u00d6l\u00e7\u00fcmleri<\/li><li>Ayd\u0131nl\u0131k Seviyesi \u00d6l\u00e7\u00fcmleri<\/li><li>Temel Topraklamas\u0131 \u00d6l\u00e7\u00fcm\u00fc<\/li><li>Zemin, Ekipman ve Makine Topraklama \u00d6l\u00e7\u00fcmleri<\/li><li>Termal G\u00f6r\u00fcnt\u00fcleme Hizmeti<\/li><li>Ka\u00e7ak Ak\u0131m R\u00f6lesi Testleri<\/li><li>Web Tabanl\u0131 Enerji \u0130zleme Hizmeti<\/li><li>Enerji Kalitesi ve Harmonik Analizi<\/li><li>ADP, TDP, MCC Elektrik Pano Bak\u0131m ve testleri<\/li><\/ul>\n\n\n\n<div class=\"wp-block-buttons is-layout-flex wp-block-buttons-is-layout-flex\">\n<div class=\"wp-block-button\"><a class=\"wp-block-button__link\" href=\"https:\/\/integraltransformator.com\/index.php\/iletisim\/\">Bize ula\u015f\u0131n<\/a><\/div>\n<\/div>\n","protected":false},"excerpt":{"rendered":"<p>Trafo Bak\u0131m Periyodu; Trafolar ilgili ekipmanlar\u0131n\u00a0y\u00fcksek gerilim i\u015fletme sorumlusu elektrik m\u00fchendisi\u00a0taraf\u0131ndan her ay d\u00fczenli olarak kontrolleri yap\u0131lmal\u0131d\u0131r. Yap\u0131lan ayl\u0131k g\u00f6zle ve test kontrolleri haricinde genle\u015fme depolu trafolar\u0131n y\u0131lda bir kez\u00a0periyodik olarak trafo bak\u0131mlar\u0131 ve testleri yap\u0131lmal\u0131d\u0131r. Trafo bak\u0131mlar\u0131n yap\u0131lmas\u0131 ar\u0131zalar\u0131n en aza indirilmesini ve kaliteli bir enerji sa\u011flanmas\u0131n\u0131n olas\u0131 hedeflerdendir. Trafo Bak\u0131m\u0131nda \u0130\u015flemler; \u00a0Ya\u011f ka\u00e7aklar\u0131 [&hellip;]<\/p>\n","protected":false},"author":1,"featured_media":0,"parent":0,"menu_order":0,"comment_status":"closed","ping_status":"closed","template":"","meta":{"om_disable_all_campaigns":false,"_monsterinsights_skip_tracking":false,"_monsterinsights_sitenote_active":false,"_monsterinsights_sitenote_note":"","_monsterinsights_sitenote_category":0,"site-sidebar-layout":"default","site-content-layout":"default","ast-site-content-layout":"default","site-content-style":"default","site-sidebar-style":"default","ast-global-header-display":"","ast-banner-title-visibility":"","ast-main-header-display":"","ast-hfb-above-header-display":"","ast-hfb-below-header-display":"","ast-hfb-mobile-header-display":"","site-post-title":"disabled","ast-breadcrumbs-content":"","ast-featured-img":"","footer-sml-layout":"","ast-disable-related-posts":"","theme-transparent-header-meta":"default","adv-header-id-meta":"","stick-header-meta":"","header-above-stick-meta":"","header-main-stick-meta":"","header-below-stick-meta":"","astra-migrate-meta-layouts":"default","ast-page-background-enabled":"default","ast-page-background-meta":{"desktop":{"background-color":"","background-image":"","background-repeat":"repeat","background-position":"center center","background-size":"auto","background-attachment":"scroll","background-type":"","background-media":"","overlay-type":"","overlay-color":"","overlay-opacity":"","overlay-gradient":""},"tablet":{"background-color":"","background-image":"","background-repeat":"repeat","background-position":"center center","background-size":"auto","background-attachment":"scroll","background-type":"","background-media":"","overlay-type":"","overlay-color":"","overlay-opacity":"","overlay-gradient":""},"mobile":{"background-color":"","background-image":"","background-repeat":"repeat","background-position":"center center","background-size":"auto","background-attachment":"scroll","background-type":"","background-media":"","overlay-type":"","overlay-color":"","overlay-opacity":"","overlay-gradient":""}},"ast-content-background-meta":{"desktop":{"background-color":"var(--ast-global-color-5)","background-image":"","background-repeat":"repeat","background-position":"center center","background-size":"auto","background-attachment":"scroll","background-type":"","background-media":"","overlay-type":"","overlay-color":"","overlay-opacity":"","overlay-gradient":""},"tablet":{"background-color":"var(--ast-global-color-5)","background-image":"","background-repeat":"repeat","background-position":"center center","background-size":"auto","background-attachment":"scroll","background-type":"","background-media":"","overlay-type":"","overlay-color":"","overlay-opacity":"","overlay-gradient":""},"mobile":{"background-color":"var(--ast-global-color-5)","background-image":"","background-repeat":"repeat","background-position":"center center","background-size":"auto","background-attachment":"scroll","background-type":"","background-media":"","overlay-type":"","overlay-color":"","overlay-opacity":"","overlay-gradient":""}},"footnotes":""},"class_list":["post-261","page","type-page","status-publish","hentry"],"aioseo_notices":[],"yoast_head":"<!-- This site is optimized with the Yoast SEO plugin v27.3 - https:\/\/yoast.com\/product\/yoast-seo-wordpress\/ -->\n<title>Servis -<\/title>\n<meta name=\"robots\" content=\"index, follow, max-snippet:-1, max-image-preview:large, max-video-preview:-1\" \/>\n<link rel=\"canonical\" href=\"https:\/\/integraltransformator.com\/index.php\/servisler\/\" \/>\n<meta property=\"og:locale\" content=\"tr_TR\" \/>\n<meta property=\"og:type\" content=\"article\" \/>\n<meta property=\"og:title\" content=\"Servis -\" \/>\n<meta property=\"og:description\" content=\"Trafo Bak\u0131m Periyodu; Trafolar ilgili ekipmanlar\u0131n\u00a0y\u00fcksek gerilim i\u015fletme sorumlusu elektrik m\u00fchendisi\u00a0taraf\u0131ndan her ay d\u00fczenli olarak kontrolleri yap\u0131lmal\u0131d\u0131r. Yap\u0131lan ayl\u0131k g\u00f6zle ve test kontrolleri haricinde genle\u015fme depolu trafolar\u0131n y\u0131lda bir kez\u00a0periyodik olarak trafo bak\u0131mlar\u0131 ve testleri yap\u0131lmal\u0131d\u0131r. Trafo bak\u0131mlar\u0131n yap\u0131lmas\u0131 ar\u0131zalar\u0131n en aza indirilmesini ve kaliteli bir enerji sa\u011flanmas\u0131n\u0131n olas\u0131 hedeflerdendir. Trafo Bak\u0131m\u0131nda \u0130\u015flemler; \u00a0Ya\u011f ka\u00e7aklar\u0131 [&hellip;]\" \/>\n<meta property=\"og:url\" content=\"https:\/\/integraltransformator.com\/index.php\/servisler\/\" \/>\n<meta property=\"article:modified_time\" content=\"2021-11-11T18:12:36+00:00\" \/>\n<meta property=\"og:image\" content=\"http:\/\/integraltransformator.com\/wp-content\/uploads\/2021\/07\/trans-el.com-slider-tr_26-1.jpg\" \/>\n<meta name=\"twitter:card\" content=\"summary_large_image\" \/>\n<meta name=\"twitter:label1\" content=\"Tahmini okuma s\u00fcresi\" \/>\n\t<meta name=\"twitter:data1\" content=\"2 dakika\" \/>\n<script type=\"application\/ld+json\" class=\"yoast-schema-graph\">{\"@context\":\"https:\\\/\\\/schema.org\",\"@graph\":[{\"@type\":\"WebPage\",\"@id\":\"https:\\\/\\\/integraltransformator.com\\\/index.php\\\/servisler\\\/\",\"url\":\"https:\\\/\\\/integraltransformator.com\\\/index.php\\\/servisler\\\/\",\"name\":\"Servis -\",\"isPartOf\":{\"@id\":\"https:\\\/\\\/integraltransformator.com\\\/#website\"},\"primaryImageOfPage\":{\"@id\":\"https:\\\/\\\/integraltransformator.com\\\/index.php\\\/servisler\\\/#primaryimage\"},\"image\":{\"@id\":\"https:\\\/\\\/integraltransformator.com\\\/index.php\\\/servisler\\\/#primaryimage\"},\"thumbnailUrl\":\"http:\\\/\\\/integraltransformator.com\\\/wp-content\\\/uploads\\\/2021\\\/07\\\/trans-el.com-slider-tr_26-1.jpg\",\"datePublished\":\"2021-07-07T11:38:19+00:00\",\"dateModified\":\"2021-11-11T18:12:36+00:00\",\"breadcrumb\":{\"@id\":\"https:\\\/\\\/integraltransformator.com\\\/index.php\\\/servisler\\\/#breadcrumb\"},\"inLanguage\":\"tr\",\"potentialAction\":[{\"@type\":\"ReadAction\",\"target\":[\"https:\\\/\\\/integraltransformator.com\\\/index.php\\\/servisler\\\/\"]}]},{\"@type\":\"ImageObject\",\"inLanguage\":\"tr\",\"@id\":\"https:\\\/\\\/integraltransformator.com\\\/index.php\\\/servisler\\\/#primaryimage\",\"url\":\"https:\\\/\\\/integraltransformator.com\\\/wp-content\\\/uploads\\\/2021\\\/07\\\/trans-el.com-slider-tr_26-1.jpg\",\"contentUrl\":\"https:\\\/\\\/integraltransformator.com\\\/wp-content\\\/uploads\\\/2021\\\/07\\\/trans-el.com-slider-tr_26-1.jpg\",\"width\":656,\"height\":655},{\"@type\":\"BreadcrumbList\",\"@id\":\"https:\\\/\\\/integraltransformator.com\\\/index.php\\\/servisler\\\/#breadcrumb\",\"itemListElement\":[{\"@type\":\"ListItem\",\"position\":1,\"name\":\"Anasayfa\",\"item\":\"https:\\\/\\\/integraltransformator.com\\\/\"},{\"@type\":\"ListItem\",\"position\":2,\"name\":\"Servis\"}]},{\"@type\":\"WebSite\",\"@id\":\"https:\\\/\\\/integraltransformator.com\\\/#website\",\"url\":\"https:\\\/\\\/integraltransformator.com\\\/\",\"name\":\"\u0130ntegral Transformat\u00f6r M\u00fchendislik\",\"description\":\"TRAFO MOB\u0130L SERV\u0130S \",\"publisher\":{\"@id\":\"https:\\\/\\\/integraltransformator.com\\\/#organization\"},\"potentialAction\":[{\"@type\":\"SearchAction\",\"target\":{\"@type\":\"EntryPoint\",\"urlTemplate\":\"https:\\\/\\\/integraltransformator.com\\\/?s={search_term_string}\"},\"query-input\":{\"@type\":\"PropertyValueSpecification\",\"valueRequired\":true,\"valueName\":\"search_term_string\"}}],\"inLanguage\":\"tr\"},{\"@type\":\"Organization\",\"@id\":\"https:\\\/\\\/integraltransformator.com\\\/#organization\",\"name\":\"\u0130ntegral Transformator M\u00fchendislik\",\"url\":\"https:\\\/\\\/integraltransformator.com\\\/\",\"logo\":{\"@type\":\"ImageObject\",\"inLanguage\":\"tr\",\"@id\":\"https:\\\/\\\/integraltransformator.com\\\/#\\\/schema\\\/logo\\\/image\\\/\",\"url\":\"http:\\\/\\\/integraltransformator.com\\\/wp-content\\\/uploads\\\/2021\\\/07\\\/cropped-cropped-logo.png\",\"contentUrl\":\"http:\\\/\\\/integraltransformator.com\\\/wp-content\\\/uploads\\\/2021\\\/07\\\/cropped-cropped-logo.png\",\"width\":512,\"height\":512,\"caption\":\"\u0130ntegral Transformator M\u00fchendislik\"},\"image\":{\"@id\":\"https:\\\/\\\/integraltransformator.com\\\/#\\\/schema\\\/logo\\\/image\\\/\"}}]}<\/script>\n<!-- \/ Yoast SEO plugin. -->","yoast_head_json":{"title":"Servis -","robots":{"index":"index","follow":"follow","max-snippet":"max-snippet:-1","max-image-preview":"max-image-preview:large","max-video-preview":"max-video-preview:-1"},"canonical":"https:\/\/integraltransformator.com\/index.php\/servisler\/","og_locale":"tr_TR","og_type":"article","og_title":"Servis -","og_description":"Trafo Bak\u0131m Periyodu; Trafolar ilgili ekipmanlar\u0131n\u00a0y\u00fcksek gerilim i\u015fletme sorumlusu elektrik m\u00fchendisi\u00a0taraf\u0131ndan her ay d\u00fczenli olarak kontrolleri yap\u0131lmal\u0131d\u0131r. Yap\u0131lan ayl\u0131k g\u00f6zle ve test kontrolleri haricinde genle\u015fme depolu trafolar\u0131n y\u0131lda bir kez\u00a0periyodik olarak trafo bak\u0131mlar\u0131 ve testleri yap\u0131lmal\u0131d\u0131r. Trafo bak\u0131mlar\u0131n yap\u0131lmas\u0131 ar\u0131zalar\u0131n en aza indirilmesini ve kaliteli bir enerji sa\u011flanmas\u0131n\u0131n olas\u0131 hedeflerdendir. Trafo Bak\u0131m\u0131nda \u0130\u015flemler; \u00a0Ya\u011f ka\u00e7aklar\u0131 [&hellip;]","og_url":"https:\/\/integraltransformator.com\/index.php\/servisler\/","article_modified_time":"2021-11-11T18:12:36+00:00","og_image":[{"url":"http:\/\/integraltransformator.com\/wp-content\/uploads\/2021\/07\/trans-el.com-slider-tr_26-1.jpg","type":"","width":"","height":""}],"twitter_card":"summary_large_image","twitter_misc":{"Tahmini okuma s\u00fcresi":"2 dakika"},"schema":{"@context":"https:\/\/schema.org","@graph":[{"@type":"WebPage","@id":"https:\/\/integraltransformator.com\/index.php\/servisler\/","url":"https:\/\/integraltransformator.com\/index.php\/servisler\/","name":"Servis -","isPartOf":{"@id":"https:\/\/integraltransformator.com\/#website"},"primaryImageOfPage":{"@id":"https:\/\/integraltransformator.com\/index.php\/servisler\/#primaryimage"},"image":{"@id":"https:\/\/integraltransformator.com\/index.php\/servisler\/#primaryimage"},"thumbnailUrl":"http:\/\/integraltransformator.com\/wp-content\/uploads\/2021\/07\/trans-el.com-slider-tr_26-1.jpg","datePublished":"2021-07-07T11:38:19+00:00","dateModified":"2021-11-11T18:12:36+00:00","breadcrumb":{"@id":"https:\/\/integraltransformator.com\/index.php\/servisler\/#breadcrumb"},"inLanguage":"tr","potentialAction":[{"@type":"ReadAction","target":["https:\/\/integraltransformator.com\/index.php\/servisler\/"]}]},{"@type":"ImageObject","inLanguage":"tr","@id":"https:\/\/integraltransformator.com\/index.php\/servisler\/#primaryimage","url":"https:\/\/integraltransformator.com\/wp-content\/uploads\/2021\/07\/trans-el.com-slider-tr_26-1.jpg","contentUrl":"https:\/\/integraltransformator.com\/wp-content\/uploads\/2021\/07\/trans-el.com-slider-tr_26-1.jpg","width":656,"height":655},{"@type":"BreadcrumbList","@id":"https:\/\/integraltransformator.com\/index.php\/servisler\/#breadcrumb","itemListElement":[{"@type":"ListItem","position":1,"name":"Anasayfa","item":"https:\/\/integraltransformator.com\/"},{"@type":"ListItem","position":2,"name":"Servis"}]},{"@type":"WebSite","@id":"https:\/\/integraltransformator.com\/#website","url":"https:\/\/integraltransformator.com\/","name":"\u0130ntegral Transformat\u00f6r M\u00fchendislik","description":"TRAFO MOB\u0130L SERV\u0130S ","publisher":{"@id":"https:\/\/integraltransformator.com\/#organization"},"potentialAction":[{"@type":"SearchAction","target":{"@type":"EntryPoint","urlTemplate":"https:\/\/integraltransformator.com\/?s={search_term_string}"},"query-input":{"@type":"PropertyValueSpecification","valueRequired":true,"valueName":"search_term_string"}}],"inLanguage":"tr"},{"@type":"Organization","@id":"https:\/\/integraltransformator.com\/#organization","name":"\u0130ntegral Transformator M\u00fchendislik","url":"https:\/\/integraltransformator.com\/","logo":{"@type":"ImageObject","inLanguage":"tr","@id":"https:\/\/integraltransformator.com\/#\/schema\/logo\/image\/","url":"http:\/\/integraltransformator.com\/wp-content\/uploads\/2021\/07\/cropped-cropped-logo.png","contentUrl":"http:\/\/integraltransformator.com\/wp-content\/uploads\/2021\/07\/cropped-cropped-logo.png","width":512,"height":512,"caption":"\u0130ntegral Transformator M\u00fchendislik"},"image":{"@id":"https:\/\/integraltransformator.com\/#\/schema\/logo\/image\/"}}]}},"_links":{"self":[{"href":"https:\/\/integraltransformator.com\/index.php\/wp-json\/wp\/v2\/pages\/261","targetHints":{"allow":["GET"]}}],"collection":[{"href":"https:\/\/integraltransformator.com\/index.php\/wp-json\/wp\/v2\/pages"}],"about":[{"href":"https:\/\/integraltransformator.com\/index.php\/wp-json\/wp\/v2\/types\/page"}],"author":[{"embeddable":true,"href":"https:\/\/integraltransformator.com\/index.php\/wp-json\/wp\/v2\/users\/1"}],"replies":[{"embeddable":true,"href":"https:\/\/integraltransformator.com\/index.php\/wp-json\/wp\/v2\/comments?post=261"}],"version-history":[{"count":5,"href":"https:\/\/integraltransformator.com\/index.php\/wp-json\/wp\/v2\/pages\/261\/revisions"}],"predecessor-version":[{"id":741,"href":"https:\/\/integraltransformator.com\/index.php\/wp-json\/wp\/v2\/pages\/261\/revisions\/741"}],"wp:attachment":[{"href":"https:\/\/integraltransformator.com\/index.php\/wp-json\/wp\/v2\/media?parent=261"}],"curies":[{"name":"wp","href":"https:\/\/api.w.org\/{rel}","templated":true}]}}