{"id":12,"date":"2021-05-13T05:31:27","date_gmt":"2021-05-13T05:31:27","guid":{"rendered":"http:\/\/integraltransformator.com\/index.php\/services\/"},"modified":"2021-07-12T15:43:37","modified_gmt":"2021-07-12T15:43:37","slug":"hizmetlerimiz","status":"publish","type":"page","link":"https:\/\/integraltransformator.com\/index.php\/hizmetlerimiz\/","title":{"rendered":"Hizmetlerimiz&#8230;"},"content":{"rendered":"\n<div class=\"wp-block-cover aligncenter has-background-dim has-background-gradient has-very-light-gray-to-cyan-bluish-gray-gradient-background has-custom-content-position is-position-bottom-center\" style=\"min-height:193px;aspect-ratio:unset;\"><div class=\"wp-block-cover__inner-container is-layout-flow wp-block-cover-is-layout-flow\">\n<h1 class=\"alignfull has-text-align-center has-white-color has-text-color wp-block-heading\">Hizmetlerimiz<\/h1>\n\n\n\n<p>Transformat\u00f6rlerinin, fabrika teslimindeki&nbsp; performans\u0131n\u0131 devam ettirebilmesi i\u00e7in, kullan\u0131c\u0131lar\u0131n, alan\u0131nda yetkili ve uzman personelleri taraf\u0131ndan,&nbsp; belirli&nbsp; periyotlar ile, a\u015fa\u011f\u0131da belirtilen&nbsp; hususlara&nbsp; dikkat&nbsp; etmelerini,&nbsp; \u00f6nermektedir.<\/p>\n<\/div><\/div>\n\n\n\n<div class=\"wp-block-group alignfull\"><div class=\"wp-block-group__inner-container is-layout-flow wp-block-group-is-layout-flow\">\n<h2 class=\"has-text-align-left wp-block-heading\">Nas\u0131l yard\u0131m edebiliriz?<\/h2>\n\n\n\n<div class=\"wp-block-columns alignwide is-layout-flex wp-container-core-columns-is-layout-28f84493 wp-block-columns-is-layout-flex\">\n<div class=\"wp-block-column is-layout-flow wp-block-column-is-layout-flow\">\n<figure class=\"wp-block-image size-large is-resized is-style-rounded\"><img loading=\"lazy\" decoding=\"async\" src=\"https:\/\/integraltransformator.com\/wp-content\/uploads\/2021\/07\/trafo1-1.jpg\" alt=\"\" class=\"wp-image-330\" width=\"297\" height=\"302\"\/><\/figure>\n\n\n\n<h4 class=\"wp-block-heading\"><a href=\"https:\/\/integraltransformator.com\/index.php\/trafo-tamiri-ve-bakim-islemi\/\" rel=\"nofollow\" title=\"https:\/\/integraltransformator.com\/index.php\/trafo-tamiri-ve-bakim-islemi\/\">Trafo Bak\u0131m Tamir<\/a><\/h4>\n\n\n\n<p>Transformat\u00f6r, i\u015fletmemizde trafo tamir ve bak\u0131m hizmetleri, fabrika d\u0131\u015f\u0131nda ise m\u00fchendislik ve yerinde bak\u0131m hizmetleri sunmaktad\u0131r.&nbsp;<\/p>\n<\/div>\n\n\n\n<div class=\"wp-block-column is-layout-flow wp-block-column-is-layout-flow\">\n<figure class=\"wp-block-image size-large is-resized is-style-rounded\"><img loading=\"lazy\" decoding=\"async\" src=\"https:\/\/integraltransformator.com\/wp-content\/uploads\/2021\/07\/trans-el.com-slider-tr_26-2.jpg\" alt=\"\" class=\"wp-image-388\" width=\"307\" height=\"306\" srcset=\"https:\/\/integraltransformator.com\/wp-content\/uploads\/2021\/07\/trans-el.com-slider-tr_26-2.jpg 656w, https:\/\/integraltransformator.com\/wp-content\/uploads\/2021\/07\/trans-el.com-slider-tr_26-2-300x300.jpg 300w, https:\/\/integraltransformator.com\/wp-content\/uploads\/2021\/07\/trans-el.com-slider-tr_26-2-150x150.jpg 150w\" sizes=\"auto, (max-width: 307px) 100vw, 307px\" \/><\/figure>\n\n\n\n<h4 class=\"wp-block-heading\"><a href=\"https:\/\/integraltransformator.com\/index.php\/trafo-rutin-testler\/\" rel=\"nofollow\" title=\"https:\/\/integraltransformator.com\/index.php\/trafo-rutin-testler\/\">Testler<\/a><\/h4>\n\n\n\n<p>Da\u011f\u0131t\u0131m trafolar\u0131 ba\u015fta olmak \u00fczere sistemlerin ve fabrikalar\u0131n YG tesisleri, AG tesisleri, kablo testleri, termal \u00f6l\u00e7\u00fcmler, harmonik \u00f6l\u00e7\u00fcmler vb. hizmetleri sunmaktad\u0131r.<\/p>\n<\/div>\n\n\n\n<div class=\"wp-block-column is-layout-flow wp-block-column-is-layout-flow\">\n<figure class=\"wp-block-image size-large is-resized is-style-rounded\"><img loading=\"lazy\" decoding=\"async\" src=\"https:\/\/integraltransformator.com\/wp-content\/uploads\/2021\/07\/yksekg-edited.png\" alt=\"\" class=\"wp-image-396\" width=\"308\" height=\"308\" srcset=\"https:\/\/integraltransformator.com\/wp-content\/uploads\/2021\/07\/yksekg-edited.png 532w, https:\/\/integraltransformator.com\/wp-content\/uploads\/2021\/07\/yksekg-edited-300x300.png 300w, https:\/\/integraltransformator.com\/wp-content\/uploads\/2021\/07\/yksekg-edited-150x150.png 150w\" sizes=\"auto, (max-width: 308px) 100vw, 308px\" \/><\/figure>\n\n\n\n<h4 class=\"wp-block-heading\"><a href=\"https:\/\/integraltransformator.com\/index.php\/yg-isletme-sorumlugu\/\" rel=\"nofollow\" title=\"https:\/\/integraltransformator.com\/index.php\/yg-isletme-sorumlugu\/\">YG \u0130\u015fletme Sorumlu\u011fu<\/a><\/h4>\n\n\n\n<p>1 kV \u00fcst\u00fc y\u00fcksek gerilim tesisine sahip her firma, Elektrik M\u00fchendisleri Odas\u0131n\u0131n haz\u0131rlam\u0131\u015f oldu\u011fu 18.03.04 tarihinde 25406 say\u0131l\u0131 Resmi Gazete\u2018de yay\u0131mlanarak y\u00fcr\u00fcrl\u00fc\u011fe girmi\u015f Elektrik Y\u00fcksek Gerilim Tesislerinde \u0130\u015fletme Sorumlulu\u011fu Y\u00f6netmeli\u011fi&#8217;ne g\u00f6re&nbsp;Y\u00fcksek Gerilim \u0130\u015fletme Sorumlulu\u011fu hizmeti almak zorundad\u0131r.<\/p>\n<\/div>\n<\/div>\n\n\n\n<div class=\"wp-block-columns alignwide is-layout-flex wp-container-core-columns-is-layout-28f84493 wp-block-columns-is-layout-flex\">\n<div class=\"wp-block-column is-layout-flow wp-block-column-is-layout-flow\">\n<figure class=\"wp-block-image size-large is-resized is-style-rounded\"><img loading=\"lazy\" decoding=\"async\" src=\"https:\/\/integraltransformator.com\/wp-content\/uploads\/2021\/07\/unnamed.png\" alt=\"\" class=\"wp-image-404\" width=\"369\" height=\"244\"\/><\/figure>\n\n\n\n<h4 class=\"wp-block-heading\"><a href=\"https:\/\/integraltransformator.com\/index.php\/yenilenebilir-enerji-sistemleri\/\" rel=\"nofollow\" title=\"https:\/\/integraltransformator.com\/index.php\/yenilenebilir-enerji-sistemleri\/\">Yenilenebilir Enerji Sistemleri<\/a><\/h4>\n\n\n\n<p>Sizlerde enerjinizi do\u011fadan almak ve kazanmak istemez misiniz. Sizlerin istedi\u011fi gibi kolayl\u0131klar sa\u011flayan bir anlay\u0131\u015f\u0131m\u0131z var, <\/p>\n<\/div>\n\n\n\n<div class=\"wp-block-column is-layout-flow wp-block-column-is-layout-flow\">\n<div class=\"wp-block-image is-style-rounded\"><figure class=\"aligncenter size-large is-resized\"><img loading=\"lazy\" decoding=\"async\" src=\"https:\/\/integraltransformator.com\/wp-content\/uploads\/2021\/07\/kompsnz-edited-1.jpg\" alt=\"\" class=\"wp-image-408\" width=\"253\" height=\"256\"\/><\/figure><\/div>\n\n\n\n<h4 class=\"wp-block-heading\"><a href=\"https:\/\/integraltransformator.com\/index.php\/kompanzasyon-cozumleri\/\" rel=\"nofollow\" title=\"https:\/\/integraltransformator.com\/index.php\/kompanzasyon-cozumleri\/\">Kompanzasyon \u00c7\u00f6z\u00fcmleri<\/a><\/h4>\n\n\n\n<p>Kompanzasyon sistemi Tesislerin hat ba\u015flar\u0131n konumland\u0131r\u0131larak bu reaktif kay\u0131p-ka\u00e7aklar\u0131n engellenmesi i\u00e7in tasarlanm\u0131\u015f sistemlerdir. Kompanzasyon sistemi tesisteki de\u011fi\u015fken reaktif y\u00fck\u00fc hesaplar ve minimize edecek \u015fekilde \u00e7al\u0131\u015f\u0131r.<\/p>\n<\/div>\n\n\n\n<div class=\"wp-block-column is-layout-flow wp-block-column-is-layout-flow\">\n<figure class=\"wp-block-image size-large is-resized is-style-rounded\"><img loading=\"lazy\" decoding=\"async\" src=\"https:\/\/integraltransformator.com\/wp-content\/uploads\/2021\/05\/heating-and-cooling.jpg\" alt=\"\" class=\"wp-image-153\" width=\"351\" height=\"251\" srcset=\"https:\/\/integraltransformator.com\/wp-content\/uploads\/2021\/05\/heating-and-cooling.jpg 700w, https:\/\/integraltransformator.com\/wp-content\/uploads\/2021\/05\/heating-and-cooling-300x214.jpg 300w\" sizes=\"auto, (max-width: 351px) 100vw, 351px\" \/><\/figure>\n\n\n\n<h4 class=\"wp-block-heading\"><a href=\"https:\/\/integraltransformator.com\/index.php\/otomasyon-sistemleri\/\" rel=\"nofollow\" title=\"https:\/\/integraltransformator.com\/index.php\/otomasyon-sistemleri\/\">Otomasyon Sistemleri<\/a><\/h4>\n\n\n\n<p>Otomasyon, ger\u00e7ekle\u015ftirilmek istenen bir i\u015fin makineyle birlikte ger\u00e7ekle\u015ftirilmesidir. Yani bir anlamda insan ve makine aras\u0131nda i\u015f payla\u015f\u0131m\u0131 yapmaya otomasyon denilmektedir.&nbsp;<\/p>\n<\/div>\n<\/div>\n\n\n\n<div class=\"wp-block-buttons alignwide is-content-justification-center is-layout-flex wp-block-buttons-is-layout-flex\">\n<div class=\"wp-block-button\"><a class=\"wp-block-button__link\" href=\"https:\/\/integraltransformator.com\/index.php\/iletisim\/\">Bize ula\u015f\u0131n<\/a><\/div>\n<\/div>\n<\/div><\/div>\n\n\n\n<div class=\"wp-block-cover alignfull has-background-dim has-background-gradient has-very-light-gray-to-cyan-bluish-gray-gradient-background\" style=\"min-height:200px;aspect-ratio:unset;\"><div class=\"wp-block-cover__inner-container is-layout-flow wp-block-cover-is-layout-flow\">\n<div class=\"wp-block-media-text is-stacked-on-mobile is-vertically-aligned-center\"><figure class=\"wp-block-media-text__media\"><img decoding=\"async\" src=\"https:\/\/integraltransformator.com\/wp-content\/uploads\/2021\/07\/unnamed-2.jpg\" alt=\"\" class=\"wp-image-437 size-full\"\/><\/figure><div class=\"wp-block-media-text__content\">\n<div class=\"wp-block-group\"><div class=\"wp-block-group__inner-container is-layout-flow wp-block-group-is-layout-flow\">\n<h2 class=\"has-text-align-center has-white-color has-text-color wp-block-heading\">Yard\u0131m etmek i\u00e7in burday\u0131z.<\/h2>\n\n\n\n<div class=\"wp-block-buttons is-content-justification-center is-layout-flex wp-block-buttons-is-layout-flex\">\n<div class=\"wp-block-button\"><a class=\"wp-block-button__link has-text-color has-background\" href=\"https:\/\/integraltransformator.com\/index.php\/iletisim\/\" style=\"background-color:#ffffff;color:#0f57fb\" target=\"_blank\" rel=\"noreferrer noopener\">Ula\u015fmak i\u00e7in t\u0131kla<\/a><\/div>\n<\/div>\n<\/div><\/div>\n<\/div><\/div>\n<\/div><\/div>\n","protected":false},"excerpt":{"rendered":"<p>Nas\u0131l yard\u0131m edebiliriz? Trafo Bak\u0131m Tamir Transformat\u00f6r, i\u015fletmemizde trafo tamir ve bak\u0131m hizmetleri, fabrika d\u0131\u015f\u0131nda ise m\u00fchendislik ve yerinde bak\u0131m hizmetleri sunmaktad\u0131r.&nbsp; Testler Da\u011f\u0131t\u0131m trafolar\u0131 ba\u015fta olmak \u00fczere sistemlerin ve fabrikalar\u0131n YG tesisleri, AG tesisleri, kablo testleri, termal \u00f6l\u00e7\u00fcmler, harmonik \u00f6l\u00e7\u00fcmler vb. hizmetleri sunmaktad\u0131r. YG \u0130\u015fletme Sorumlu\u011fu 1 kV \u00fcst\u00fc y\u00fcksek gerilim tesisine sahip her [&hellip;]<\/p>\n","protected":false},"author":1,"featured_media":0,"parent":0,"menu_order":0,"comment_status":"closed","ping_status":"closed","template":"","meta":{"om_disable_all_campaigns":false,"_monsterinsights_skip_tracking":false,"_monsterinsights_sitenote_active":false,"_monsterinsights_sitenote_note":"","_monsterinsights_sitenote_category":0,"site-sidebar-layout":"no-sidebar","site-content-layout":"plain-container","ast-site-content-layout":"default","site-content-style":"default","site-sidebar-style":"default","ast-global-header-display":"","ast-banner-title-visibility":"","ast-main-header-display":"","ast-hfb-above-header-display":"","ast-hfb-below-header-display":"","ast-hfb-mobile-header-display":"","site-post-title":"disabled","ast-breadcrumbs-content":"","ast-featured-img":"","footer-sml-layout":"","ast-disable-related-posts":"","theme-transparent-header-meta":"enabled","adv-header-id-meta":"","stick-header-meta":"","header-above-stick-meta":"","header-main-stick-meta":"","header-below-stick-meta":"","astra-migrate-meta-layouts":"default","ast-page-background-enabled":"default","ast-page-background-meta":{"desktop":{"background-color":"","background-image":"","background-repeat":"repeat","background-position":"center center","background-size":"auto","background-attachment":"scroll","background-type":"","background-media":"","overlay-type":"","overlay-color":"","overlay-opacity":"","overlay-gradient":""},"tablet":{"background-color":"","background-image":"","background-repeat":"repeat","background-position":"center center","background-size":"auto","background-attachment":"scroll","background-type":"","background-media":"","overlay-type":"","overlay-color":"","overlay-opacity":"","overlay-gradient":""},"mobile":{"background-color":"","background-image":"","background-repeat":"repeat","background-position":"center center","background-size":"auto","background-attachment":"scroll","background-type":"","background-media":"","overlay-type":"","overlay-color":"","overlay-opacity":"","overlay-gradient":""}},"ast-content-background-meta":{"desktop":{"background-color":"var(--ast-global-color-5)","background-image":"","background-repeat":"repeat","background-position":"center center","background-size":"auto","background-attachment":"scroll","background-type":"","background-media":"","overlay-type":"","overlay-color":"","overlay-opacity":"","overlay-gradient":""},"tablet":{"background-color":"var(--ast-global-color-5)","background-image":"","background-repeat":"repeat","background-position":"center center","background-size":"auto","background-attachment":"scroll","background-type":"","background-media":"","overlay-type":"","overlay-color":"","overlay-opacity":"","overlay-gradient":""},"mobile":{"background-color":"var(--ast-global-color-5)","background-image":"","background-repeat":"repeat","background-position":"center center","background-size":"auto","background-attachment":"scroll","background-type":"","background-media":"","overlay-type":"","overlay-color":"","overlay-opacity":"","overlay-gradient":""}},"footnotes":""},"class_list":["post-12","page","type-page","status-publish","hentry"],"aioseo_notices":[],"yoast_head":"<!-- This site is optimized with the Yoast SEO plugin v27.3 - https:\/\/yoast.com\/product\/yoast-seo-wordpress\/ -->\n<title>Hizmetlerimiz... -<\/title>\n<meta name=\"robots\" content=\"index, follow, max-snippet:-1, max-image-preview:large, max-video-preview:-1\" \/>\n<link rel=\"canonical\" href=\"https:\/\/integraltransformator.com\/index.php\/hizmetlerimiz\/\" \/>\n<meta property=\"og:locale\" content=\"tr_TR\" \/>\n<meta property=\"og:type\" content=\"article\" \/>\n<meta property=\"og:title\" content=\"Hizmetlerimiz... -\" \/>\n<meta property=\"og:description\" content=\"Nas\u0131l yard\u0131m edebiliriz? Trafo Bak\u0131m Tamir Transformat\u00f6r, i\u015fletmemizde trafo tamir ve bak\u0131m hizmetleri, fabrika d\u0131\u015f\u0131nda ise m\u00fchendislik ve yerinde bak\u0131m hizmetleri sunmaktad\u0131r.&nbsp; Testler Da\u011f\u0131t\u0131m trafolar\u0131 ba\u015fta olmak \u00fczere sistemlerin ve fabrikalar\u0131n YG tesisleri, AG tesisleri, kablo testleri, termal \u00f6l\u00e7\u00fcmler, harmonik \u00f6l\u00e7\u00fcmler vb. hizmetleri sunmaktad\u0131r. YG \u0130\u015fletme Sorumlu\u011fu 1 kV \u00fcst\u00fc y\u00fcksek gerilim tesisine sahip her [&hellip;]\" \/>\n<meta property=\"og:url\" content=\"https:\/\/integraltransformator.com\/index.php\/hizmetlerimiz\/\" \/>\n<meta property=\"article:modified_time\" content=\"2021-07-12T15:43:37+00:00\" \/>\n<meta property=\"og:image\" content=\"http:\/\/integraltransformator.com\/wp-content\/uploads\/2021\/07\/trafo1-1.jpg\" \/>\n<meta name=\"twitter:card\" content=\"summary_large_image\" \/>\n<meta name=\"twitter:label1\" content=\"Tahmini okuma s\u00fcresi\" \/>\n\t<meta name=\"twitter:data1\" content=\"3 dakika\" \/>\n<script type=\"application\/ld+json\" class=\"yoast-schema-graph\">{\"@context\":\"https:\\\/\\\/schema.org\",\"@graph\":[{\"@type\":\"WebPage\",\"@id\":\"https:\\\/\\\/integraltransformator.com\\\/index.php\\\/hizmetlerimiz\\\/\",\"url\":\"https:\\\/\\\/integraltransformator.com\\\/index.php\\\/hizmetlerimiz\\\/\",\"name\":\"Hizmetlerimiz... -\",\"isPartOf\":{\"@id\":\"https:\\\/\\\/integraltransformator.com\\\/#website\"},\"primaryImageOfPage\":{\"@id\":\"https:\\\/\\\/integraltransformator.com\\\/index.php\\\/hizmetlerimiz\\\/#primaryimage\"},\"image\":{\"@id\":\"https:\\\/\\\/integraltransformator.com\\\/index.php\\\/hizmetlerimiz\\\/#primaryimage\"},\"thumbnailUrl\":\"http:\\\/\\\/integraltransformator.com\\\/wp-content\\\/uploads\\\/2021\\\/07\\\/trafo1-1.jpg\",\"datePublished\":\"2021-05-13T05:31:27+00:00\",\"dateModified\":\"2021-07-12T15:43:37+00:00\",\"breadcrumb\":{\"@id\":\"https:\\\/\\\/integraltransformator.com\\\/index.php\\\/hizmetlerimiz\\\/#breadcrumb\"},\"inLanguage\":\"tr\",\"potentialAction\":[{\"@type\":\"ReadAction\",\"target\":[\"https:\\\/\\\/integraltransformator.com\\\/index.php\\\/hizmetlerimiz\\\/\"]}]},{\"@type\":\"ImageObject\",\"inLanguage\":\"tr\",\"@id\":\"https:\\\/\\\/integraltransformator.com\\\/index.php\\\/hizmetlerimiz\\\/#primaryimage\",\"url\":\"https:\\\/\\\/integraltransformator.com\\\/wp-content\\\/uploads\\\/2021\\\/07\\\/trafo1-1.jpg\",\"contentUrl\":\"https:\\\/\\\/integraltransformator.com\\\/wp-content\\\/uploads\\\/2021\\\/07\\\/trafo1-1.jpg\",\"width\":602,\"height\":616},{\"@type\":\"BreadcrumbList\",\"@id\":\"https:\\\/\\\/integraltransformator.com\\\/index.php\\\/hizmetlerimiz\\\/#breadcrumb\",\"itemListElement\":[{\"@type\":\"ListItem\",\"position\":1,\"name\":\"Anasayfa\",\"item\":\"https:\\\/\\\/integraltransformator.com\\\/\"},{\"@type\":\"ListItem\",\"position\":2,\"name\":\"Hizmetlerimiz&#8230;\"}]},{\"@type\":\"WebSite\",\"@id\":\"https:\\\/\\\/integraltransformator.com\\\/#website\",\"url\":\"https:\\\/\\\/integraltransformator.com\\\/\",\"name\":\"\u0130ntegral Transformat\u00f6r M\u00fchendislik\",\"description\":\"TRAFO MOB\u0130L SERV\u0130S \",\"publisher\":{\"@id\":\"https:\\\/\\\/integraltransformator.com\\\/#organization\"},\"potentialAction\":[{\"@type\":\"SearchAction\",\"target\":{\"@type\":\"EntryPoint\",\"urlTemplate\":\"https:\\\/\\\/integraltransformator.com\\\/?s={search_term_string}\"},\"query-input\":{\"@type\":\"PropertyValueSpecification\",\"valueRequired\":true,\"valueName\":\"search_term_string\"}}],\"inLanguage\":\"tr\"},{\"@type\":\"Organization\",\"@id\":\"https:\\\/\\\/integraltransformator.com\\\/#organization\",\"name\":\"\u0130ntegral Transformator M\u00fchendislik\",\"url\":\"https:\\\/\\\/integraltransformator.com\\\/\",\"logo\":{\"@type\":\"ImageObject\",\"inLanguage\":\"tr\",\"@id\":\"https:\\\/\\\/integraltransformator.com\\\/#\\\/schema\\\/logo\\\/image\\\/\",\"url\":\"http:\\\/\\\/integraltransformator.com\\\/wp-content\\\/uploads\\\/2021\\\/07\\\/cropped-cropped-logo.png\",\"contentUrl\":\"http:\\\/\\\/integraltransformator.com\\\/wp-content\\\/uploads\\\/2021\\\/07\\\/cropped-cropped-logo.png\",\"width\":512,\"height\":512,\"caption\":\"\u0130ntegral Transformator M\u00fchendislik\"},\"image\":{\"@id\":\"https:\\\/\\\/integraltransformator.com\\\/#\\\/schema\\\/logo\\\/image\\\/\"}}]}<\/script>\n<!-- \/ Yoast SEO plugin. -->","yoast_head_json":{"title":"Hizmetlerimiz... -","robots":{"index":"index","follow":"follow","max-snippet":"max-snippet:-1","max-image-preview":"max-image-preview:large","max-video-preview":"max-video-preview:-1"},"canonical":"https:\/\/integraltransformator.com\/index.php\/hizmetlerimiz\/","og_locale":"tr_TR","og_type":"article","og_title":"Hizmetlerimiz... -","og_description":"Nas\u0131l yard\u0131m edebiliriz? Trafo Bak\u0131m Tamir Transformat\u00f6r, i\u015fletmemizde trafo tamir ve bak\u0131m hizmetleri, fabrika d\u0131\u015f\u0131nda ise m\u00fchendislik ve yerinde bak\u0131m hizmetleri sunmaktad\u0131r.&nbsp; Testler Da\u011f\u0131t\u0131m trafolar\u0131 ba\u015fta olmak \u00fczere sistemlerin ve fabrikalar\u0131n YG tesisleri, AG tesisleri, kablo testleri, termal \u00f6l\u00e7\u00fcmler, harmonik \u00f6l\u00e7\u00fcmler vb. hizmetleri sunmaktad\u0131r. YG \u0130\u015fletme Sorumlu\u011fu 1 kV \u00fcst\u00fc y\u00fcksek gerilim tesisine sahip her [&hellip;]","og_url":"https:\/\/integraltransformator.com\/index.php\/hizmetlerimiz\/","article_modified_time":"2021-07-12T15:43:37+00:00","og_image":[{"url":"http:\/\/integraltransformator.com\/wp-content\/uploads\/2021\/07\/trafo1-1.jpg","type":"","width":"","height":""}],"twitter_card":"summary_large_image","twitter_misc":{"Tahmini okuma s\u00fcresi":"3 dakika"},"schema":{"@context":"https:\/\/schema.org","@graph":[{"@type":"WebPage","@id":"https:\/\/integraltransformator.com\/index.php\/hizmetlerimiz\/","url":"https:\/\/integraltransformator.com\/index.php\/hizmetlerimiz\/","name":"Hizmetlerimiz... -","isPartOf":{"@id":"https:\/\/integraltransformator.com\/#website"},"primaryImageOfPage":{"@id":"https:\/\/integraltransformator.com\/index.php\/hizmetlerimiz\/#primaryimage"},"image":{"@id":"https:\/\/integraltransformator.com\/index.php\/hizmetlerimiz\/#primaryimage"},"thumbnailUrl":"http:\/\/integraltransformator.com\/wp-content\/uploads\/2021\/07\/trafo1-1.jpg","datePublished":"2021-05-13T05:31:27+00:00","dateModified":"2021-07-12T15:43:37+00:00","breadcrumb":{"@id":"https:\/\/integraltransformator.com\/index.php\/hizmetlerimiz\/#breadcrumb"},"inLanguage":"tr","potentialAction":[{"@type":"ReadAction","target":["https:\/\/integraltransformator.com\/index.php\/hizmetlerimiz\/"]}]},{"@type":"ImageObject","inLanguage":"tr","@id":"https:\/\/integraltransformator.com\/index.php\/hizmetlerimiz\/#primaryimage","url":"https:\/\/integraltransformator.com\/wp-content\/uploads\/2021\/07\/trafo1-1.jpg","contentUrl":"https:\/\/integraltransformator.com\/wp-content\/uploads\/2021\/07\/trafo1-1.jpg","width":602,"height":616},{"@type":"BreadcrumbList","@id":"https:\/\/integraltransformator.com\/index.php\/hizmetlerimiz\/#breadcrumb","itemListElement":[{"@type":"ListItem","position":1,"name":"Anasayfa","item":"https:\/\/integraltransformator.com\/"},{"@type":"ListItem","position":2,"name":"Hizmetlerimiz&#8230;"}]},{"@type":"WebSite","@id":"https:\/\/integraltransformator.com\/#website","url":"https:\/\/integraltransformator.com\/","name":"\u0130ntegral Transformat\u00f6r M\u00fchendislik","description":"TRAFO MOB\u0130L SERV\u0130S ","publisher":{"@id":"https:\/\/integraltransformator.com\/#organization"},"potentialAction":[{"@type":"SearchAction","target":{"@type":"EntryPoint","urlTemplate":"https:\/\/integraltransformator.com\/?s={search_term_string}"},"query-input":{"@type":"PropertyValueSpecification","valueRequired":true,"valueName":"search_term_string"}}],"inLanguage":"tr"},{"@type":"Organization","@id":"https:\/\/integraltransformator.com\/#organization","name":"\u0130ntegral Transformator M\u00fchendislik","url":"https:\/\/integraltransformator.com\/","logo":{"@type":"ImageObject","inLanguage":"tr","@id":"https:\/\/integraltransformator.com\/#\/schema\/logo\/image\/","url":"http:\/\/integraltransformator.com\/wp-content\/uploads\/2021\/07\/cropped-cropped-logo.png","contentUrl":"http:\/\/integraltransformator.com\/wp-content\/uploads\/2021\/07\/cropped-cropped-logo.png","width":512,"height":512,"caption":"\u0130ntegral Transformator M\u00fchendislik"},"image":{"@id":"https:\/\/integraltransformator.com\/#\/schema\/logo\/image\/"}}]}},"_links":{"self":[{"href":"https:\/\/integraltransformator.com\/index.php\/wp-json\/wp\/v2\/pages\/12","targetHints":{"allow":["GET"]}}],"collection":[{"href":"https:\/\/integraltransformator.com\/index.php\/wp-json\/wp\/v2\/pages"}],"about":[{"href":"https:\/\/integraltransformator.com\/index.php\/wp-json\/wp\/v2\/types\/page"}],"author":[{"embeddable":true,"href":"https:\/\/integraltransformator.com\/index.php\/wp-json\/wp\/v2\/users\/1"}],"replies":[{"embeddable":true,"href":"https:\/\/integraltransformator.com\/index.php\/wp-json\/wp\/v2\/comments?post=12"}],"version-history":[{"count":38,"href":"https:\/\/integraltransformator.com\/index.php\/wp-json\/wp\/v2\/pages\/12\/revisions"}],"predecessor-version":[{"id":647,"href":"https:\/\/integraltransformator.com\/index.php\/wp-json\/wp\/v2\/pages\/12\/revisions\/647"}],"wp:attachment":[{"href":"https:\/\/integraltransformator.com\/index.php\/wp-json\/wp\/v2\/media?parent=12"}],"curies":[{"name":"wp","href":"https:\/\/api.w.org\/{rel}","templated":true}]}}