{"id":11,"date":"2021-05-13T05:31:27","date_gmt":"2021-05-13T05:31:27","guid":{"rendered":"http:\/\/integraltransformator.com\/index.php\/about\/"},"modified":"2021-11-11T17:43:57","modified_gmt":"2021-11-11T17:43:57","slug":"about","status":"publish","type":"page","link":"https:\/\/integraltransformator.com\/index.php\/about\/","title":{"rendered":"Hakk\u0131m\u0131zda"},"content":{"rendered":"\n<p><\/p>\n\n\n\n<p><strong>\u0130ntegral Trafo M\u00fchendislik San. ve Tic. Ltd. \u015eti<\/strong><\/p>\n\n\n\n<p>\u0130ntegral Trafo, Transformat\u00f6rler hakk\u0131nda deneyimli, kaliteli ve profesyonel m\u00fchendislik \u00e7\u00f6z\u00fcmleri sunabilmektedir.<\/p>\n\n\n\n<p>2021 y\u0131l\u0131nda itibaren M\u00fchendislik hizmetini, Akdeniz b\u00f6lgesinde faliyet g\u00f6stermek amac\u0131 ile kurulmu\u015ftur.<\/p>\n\n\n\n<p>\u0130ntegral M\u00fchendislik, Antalya merkezli bir transformat\u00f6r bak\u0131m ve imalat yapabilen ve servis ve destek olarakta T\u00fcrkiye\u2019nin \u00e7e\u015fitli b\u00f6lgeleri hizmet vermektedir.<\/p>\n\n\n\n<p>\u0130ntegral trafo, giri\u015fimci gen\u00e7 ekibiyle AG-YG sistemlerinin test ve devreye almak ve sorunlar\u0131 \u00e7\u00f6z\u00fcme ula\u015ft\u0131rmak \u00fczere \u00e7e\u015fitli m\u00fchendislik alanlar\u0131nda hizmet vermektedir.<\/p>\n\n\n\n<div class=\"wp-block-cover aligncenter has-cyan-bluish-gray-background-color has-background-dim\" style=\"min-height:400px;aspect-ratio:unset;\"><img loading=\"lazy\" decoding=\"async\" width=\"1300\" height=\"813\" class=\"wp-block-cover__image-background wp-image-455\" alt=\"\" src=\"https:\/\/integraltransformator.com\/wp-content\/uploads\/2021\/07\/energ-edited.jpg\" data-object-fit=\"cover\" srcset=\"https:\/\/integraltransformator.com\/wp-content\/uploads\/2021\/07\/energ-edited.jpg 1300w, https:\/\/integraltransformator.com\/wp-content\/uploads\/2021\/07\/energ-edited-300x188.jpg 300w, https:\/\/integraltransformator.com\/wp-content\/uploads\/2021\/07\/energ-edited-1024x640.jpg 1024w, https:\/\/integraltransformator.com\/wp-content\/uploads\/2021\/07\/energ-edited-768x480.jpg 768w\" sizes=\"auto, (max-width: 1300px) 100vw, 1300px\" \/><div class=\"wp-block-cover__inner-container is-layout-flow wp-block-cover-is-layout-flow\">\n<p class=\"has-white-color has-black-background-color has-text-color has-background\">M\u00dcHEND\u0130SL\u0130KTE S\u00dcPERV\u0130Z\u00d6R\u00dcN\u00dcZ<\/p>\n<\/div><\/div>\n\n\n\n<h2 class=\"has-normal-font-size wp-block-heading\">Biz kimiz?<\/h2>\n\n\n\n<ul class=\"wp-block-list\"><li>7\/24 kesintisiz servis ve bak\u0131m hizmeti<\/li><li>\u0130\u015f sa\u011fl\u0131\u011f\u0131 ve g\u00fcvenli\u011fi kriterlerine uygulamak<\/li><li>Proje \u00e7\u00f6z\u00fcmleri<\/li><li>M\u00fc\u015fteri isteklerini de\u011ferlendirme<\/li><\/ul>\n\n\n\n<h2 class=\"has-normal-font-size wp-block-heading\">Ne t\u00fcr hizmetler veriyoruz<\/h2>\n\n\n\n<ul class=\"wp-block-list\"><li>Trafo Bak\u0131m ve Tamir Hizmetleri<\/li><li>Trafo Tretman Hizmetleri<\/li><li>Proje ve Dan\u0131\u015fmanl\u0131k Hizmetleri<\/li><li>Otomasyon Sistemleri Hizmetleri<\/li><li>Elektrik Periyodik Kontrol Hizmetleri<\/li><li>Test Hizmetleri<\/li><li>Periyodik Bak\u0131m Hizmetleri<\/li><\/ul>\n\n\n\n<p><\/p>\n","protected":false},"excerpt":{"rendered":"<p>\u0130ntegral Trafo M\u00fchendislik San. ve Tic. Ltd. \u015eti \u0130ntegral Trafo, Transformat\u00f6rler hakk\u0131nda deneyimli, kaliteli ve profesyonel m\u00fchendislik \u00e7\u00f6z\u00fcmleri sunabilmektedir. 2021 y\u0131l\u0131nda itibaren M\u00fchendislik hizmetini, Akdeniz b\u00f6lgesinde faliyet g\u00f6stermek amac\u0131 ile kurulmu\u015ftur. \u0130ntegral M\u00fchendislik, Antalya merkezli bir transformat\u00f6r bak\u0131m ve imalat yapabilen ve servis ve destek olarakta T\u00fcrkiye\u2019nin \u00e7e\u015fitli b\u00f6lgeleri hizmet vermektedir. \u0130ntegral trafo, giri\u015fimci gen\u00e7 [&hellip;]<\/p>\n","protected":false},"author":1,"featured_media":0,"parent":0,"menu_order":0,"comment_status":"closed","ping_status":"closed","template":"","meta":{"om_disable_all_campaigns":false,"_monsterinsights_skip_tracking":false,"_monsterinsights_sitenote_active":false,"_monsterinsights_sitenote_note":"","_monsterinsights_sitenote_category":0,"site-sidebar-layout":"no-sidebar","site-content-layout":"plain-container","ast-site-content-layout":"default","site-content-style":"default","site-sidebar-style":"default","ast-global-header-display":"","ast-banner-title-visibility":"","ast-main-header-display":"","ast-hfb-above-header-display":"","ast-hfb-below-header-display":"","ast-hfb-mobile-header-display":"","site-post-title":"","ast-breadcrumbs-content":"","ast-featured-img":"","footer-sml-layout":"","ast-disable-related-posts":"","theme-transparent-header-meta":"enabled","adv-header-id-meta":"","stick-header-meta":"","header-above-stick-meta":"","header-main-stick-meta":"","header-below-stick-meta":"","astra-migrate-meta-layouts":"default","ast-page-background-enabled":"default","ast-page-background-meta":{"desktop":{"background-color":"","background-image":"","background-repeat":"repeat","background-position":"center center","background-size":"auto","background-attachment":"scroll","background-type":"","background-media":"","overlay-type":"","overlay-color":"","overlay-opacity":"","overlay-gradient":""},"tablet":{"background-color":"","background-image":"","background-repeat":"repeat","background-position":"center center","background-size":"auto","background-attachment":"scroll","background-type":"","background-media":"","overlay-type":"","overlay-color":"","overlay-opacity":"","overlay-gradient":""},"mobile":{"background-color":"","background-image":"","background-repeat":"repeat","background-position":"center center","background-size":"auto","background-attachment":"scroll","background-type":"","background-media":"","overlay-type":"","overlay-color":"","overlay-opacity":"","overlay-gradient":""}},"ast-content-background-meta":{"desktop":{"background-color":"var(--ast-global-color-5)","background-image":"","background-repeat":"repeat","background-position":"center center","background-size":"auto","background-attachment":"scroll","background-type":"","background-media":"","overlay-type":"","overlay-color":"","overlay-opacity":"","overlay-gradient":""},"tablet":{"background-color":"var(--ast-global-color-5)","background-image":"","background-repeat":"repeat","background-position":"center center","background-size":"auto","background-attachment":"scroll","background-type":"","background-media":"","overlay-type":"","overlay-color":"","overlay-opacity":"","overlay-gradient":""},"mobile":{"background-color":"var(--ast-global-color-5)","background-image":"","background-repeat":"repeat","background-position":"center center","background-size":"auto","background-attachment":"scroll","background-type":"","background-media":"","overlay-type":"","overlay-color":"","overlay-opacity":"","overlay-gradient":""}},"footnotes":""},"class_list":["post-11","page","type-page","status-publish","hentry"],"aioseo_notices":[],"yoast_head":"<!-- This site is optimized with the Yoast SEO plugin v27.4 - https:\/\/yoast.com\/product\/yoast-seo-wordpress\/ -->\n<title>Hakk\u0131m\u0131zda -<\/title>\n<meta name=\"robots\" content=\"index, follow, max-snippet:-1, max-image-preview:large, max-video-preview:-1\" \/>\n<link rel=\"canonical\" href=\"https:\/\/integraltransformator.com\/index.php\/about\/\" \/>\n<meta property=\"og:locale\" content=\"tr_TR\" \/>\n<meta property=\"og:type\" content=\"article\" \/>\n<meta property=\"og:title\" content=\"Hakk\u0131m\u0131zda -\" \/>\n<meta property=\"og:description\" content=\"\u0130ntegral Trafo M\u00fchendislik San. ve Tic. Ltd. \u015eti \u0130ntegral Trafo, Transformat\u00f6rler hakk\u0131nda deneyimli, kaliteli ve profesyonel m\u00fchendislik \u00e7\u00f6z\u00fcmleri sunabilmektedir. 2021 y\u0131l\u0131nda itibaren M\u00fchendislik hizmetini, Akdeniz b\u00f6lgesinde faliyet g\u00f6stermek amac\u0131 ile kurulmu\u015ftur. \u0130ntegral M\u00fchendislik, Antalya merkezli bir transformat\u00f6r bak\u0131m ve imalat yapabilen ve servis ve destek olarakta T\u00fcrkiye\u2019nin \u00e7e\u015fitli b\u00f6lgeleri hizmet vermektedir. \u0130ntegral trafo, giri\u015fimci gen\u00e7 [&hellip;]\" \/>\n<meta property=\"og:url\" content=\"https:\/\/integraltransformator.com\/index.php\/about\/\" \/>\n<meta property=\"article:modified_time\" content=\"2021-11-11T17:43:57+00:00\" \/>\n<meta property=\"og:image\" content=\"http:\/\/integraltransformator.com\/wp-content\/uploads\/2021\/07\/energ-edited.jpg\" \/>\n<meta name=\"twitter:card\" content=\"summary_large_image\" \/>\n<meta name=\"twitter:label1\" content=\"Tahmini okuma s\u00fcresi\" \/>\n\t<meta name=\"twitter:data1\" content=\"1 dakika\" \/>\n<script type=\"application\/ld+json\" class=\"yoast-schema-graph\">{\"@context\":\"https:\\\/\\\/schema.org\",\"@graph\":[{\"@type\":\"WebPage\",\"@id\":\"https:\\\/\\\/integraltransformator.com\\\/index.php\\\/about\\\/\",\"url\":\"https:\\\/\\\/integraltransformator.com\\\/index.php\\\/about\\\/\",\"name\":\"Hakk\u0131m\u0131zda -\",\"isPartOf\":{\"@id\":\"https:\\\/\\\/integraltransformator.com\\\/#website\"},\"primaryImageOfPage\":{\"@id\":\"https:\\\/\\\/integraltransformator.com\\\/index.php\\\/about\\\/#primaryimage\"},\"image\":{\"@id\":\"https:\\\/\\\/integraltransformator.com\\\/index.php\\\/about\\\/#primaryimage\"},\"thumbnailUrl\":\"http:\\\/\\\/integraltransformator.com\\\/wp-content\\\/uploads\\\/2021\\\/07\\\/energ-edited.jpg\",\"datePublished\":\"2021-05-13T05:31:27+00:00\",\"dateModified\":\"2021-11-11T17:43:57+00:00\",\"breadcrumb\":{\"@id\":\"https:\\\/\\\/integraltransformator.com\\\/index.php\\\/about\\\/#breadcrumb\"},\"inLanguage\":\"tr\",\"potentialAction\":[{\"@type\":\"ReadAction\",\"target\":[\"https:\\\/\\\/integraltransformator.com\\\/index.php\\\/about\\\/\"]}]},{\"@type\":\"ImageObject\",\"inLanguage\":\"tr\",\"@id\":\"https:\\\/\\\/integraltransformator.com\\\/index.php\\\/about\\\/#primaryimage\",\"url\":\"https:\\\/\\\/integraltransformator.com\\\/wp-content\\\/uploads\\\/2021\\\/07\\\/energ-edited.jpg\",\"contentUrl\":\"https:\\\/\\\/integraltransformator.com\\\/wp-content\\\/uploads\\\/2021\\\/07\\\/energ-edited.jpg\",\"width\":1300,\"height\":813,\"caption\":\"Engineer meeting for architectural project and working with partner engineering on workplace\"},{\"@type\":\"BreadcrumbList\",\"@id\":\"https:\\\/\\\/integraltransformator.com\\\/index.php\\\/about\\\/#breadcrumb\",\"itemListElement\":[{\"@type\":\"ListItem\",\"position\":1,\"name\":\"Anasayfa\",\"item\":\"https:\\\/\\\/integraltransformator.com\\\/\"},{\"@type\":\"ListItem\",\"position\":2,\"name\":\"Hakk\u0131m\u0131zda\"}]},{\"@type\":\"WebSite\",\"@id\":\"https:\\\/\\\/integraltransformator.com\\\/#website\",\"url\":\"https:\\\/\\\/integraltransformator.com\\\/\",\"name\":\"\u0130ntegral Transformat\u00f6r M\u00fchendislik\",\"description\":\"TRAFO MOB\u0130L SERV\u0130S \",\"publisher\":{\"@id\":\"https:\\\/\\\/integraltransformator.com\\\/#organization\"},\"potentialAction\":[{\"@type\":\"SearchAction\",\"target\":{\"@type\":\"EntryPoint\",\"urlTemplate\":\"https:\\\/\\\/integraltransformator.com\\\/?s={search_term_string}\"},\"query-input\":{\"@type\":\"PropertyValueSpecification\",\"valueRequired\":true,\"valueName\":\"search_term_string\"}}],\"inLanguage\":\"tr\"},{\"@type\":\"Organization\",\"@id\":\"https:\\\/\\\/integraltransformator.com\\\/#organization\",\"name\":\"\u0130ntegral Transformator M\u00fchendislik\",\"url\":\"https:\\\/\\\/integraltransformator.com\\\/\",\"logo\":{\"@type\":\"ImageObject\",\"inLanguage\":\"tr\",\"@id\":\"https:\\\/\\\/integraltransformator.com\\\/#\\\/schema\\\/logo\\\/image\\\/\",\"url\":\"http:\\\/\\\/integraltransformator.com\\\/wp-content\\\/uploads\\\/2021\\\/07\\\/cropped-cropped-logo.png\",\"contentUrl\":\"http:\\\/\\\/integraltransformator.com\\\/wp-content\\\/uploads\\\/2021\\\/07\\\/cropped-cropped-logo.png\",\"width\":512,\"height\":512,\"caption\":\"\u0130ntegral Transformator M\u00fchendislik\"},\"image\":{\"@id\":\"https:\\\/\\\/integraltransformator.com\\\/#\\\/schema\\\/logo\\\/image\\\/\"}}]}<\/script>\n<!-- \/ Yoast SEO plugin. -->","yoast_head_json":{"title":"Hakk\u0131m\u0131zda -","robots":{"index":"index","follow":"follow","max-snippet":"max-snippet:-1","max-image-preview":"max-image-preview:large","max-video-preview":"max-video-preview:-1"},"canonical":"https:\/\/integraltransformator.com\/index.php\/about\/","og_locale":"tr_TR","og_type":"article","og_title":"Hakk\u0131m\u0131zda -","og_description":"\u0130ntegral Trafo M\u00fchendislik San. ve Tic. Ltd. \u015eti \u0130ntegral Trafo, Transformat\u00f6rler hakk\u0131nda deneyimli, kaliteli ve profesyonel m\u00fchendislik \u00e7\u00f6z\u00fcmleri sunabilmektedir. 2021 y\u0131l\u0131nda itibaren M\u00fchendislik hizmetini, Akdeniz b\u00f6lgesinde faliyet g\u00f6stermek amac\u0131 ile kurulmu\u015ftur. \u0130ntegral M\u00fchendislik, Antalya merkezli bir transformat\u00f6r bak\u0131m ve imalat yapabilen ve servis ve destek olarakta T\u00fcrkiye\u2019nin \u00e7e\u015fitli b\u00f6lgeleri hizmet vermektedir. \u0130ntegral trafo, giri\u015fimci gen\u00e7 [&hellip;]","og_url":"https:\/\/integraltransformator.com\/index.php\/about\/","article_modified_time":"2021-11-11T17:43:57+00:00","og_image":[{"url":"http:\/\/integraltransformator.com\/wp-content\/uploads\/2021\/07\/energ-edited.jpg","type":"","width":"","height":""}],"twitter_card":"summary_large_image","twitter_misc":{"Tahmini okuma s\u00fcresi":"1 dakika"},"schema":{"@context":"https:\/\/schema.org","@graph":[{"@type":"WebPage","@id":"https:\/\/integraltransformator.com\/index.php\/about\/","url":"https:\/\/integraltransformator.com\/index.php\/about\/","name":"Hakk\u0131m\u0131zda -","isPartOf":{"@id":"https:\/\/integraltransformator.com\/#website"},"primaryImageOfPage":{"@id":"https:\/\/integraltransformator.com\/index.php\/about\/#primaryimage"},"image":{"@id":"https:\/\/integraltransformator.com\/index.php\/about\/#primaryimage"},"thumbnailUrl":"http:\/\/integraltransformator.com\/wp-content\/uploads\/2021\/07\/energ-edited.jpg","datePublished":"2021-05-13T05:31:27+00:00","dateModified":"2021-11-11T17:43:57+00:00","breadcrumb":{"@id":"https:\/\/integraltransformator.com\/index.php\/about\/#breadcrumb"},"inLanguage":"tr","potentialAction":[{"@type":"ReadAction","target":["https:\/\/integraltransformator.com\/index.php\/about\/"]}]},{"@type":"ImageObject","inLanguage":"tr","@id":"https:\/\/integraltransformator.com\/index.php\/about\/#primaryimage","url":"https:\/\/integraltransformator.com\/wp-content\/uploads\/2021\/07\/energ-edited.jpg","contentUrl":"https:\/\/integraltransformator.com\/wp-content\/uploads\/2021\/07\/energ-edited.jpg","width":1300,"height":813,"caption":"Engineer meeting for architectural project and working with partner engineering on workplace"},{"@type":"BreadcrumbList","@id":"https:\/\/integraltransformator.com\/index.php\/about\/#breadcrumb","itemListElement":[{"@type":"ListItem","position":1,"name":"Anasayfa","item":"https:\/\/integraltransformator.com\/"},{"@type":"ListItem","position":2,"name":"Hakk\u0131m\u0131zda"}]},{"@type":"WebSite","@id":"https:\/\/integraltransformator.com\/#website","url":"https:\/\/integraltransformator.com\/","name":"\u0130ntegral Transformat\u00f6r M\u00fchendislik","description":"TRAFO MOB\u0130L SERV\u0130S ","publisher":{"@id":"https:\/\/integraltransformator.com\/#organization"},"potentialAction":[{"@type":"SearchAction","target":{"@type":"EntryPoint","urlTemplate":"https:\/\/integraltransformator.com\/?s={search_term_string}"},"query-input":{"@type":"PropertyValueSpecification","valueRequired":true,"valueName":"search_term_string"}}],"inLanguage":"tr"},{"@type":"Organization","@id":"https:\/\/integraltransformator.com\/#organization","name":"\u0130ntegral Transformator M\u00fchendislik","url":"https:\/\/integraltransformator.com\/","logo":{"@type":"ImageObject","inLanguage":"tr","@id":"https:\/\/integraltransformator.com\/#\/schema\/logo\/image\/","url":"http:\/\/integraltransformator.com\/wp-content\/uploads\/2021\/07\/cropped-cropped-logo.png","contentUrl":"http:\/\/integraltransformator.com\/wp-content\/uploads\/2021\/07\/cropped-cropped-logo.png","width":512,"height":512,"caption":"\u0130ntegral Transformator M\u00fchendislik"},"image":{"@id":"https:\/\/integraltransformator.com\/#\/schema\/logo\/image\/"}}]}},"_links":{"self":[{"href":"https:\/\/integraltransformator.com\/index.php\/wp-json\/wp\/v2\/pages\/11","targetHints":{"allow":["GET"]}}],"collection":[{"href":"https:\/\/integraltransformator.com\/index.php\/wp-json\/wp\/v2\/pages"}],"about":[{"href":"https:\/\/integraltransformator.com\/index.php\/wp-json\/wp\/v2\/types\/page"}],"author":[{"embeddable":true,"href":"https:\/\/integraltransformator.com\/index.php\/wp-json\/wp\/v2\/users\/1"}],"replies":[{"embeddable":true,"href":"https:\/\/integraltransformator.com\/index.php\/wp-json\/wp\/v2\/comments?post=11"}],"version-history":[{"count":14,"href":"https:\/\/integraltransformator.com\/index.php\/wp-json\/wp\/v2\/pages\/11\/revisions"}],"predecessor-version":[{"id":739,"href":"https:\/\/integraltransformator.com\/index.php\/wp-json\/wp\/v2\/pages\/11\/revisions\/739"}],"wp:attachment":[{"href":"https:\/\/integraltransformator.com\/index.php\/wp-json\/wp\/v2\/media?parent=11"}],"curies":[{"name":"wp","href":"https:\/\/api.w.org\/{rel}","templated":true}]}}