{"id":10,"date":"2021-05-13T05:31:27","date_gmt":"2021-05-13T05:31:27","guid":{"rendered":"http:\/\/integraltransformator.com\/index.php\/home\/"},"modified":"2021-07-12T15:35:31","modified_gmt":"2021-07-12T15:35:31","slug":"home","status":"publish","type":"page","link":"https:\/\/integraltransformator.com\/","title":{"rendered":"Anasayfa"},"content":{"rendered":"\n<p>Her alanda yapm\u0131\u015f oldu\u011fumuz \u00e7al\u0131\u015fmalar sizleri ve \u00e7evreyi d\u00fc\u015f\u00fcnerek yapmaktay\u0131z. Yapt\u0131\u011f\u0131m\u0131z i\u015fin m\u00fchendislik ilkelerine g\u00f6re yap\u0131lmaktad\u0131r.<\/p>\n\n\n\n<div class=\"wp-block-columns is-layout-flex wp-container-core-columns-is-layout-28f84493 wp-block-columns-is-layout-flex\">\n<div class=\"wp-block-column is-layout-flow wp-block-column-is-layout-flow\" style=\"flex-basis:100%\">\n<div class=\"wp-block-columns is-layout-flex wp-container-core-columns-is-layout-28f84493 wp-block-columns-is-layout-flex\">\n<div class=\"wp-block-column is-layout-flow wp-block-column-is-layout-flow\" style=\"flex-basis:100%\">\n<div class=\"wp-block-group\"><div class=\"wp-block-group__inner-container is-layout-flow wp-block-group-is-layout-flow\">\n<div class=\"wp-block-cover has-background-dim has-background-gradient has-very-light-gray-to-cyan-bluish-gray-gradient-background\" style=\"min-height:520px;aspect-ratio:unset;\"><div class=\"wp-block-cover__inner-container is-layout-flow wp-block-cover-is-layout-flow\">\n<div class=\"wp-block-media-text alignwide has-media-on-the-right is-stacked-on-mobile is-vertically-aligned-center\" style=\"grid-template-columns:auto 46%\"><figure class=\"wp-block-media-text__media\"><img decoding=\"async\" src=\"https:\/\/integraltransformator.com\/wp-content\/uploads\/2021\/07\/unnamed-2.jpg\" alt=\"\" class=\"wp-image-437 size-full\"\/><\/figure><div class=\"wp-block-media-text__content\">\n<p><\/p>\n\n\n\n<h1 class=\"has-black-color has-text-color wp-block-heading\">G\u00fcc\u00fcn\u00fcze Sahip \u00c7\u0131k\u0131yoruz&#8230;<\/h1>\n\n\n\n<p class=\"has-black-color has-text-color\">Her alanda yapm\u0131\u015f oldu\u011fumuz \u00e7al\u0131\u015fmalar sizleri ve \u00e7evreyi d\u00fc\u015f\u00fcnerek yapmaktay\u0131z. Yapt\u0131\u011f\u0131m\u0131z i\u015fin m\u00fchendislik ilkelerine g\u00f6re yap\u0131lmaktad\u0131r.<\/p>\n<\/div><\/div>\n\n\n\n<p class=\"has-medium-font-size\"><\/p>\n<\/div><\/div>\n<\/div><\/div>\n<\/div>\n<\/div>\n<\/div>\n<\/div>\n\n\n\n<div class=\"wp-block-group alignfull\"><div class=\"wp-block-group__inner-container is-layout-flow wp-block-group-is-layout-flow\">\n<div class=\"wp-block-media-text alignwide is-stacked-on-mobile\" style=\"grid-template-columns:53% auto\"><figure class=\"wp-block-media-text__media\"><img loading=\"lazy\" decoding=\"async\" width=\"555\" height=\"286\" src=\"https:\/\/integraltransformator.com\/wp-content\/uploads\/2021\/07\/Trafo-Test.png\" alt=\"\" class=\"wp-image-573 size-full\" srcset=\"https:\/\/integraltransformator.com\/wp-content\/uploads\/2021\/07\/Trafo-Test.png 555w, https:\/\/integraltransformator.com\/wp-content\/uploads\/2021\/07\/Trafo-Test-300x155.png 300w\" sizes=\"auto, (max-width: 555px) 100vw, 555px\" \/><\/figure><div class=\"wp-block-media-text__content\">\n<h5 class=\"wp-block-heading\"><br>Biz Kimiz<\/h5>\n\n\n\n<h2 class=\"wp-block-heading\">Her T\u00fcrl\u00fc  Teknik Sorunu \u00c7\u00f6zen Tam Hizmetli M\u00fchendislik \u015eirketi<\/h2>\n\n\n\n<p>Tesisinizde olu\u015facak sorunlar\u0131 tecr\u00fcbeli m\u00fchendislerimiz ile yerinde ve an\u0131nda m\u00fcdahale yaparak \u00e7\u00f6z\u00fcme kovu\u015fturuyoruz. <\/p>\n\n\n\n<div class=\"wp-block-buttons is-layout-flex wp-block-buttons-is-layout-flex\"><\/div>\n<\/div><\/div>\n\n\n\n<div style=\"height:68px\" aria-hidden=\"true\" class=\"wp-block-spacer\"><\/div>\n\n\n\n<h2 class=\"has-text-align-center wp-block-heading\">Size Nas\u0131l Yard\u0131m Edebiliriz?<\/h2>\n\n\n\n<div class=\"wp-block-columns alignwide is-layout-flex wp-container-core-columns-is-layout-28f84493 wp-block-columns-is-layout-flex\">\n<div class=\"wp-block-column is-layout-flow wp-block-column-is-layout-flow\">\n<figure class=\"wp-block-image size-large is-style-rounded\"><img loading=\"lazy\" decoding=\"async\" width=\"602\" height=\"616\" src=\"https:\/\/integraltransformator.com\/wp-content\/uploads\/2021\/07\/trafo1-1.jpg\" alt=\"\" class=\"wp-image-330\" srcset=\"https:\/\/integraltransformator.com\/wp-content\/uploads\/2021\/07\/trafo1-1.jpg 602w, https:\/\/integraltransformator.com\/wp-content\/uploads\/2021\/07\/trafo1-1-293x300.jpg 293w\" sizes=\"auto, (max-width: 602px) 100vw, 602px\" \/><\/figure>\n\n\n\n<h4 class=\"wp-block-heading\"><a href=\"https:\/\/integraltransformator.com\/index.php\/trafo-tamiri-ve-bakim-islemi\/\" target=\"_blank\" rel=\"noreferrer noopener\">Trafo Bak\u0131m Tamir<\/a><\/h4>\n\n\n\n<p>Transformat\u00f6r, i\u015fletmemizde trafo tamir ve bak\u0131m hizmetleri, fabrika d\u0131\u015f\u0131nda ise m\u00fchendislik ve yerinde bak\u0131m hizmetleri sunmaktad\u0131r.&nbsp;<\/p>\n<\/div>\n\n\n\n<div class=\"wp-block-column is-layout-flow wp-block-column-is-layout-flow\">\n<figure class=\"wp-block-image size-large is-style-rounded\"><img loading=\"lazy\" decoding=\"async\" width=\"656\" height=\"655\" src=\"https:\/\/integraltransformator.com\/wp-content\/uploads\/2021\/07\/trans-el.com-slider-tr_26-2.jpg\" alt=\"\" class=\"wp-image-388\" srcset=\"https:\/\/integraltransformator.com\/wp-content\/uploads\/2021\/07\/trans-el.com-slider-tr_26-2.jpg 656w, https:\/\/integraltransformator.com\/wp-content\/uploads\/2021\/07\/trans-el.com-slider-tr_26-2-300x300.jpg 300w, https:\/\/integraltransformator.com\/wp-content\/uploads\/2021\/07\/trans-el.com-slider-tr_26-2-150x150.jpg 150w\" sizes=\"auto, (max-width: 656px) 100vw, 656px\" \/><\/figure>\n\n\n\n<h4 class=\"wp-block-heading\"><a href=\"https:\/\/integraltransformator.com\/index.php\/trafo-rutin-testler\/\" target=\"_blank\" rel=\"noreferrer noopener\" title=\"https:\/\/integraltransformator.com\/index.php\/trafo-rutin-testler\/\">Testler<\/a><\/h4>\n\n\n\n<p>Da\u011f\u0131t\u0131m trafolar\u0131 ba\u015fta olmak \u00fczere sistemlerin ve fabrikalar\u0131n YG tesisleri, AG tesisleri, kablo testleri, termal \u00f6l\u00e7\u00fcmler, harmonik \u00f6l\u00e7\u00fcmler vb. hizmetleri sunmaktad\u0131r.<\/p>\n<\/div>\n\n\n\n<div class=\"wp-block-column is-layout-flow wp-block-column-is-layout-flow\">\n<figure class=\"wp-block-image size-large is-style-rounded\"><img loading=\"lazy\" decoding=\"async\" width=\"532\" height=\"533\" src=\"https:\/\/integraltransformator.com\/wp-content\/uploads\/2021\/07\/yksekg-edited.png\" alt=\"\" class=\"wp-image-396\" srcset=\"https:\/\/integraltransformator.com\/wp-content\/uploads\/2021\/07\/yksekg-edited.png 532w, https:\/\/integraltransformator.com\/wp-content\/uploads\/2021\/07\/yksekg-edited-300x300.png 300w, https:\/\/integraltransformator.com\/wp-content\/uploads\/2021\/07\/yksekg-edited-150x150.png 150w\" sizes=\"auto, (max-width: 532px) 100vw, 532px\" \/><\/figure>\n\n\n\n<h4 class=\"wp-block-heading\"><a href=\"https:\/\/integraltransformator.com\/index.php\/yg-isletme-sorumlugu\/\" target=\"_blank\" rel=\"noreferrer noopener\" title=\"https:\/\/integraltransformator.com\/index.php\/yg-isletme-sorumlugu\/\">YG \u0130\u015fletme Sorumlu\u011fu<\/a><\/h4>\n\n\n\n<p>1 kV \u00fcst\u00fc y\u00fcksek gerilim tesisine sahip her firma, Elektrik M\u00fchendisleri Odas\u0131n\u0131n haz\u0131rlam\u0131\u015f oldu\u011fu 18.03.04 tarihinde 25406 say\u0131l\u0131 Resmi Gazete\u2018de yay\u0131mlanarak y\u00fcr\u00fcrl\u00fc\u011fe girmi\u015f Elektrik Y\u00fcksek Gerilim Tesislerinde \u0130\u015fletme Sorumlulu\u011fu Y\u00f6netmeli\u011fi\u2019ne g\u00f6re&nbsp;Y\u00fcksek Gerilim \u0130\u015fletme Sorumlulu\u011fu hizmeti almak zorundad\u0131r.<\/p>\n<\/div>\n<\/div>\n\n\n\n<div class=\"wp-block-buttons is-content-justification-center is-layout-flex wp-block-buttons-is-layout-flex\">\n<div class=\"wp-block-button\"><a class=\"wp-block-button__link\" href=\"https:\/\/integraltransformator.com\/index.php\/hizmetlerimiz\/\">Hizmetlerimiz<\/a><\/div>\n<\/div>\n<\/div><\/div>\n\n\n\n<div class=\"wp-block-media-text has-media-on-the-right is-stacked-on-mobile is-vertically-aligned-center has-black-color has-very-light-gray-to-cyan-bluish-gray-gradient-background has-text-color has-background\"><figure class=\"wp-block-media-text__media\"><img decoding=\"async\" src=\"https:\/\/integraltransformator.com\/wp-content\/uploads\/2021\/07\/unnamed-2.jpg\" alt=\"\" class=\"wp-image-437 size-full\"\/><\/figure><div class=\"wp-block-media-text__content\">\n<div class=\"wp-block-group\"><div class=\"wp-block-group__inner-container is-layout-flow wp-block-group-is-layout-flow\">\n<h2 class=\"has-text-align-center has-black-color has-text-color wp-block-heading\">Acil Durum?<\/h2>\n\n\n\n<p class=\"has-text-align-center has-black-color has-text-color\">YG tesislerinde olu\u015fan sorunlar\u0131 piratik ve do\u011fru \u00e7\u00f6z\u00fcmler ile kar\u015f\u0131n\u0131zday\u0131z.<\/p>\n\n\n\n<div class=\"wp-block-buttons is-content-justification-center is-layout-flex wp-block-buttons-is-layout-flex\">\n<div class=\"wp-block-button\"><a class=\"wp-block-button__link has-black-color has-pale-ocean-gradient-background has-text-color has-background\" href=\"#5\">0538 282 1733<\/a><\/div>\n<\/div>\n<\/div><\/div>\n<\/div><\/div>\n\n\n\n<p><\/p>\n","protected":false},"excerpt":{"rendered":"<p>Her alanda yapm\u0131\u015f oldu\u011fumuz \u00e7al\u0131\u015fmalar sizleri ve \u00e7evreyi d\u00fc\u015f\u00fcnerek yapmaktay\u0131z. Yapt\u0131\u011f\u0131m\u0131z i\u015fin m\u00fchendislik ilkelerine g\u00f6re yap\u0131lmaktad\u0131r. Biz Kimiz Her T\u00fcrl\u00fc Teknik Sorunu \u00c7\u00f6zen Tam Hizmetli M\u00fchendislik \u015eirketi Tesisinizde olu\u015facak sorunlar\u0131 tecr\u00fcbeli m\u00fchendislerimiz ile yerinde ve an\u0131nda m\u00fcdahale yaparak \u00e7\u00f6z\u00fcme kovu\u015fturuyoruz. Size Nas\u0131l Yard\u0131m Edebiliriz? Trafo Bak\u0131m Tamir Transformat\u00f6r, i\u015fletmemizde trafo tamir ve bak\u0131m hizmetleri, fabrika [&hellip;]<\/p>\n","protected":false},"author":1,"featured_media":0,"parent":0,"menu_order":0,"comment_status":"closed","ping_status":"closed","template":"","meta":{"om_disable_all_campaigns":false,"_monsterinsights_skip_tracking":false,"_monsterinsights_sitenote_active":false,"_monsterinsights_sitenote_note":"","_monsterinsights_sitenote_category":0,"site-sidebar-layout":"no-sidebar","site-content-layout":"plain-container","ast-site-content-layout":"default","site-content-style":"default","site-sidebar-style":"default","ast-global-header-display":"","ast-banner-title-visibility":"","ast-main-header-display":"","ast-hfb-above-header-display":"","ast-hfb-below-header-display":"","ast-hfb-mobile-header-display":"","site-post-title":"disabled","ast-breadcrumbs-content":"","ast-featured-img":"","footer-sml-layout":"","ast-disable-related-posts":"","theme-transparent-header-meta":"default","adv-header-id-meta":"","stick-header-meta":"","header-above-stick-meta":"","header-main-stick-meta":"","header-below-stick-meta":"","astra-migrate-meta-layouts":"default","ast-page-background-enabled":"default","ast-page-background-meta":{"desktop":{"background-color":"","background-image":"","background-repeat":"repeat","background-position":"center center","background-size":"auto","background-attachment":"scroll","background-type":"","background-media":"","overlay-type":"","overlay-color":"","overlay-opacity":"","overlay-gradient":""},"tablet":{"background-color":"","background-image":"","background-repeat":"repeat","background-position":"center center","background-size":"auto","background-attachment":"scroll","background-type":"","background-media":"","overlay-type":"","overlay-color":"","overlay-opacity":"","overlay-gradient":""},"mobile":{"background-color":"","background-image":"","background-repeat":"repeat","background-position":"center center","background-size":"auto","background-attachment":"scroll","background-type":"","background-media":"","overlay-type":"","overlay-color":"","overlay-opacity":"","overlay-gradient":""}},"ast-content-background-meta":{"desktop":{"background-color":"var(--ast-global-color-5)","background-image":"","background-repeat":"repeat","background-position":"center center","background-size":"auto","background-attachment":"scroll","background-type":"","background-media":"","overlay-type":"","overlay-color":"","overlay-opacity":"","overlay-gradient":""},"tablet":{"background-color":"var(--ast-global-color-5)","background-image":"","background-repeat":"repeat","background-position":"center center","background-size":"auto","background-attachment":"scroll","background-type":"","background-media":"","overlay-type":"","overlay-color":"","overlay-opacity":"","overlay-gradient":""},"mobile":{"background-color":"var(--ast-global-color-5)","background-image":"","background-repeat":"repeat","background-position":"center center","background-size":"auto","background-attachment":"scroll","background-type":"","background-media":"","overlay-type":"","overlay-color":"","overlay-opacity":"","overlay-gradient":""}},"footnotes":""},"class_list":["post-10","page","type-page","status-publish","hentry"],"aioseo_notices":[],"yoast_head":"<!-- This site is optimized with the Yoast SEO plugin v27.3 - https:\/\/yoast.com\/product\/yoast-seo-wordpress\/ -->\n<title>Anasayfa -<\/title>\n<meta name=\"description\" content=\"Transformat\u00f6r, i\u015fletmemizde trafo tamir ve bak\u0131m hizmetleri, fabrika d\u0131\u015f\u0131nda ise m\u00fchendislik ve yerinde bak\u0131m hizmetleri sunmaktad\u0131r. TRAFO\" \/>\n<meta name=\"robots\" content=\"index, follow, max-snippet:-1, max-image-preview:large, max-video-preview:-1\" \/>\n<link rel=\"canonical\" href=\"https:\/\/integraltransformator.com\/\" \/>\n<meta property=\"og:locale\" content=\"tr_TR\" \/>\n<meta property=\"og:type\" content=\"article\" \/>\n<meta property=\"og:title\" content=\"Anasayfa -\" \/>\n<meta property=\"og:description\" content=\"Transformat\u00f6r, i\u015fletmemizde trafo tamir ve bak\u0131m hizmetleri, fabrika d\u0131\u015f\u0131nda ise m\u00fchendislik ve yerinde bak\u0131m hizmetleri sunmaktad\u0131r. TRAFO\" \/>\n<meta property=\"og:url\" content=\"https:\/\/integraltransformator.com\/\" \/>\n<meta property=\"article:modified_time\" content=\"2021-07-12T15:35:31+00:00\" \/>\n<meta property=\"og:image\" content=\"http:\/\/integraltransformator.com\/wp-content\/uploads\/2021\/07\/unnamed-2.jpg\" \/>\n<meta name=\"twitter:card\" content=\"summary_large_image\" \/>\n<meta name=\"twitter:label1\" content=\"Tahmini okuma s\u00fcresi\" \/>\n\t<meta name=\"twitter:data1\" content=\"2 dakika\" \/>\n<script type=\"application\/ld+json\" class=\"yoast-schema-graph\">{\"@context\":\"https:\\\/\\\/schema.org\",\"@graph\":[{\"@type\":\"WebPage\",\"@id\":\"https:\\\/\\\/integraltransformator.com\\\/\",\"url\":\"https:\\\/\\\/integraltransformator.com\\\/\",\"name\":\"Anasayfa -\",\"isPartOf\":{\"@id\":\"https:\\\/\\\/integraltransformator.com\\\/#website\"},\"primaryImageOfPage\":{\"@id\":\"https:\\\/\\\/integraltransformator.com\\\/#primaryimage\"},\"image\":{\"@id\":\"https:\\\/\\\/integraltransformator.com\\\/#primaryimage\"},\"thumbnailUrl\":\"http:\\\/\\\/integraltransformator.com\\\/wp-content\\\/uploads\\\/2021\\\/07\\\/unnamed-2.jpg\",\"datePublished\":\"2021-05-13T05:31:27+00:00\",\"dateModified\":\"2021-07-12T15:35:31+00:00\",\"description\":\"Transformat\u00f6r, i\u015fletmemizde trafo tamir ve bak\u0131m hizmetleri, fabrika d\u0131\u015f\u0131nda ise m\u00fchendislik ve yerinde bak\u0131m hizmetleri sunmaktad\u0131r. TRAFO\",\"breadcrumb\":{\"@id\":\"https:\\\/\\\/integraltransformator.com\\\/#breadcrumb\"},\"inLanguage\":\"tr\",\"potentialAction\":[{\"@type\":\"ReadAction\",\"target\":[\"https:\\\/\\\/integraltransformator.com\\\/\"]}]},{\"@type\":\"ImageObject\",\"inLanguage\":\"tr\",\"@id\":\"https:\\\/\\\/integraltransformator.com\\\/#primaryimage\",\"url\":\"https:\\\/\\\/integraltransformator.com\\\/wp-content\\\/uploads\\\/2021\\\/07\\\/unnamed-2-e1628228665575.jpg\",\"contentUrl\":\"https:\\\/\\\/integraltransformator.com\\\/wp-content\\\/uploads\\\/2021\\\/07\\\/unnamed-2-e1628228665575.jpg\",\"width\":299,\"height\":200},{\"@type\":\"BreadcrumbList\",\"@id\":\"https:\\\/\\\/integraltransformator.com\\\/#breadcrumb\",\"itemListElement\":[{\"@type\":\"ListItem\",\"position\":1,\"name\":\"Anasayfa\",\"item\":\"https:\\\/\\\/integraltransformator.com\\\/\"},{\"@type\":\"ListItem\",\"position\":2,\"name\":\"Anasayfa\"}]},{\"@type\":\"WebSite\",\"@id\":\"https:\\\/\\\/integraltransformator.com\\\/#website\",\"url\":\"https:\\\/\\\/integraltransformator.com\\\/\",\"name\":\"\u0130ntegral Transformat\u00f6r M\u00fchendislik\",\"description\":\"TRAFO MOB\u0130L SERV\u0130S \",\"publisher\":{\"@id\":\"https:\\\/\\\/integraltransformator.com\\\/#organization\"},\"potentialAction\":[{\"@type\":\"SearchAction\",\"target\":{\"@type\":\"EntryPoint\",\"urlTemplate\":\"https:\\\/\\\/integraltransformator.com\\\/?s={search_term_string}\"},\"query-input\":{\"@type\":\"PropertyValueSpecification\",\"valueRequired\":true,\"valueName\":\"search_term_string\"}}],\"inLanguage\":\"tr\"},{\"@type\":\"Organization\",\"@id\":\"https:\\\/\\\/integraltransformator.com\\\/#organization\",\"name\":\"\u0130ntegral Transformator M\u00fchendislik\",\"url\":\"https:\\\/\\\/integraltransformator.com\\\/\",\"logo\":{\"@type\":\"ImageObject\",\"inLanguage\":\"tr\",\"@id\":\"https:\\\/\\\/integraltransformator.com\\\/#\\\/schema\\\/logo\\\/image\\\/\",\"url\":\"http:\\\/\\\/integraltransformator.com\\\/wp-content\\\/uploads\\\/2021\\\/07\\\/cropped-cropped-logo.png\",\"contentUrl\":\"http:\\\/\\\/integraltransformator.com\\\/wp-content\\\/uploads\\\/2021\\\/07\\\/cropped-cropped-logo.png\",\"width\":512,\"height\":512,\"caption\":\"\u0130ntegral Transformator M\u00fchendislik\"},\"image\":{\"@id\":\"https:\\\/\\\/integraltransformator.com\\\/#\\\/schema\\\/logo\\\/image\\\/\"}}]}<\/script>\n<!-- \/ Yoast SEO plugin. -->","yoast_head_json":{"title":"Anasayfa -","description":"Transformat\u00f6r, i\u015fletmemizde trafo tamir ve bak\u0131m hizmetleri, fabrika d\u0131\u015f\u0131nda ise m\u00fchendislik ve yerinde bak\u0131m hizmetleri sunmaktad\u0131r. TRAFO","robots":{"index":"index","follow":"follow","max-snippet":"max-snippet:-1","max-image-preview":"max-image-preview:large","max-video-preview":"max-video-preview:-1"},"canonical":"https:\/\/integraltransformator.com\/","og_locale":"tr_TR","og_type":"article","og_title":"Anasayfa -","og_description":"Transformat\u00f6r, i\u015fletmemizde trafo tamir ve bak\u0131m hizmetleri, fabrika d\u0131\u015f\u0131nda ise m\u00fchendislik ve yerinde bak\u0131m hizmetleri sunmaktad\u0131r. TRAFO","og_url":"https:\/\/integraltransformator.com\/","article_modified_time":"2021-07-12T15:35:31+00:00","og_image":[{"url":"http:\/\/integraltransformator.com\/wp-content\/uploads\/2021\/07\/unnamed-2.jpg","type":"","width":"","height":""}],"twitter_card":"summary_large_image","twitter_misc":{"Tahmini okuma s\u00fcresi":"2 dakika"},"schema":{"@context":"https:\/\/schema.org","@graph":[{"@type":"WebPage","@id":"https:\/\/integraltransformator.com\/","url":"https:\/\/integraltransformator.com\/","name":"Anasayfa -","isPartOf":{"@id":"https:\/\/integraltransformator.com\/#website"},"primaryImageOfPage":{"@id":"https:\/\/integraltransformator.com\/#primaryimage"},"image":{"@id":"https:\/\/integraltransformator.com\/#primaryimage"},"thumbnailUrl":"http:\/\/integraltransformator.com\/wp-content\/uploads\/2021\/07\/unnamed-2.jpg","datePublished":"2021-05-13T05:31:27+00:00","dateModified":"2021-07-12T15:35:31+00:00","description":"Transformat\u00f6r, i\u015fletmemizde trafo tamir ve bak\u0131m hizmetleri, fabrika d\u0131\u015f\u0131nda ise m\u00fchendislik ve yerinde bak\u0131m hizmetleri sunmaktad\u0131r. TRAFO","breadcrumb":{"@id":"https:\/\/integraltransformator.com\/#breadcrumb"},"inLanguage":"tr","potentialAction":[{"@type":"ReadAction","target":["https:\/\/integraltransformator.com\/"]}]},{"@type":"ImageObject","inLanguage":"tr","@id":"https:\/\/integraltransformator.com\/#primaryimage","url":"https:\/\/integraltransformator.com\/wp-content\/uploads\/2021\/07\/unnamed-2-e1628228665575.jpg","contentUrl":"https:\/\/integraltransformator.com\/wp-content\/uploads\/2021\/07\/unnamed-2-e1628228665575.jpg","width":299,"height":200},{"@type":"BreadcrumbList","@id":"https:\/\/integraltransformator.com\/#breadcrumb","itemListElement":[{"@type":"ListItem","position":1,"name":"Anasayfa","item":"https:\/\/integraltransformator.com\/"},{"@type":"ListItem","position":2,"name":"Anasayfa"}]},{"@type":"WebSite","@id":"https:\/\/integraltransformator.com\/#website","url":"https:\/\/integraltransformator.com\/","name":"\u0130ntegral Transformat\u00f6r M\u00fchendislik","description":"TRAFO MOB\u0130L SERV\u0130S ","publisher":{"@id":"https:\/\/integraltransformator.com\/#organization"},"potentialAction":[{"@type":"SearchAction","target":{"@type":"EntryPoint","urlTemplate":"https:\/\/integraltransformator.com\/?s={search_term_string}"},"query-input":{"@type":"PropertyValueSpecification","valueRequired":true,"valueName":"search_term_string"}}],"inLanguage":"tr"},{"@type":"Organization","@id":"https:\/\/integraltransformator.com\/#organization","name":"\u0130ntegral Transformator M\u00fchendislik","url":"https:\/\/integraltransformator.com\/","logo":{"@type":"ImageObject","inLanguage":"tr","@id":"https:\/\/integraltransformator.com\/#\/schema\/logo\/image\/","url":"http:\/\/integraltransformator.com\/wp-content\/uploads\/2021\/07\/cropped-cropped-logo.png","contentUrl":"http:\/\/integraltransformator.com\/wp-content\/uploads\/2021\/07\/cropped-cropped-logo.png","width":512,"height":512,"caption":"\u0130ntegral Transformator M\u00fchendislik"},"image":{"@id":"https:\/\/integraltransformator.com\/#\/schema\/logo\/image\/"}}]}},"_links":{"self":[{"href":"https:\/\/integraltransformator.com\/index.php\/wp-json\/wp\/v2\/pages\/10","targetHints":{"allow":["GET"]}}],"collection":[{"href":"https:\/\/integraltransformator.com\/index.php\/wp-json\/wp\/v2\/pages"}],"about":[{"href":"https:\/\/integraltransformator.com\/index.php\/wp-json\/wp\/v2\/types\/page"}],"author":[{"embeddable":true,"href":"https:\/\/integraltransformator.com\/index.php\/wp-json\/wp\/v2\/users\/1"}],"replies":[{"embeddable":true,"href":"https:\/\/integraltransformator.com\/index.php\/wp-json\/wp\/v2\/comments?post=10"}],"version-history":[{"count":32,"href":"https:\/\/integraltransformator.com\/index.php\/wp-json\/wp\/v2\/pages\/10\/revisions"}],"predecessor-version":[{"id":937,"href":"https:\/\/integraltransformator.com\/index.php\/wp-json\/wp\/v2\/pages\/10\/revisions\/937"}],"wp:attachment":[{"href":"https:\/\/integraltransformator.com\/index.php\/wp-json\/wp\/v2\/media?parent=10"}],"curies":[{"name":"wp","href":"https:\/\/api.w.org\/{rel}","templated":true}]}}